{"id":15549,"date":"2026-02-24T13:16:53","date_gmt":"2026-02-24T19:16:53","guid":{"rendered":"https:\/\/www.nabcoentrances.com\/service\/avis-de-non-responsabilite\/"},"modified":"2026-03-24T11:09:40","modified_gmt":"2026-03-24T16:09:40","slug":"avis-de-non-responsabilite","status":"publish","type":"page","link":"https:\/\/www.nabcoentrances.com\/fr\/service\/avis-de-non-responsabilite\/","title":{"rendered":"Avis de non-responsabilit\u00e9"},"content":{"rendered":"\t\t<div data-elementor-type=\"wp-page\" data-elementor-id=\"15549\" class=\"elementor elementor-15549 elementor-15418\">\n\t\t\t\t<div class=\"elementor-element elementor-element-52a19f80 e-flex e-con-boxed e-con e-parent\" data-id=\"52a19f80\" data-element_type=\"container\" data-e-type=\"container\">\n\t\t\t\t\t<div class=\"e-con-inner\">\n\t\t\t\t<div class=\"elementor-element elementor-element-3cbc79c elementor-widget elementor-widget-heading\" data-id=\"3cbc79c\" data-element_type=\"widget\" data-e-type=\"widget\" data-widget_type=\"heading.default\">\n\t\t\t\t<div class=\"elementor-widget-container\">\n\t\t\t\t\t<h2 class=\"elementor-heading-title elementor-size-default\">Avis de non-responsabilit\u00e9<\/h2>\t\t\t\t<\/div>\n\t\t\t\t<\/div>\n\t\t\t\t<div class=\"elementor-element elementor-element-5dd3ccf6 elementor-widget elementor-widget-text-editor\" data-id=\"5dd3ccf6\" data-element_type=\"widget\" data-e-type=\"widget\" data-widget_type=\"text-editor.default\">\n\t\t\t\t<div class=\"elementor-widget-container\">\n\t\t\t\t\t\t\t\t\t\n<p>Les informations et le mat\u00e9riel contenus dans les manuels, guides et instructions du programme (les &#8220;Manuels&#8221;) sont fournis \u00e0 des fins d&#8217;instruction et en tant que guide g\u00e9n\u00e9ral uniquement ; certaines applications et installations varient cependant et peuvent n\u00e9cessiter des \u00e9tapes suppl\u00e9mentaires. Les Manuels sont destin\u00e9s \u00e0 \u00eatre utilis\u00e9s par des techniciens qualifi\u00e9s et certifi\u00e9s par l&#8217;American Association of Automatic Door Manufacturers (&#8220;AAADM&#8221;), habilit\u00e9s \u00e0 effectuer les installations n\u00e9cessaires sur les produits de NABCO Entrances, Inc. (&#8220;NABCO&#8221;). Les informations contenues dans les Manuels ne pr\u00e9tendent pas couvrir tous les d\u00e9tails ou variations des produits NABCO et ne pr\u00e9tendent pas pr\u00e9voir toutes les \u00e9ventualit\u00e9s possibles rencontr\u00e9es lors de l&#8217;installation, du fonctionnement ou de l&#8217;entretien. Les manuels ne sont pas destin\u00e9s \u00e0 remplacer les conseils d&#8217;un technicien comp\u00e9tent, qualifi\u00e9 et certifi\u00e9 par l&#8217;AADM.<\/p>\n\n\n\n<p>NABCO d\u00e9cline par la pr\u00e9sente toute responsabilit\u00e9 envers toute partie pour tout dommage direct, indirect, implicite, punitif, sp\u00e9cial, accessoire ou autre, y compris les dommages cons\u00e9cutifs, d\u00e9coulant directement ou indirectement de l&#8217;utilisation ou de la confiance accord\u00e9e aux Manuels, qui sont fournis en l&#8217;\u00e9tat et sans garantie. NABCO ne garantit pas les performances ou l&#8217;efficacit\u00e9 des manuels, y compris, mais sans s&#8217;y limiter, l&#8217;installation des produits NABCO, r\u00e9f\u00e9renc\u00e9s ou d\u00e9crits dans toute partie des manuels. <\/p>\n\n\n\n<p><\/p>\n\t\t\t\t\t\t\t\t<\/div>\n\t\t\t\t<\/div>\n\t\t\t\t\t<\/div>\n\t\t\t\t<\/div>\n\t\t\t\t<\/div>\n\t\t","protected":false},"excerpt":{"rendered":"<p>Avis de non-responsabilit\u00e9 Les informations et le mat\u00e9riel contenus dans les manuels, guides et instructions du programme (les &#8220;Manuels&#8221;) sont [&hellip;]<\/p>\n","protected":false},"author":1350,"featured_media":0,"parent":14677,"menu_order":0,"comment_status":"closed","ping_status":"closed","template":"","meta":{"_acf_changed":false,"om_disable_all_campaigns":false,"_monsterinsights_skip_tracking":false,"_monsterinsights_sitenote_active":false,"_monsterinsights_sitenote_note":"","_monsterinsights_sitenote_category":0,"site-sidebar-layout":"default","site-content-layout":"","ast-site-content-layout":"default","site-content-style":"default","site-sidebar-style":"default","ast-global-header-display":"","ast-banner-title-visibility":"","ast-main-header-display":"","ast-hfb-above-header-display":"","ast-hfb-below-header-display":"","ast-hfb-mobile-header-display":"","site-post-title":"","ast-breadcrumbs-content":"","ast-featured-img":"","footer-sml-layout":"","theme-transparent-header-meta":"","adv-header-id-meta":"","stick-header-meta":"","header-above-stick-meta":"","header-main-stick-meta":"","header-below-stick-meta":"","astra-migrate-meta-layouts":"default","ast-page-background-enabled":"default","ast-page-background-meta":{"desktop":{"background-color":"var(--ast-global-color-5)","background-image":"","background-repeat":"repeat","background-position":"center center","background-size":"auto","background-attachment":"scroll","background-type":"","background-media":"","overlay-type":"","overlay-color":"","overlay-opacity":"","overlay-gradient":""},"tablet":{"background-color":"","background-image":"","background-repeat":"repeat","background-position":"center center","background-size":"auto","background-attachment":"scroll","background-type":"","background-media":"","overlay-type":"","overlay-color":"","overlay-opacity":"","overlay-gradient":""},"mobile":{"background-color":"","background-image":"","background-repeat":"repeat","background-position":"center center","background-size":"auto","background-attachment":"scroll","background-type":"","background-media":"","overlay-type":"","overlay-color":"","overlay-opacity":"","overlay-gradient":""}},"ast-content-background-meta":{"desktop":{"background-color":"var(--ast-global-color-4)","background-image":"","background-repeat":"repeat","background-position":"center center","background-size":"auto","background-attachment":"scroll","background-type":"","background-media":"","overlay-type":"","overlay-color":"","overlay-opacity":"","overlay-gradient":""},"tablet":{"background-color":"var(--ast-global-color-4)","background-image":"","background-repeat":"repeat","background-position":"center center","background-size":"auto","background-attachment":"scroll","background-type":"","background-media":"","overlay-type":"","overlay-color":"","overlay-opacity":"","overlay-gradient":""},"mobile":{"background-color":"var(--ast-global-color-4)","background-image":"","background-repeat":"repeat","background-position":"center center","background-size":"auto","background-attachment":"scroll","background-type":"","background-media":"","overlay-type":"","overlay-color":"","overlay-opacity":"","overlay-gradient":""}},"jetpack_post_was_ever_published":false,"footnotes":"","_links_to":"","_links_to_target":""},"class_list":["post-15549","page","type-page","status-publish","hentry"],"acf":[],"aioseo_notices":[],"jetpack_sharing_enabled":true,"jetpack_shortlink":"https:\/\/wp.me\/P9ZnXU-42N","_links":{"self":[{"href":"https:\/\/www.nabcoentrances.com\/fr\/wp-json\/wp\/v2\/pages\/15549","targetHints":{"allow":["GET"]}}],"collection":[{"href":"https:\/\/www.nabcoentrances.com\/fr\/wp-json\/wp\/v2\/pages"}],"about":[{"href":"https:\/\/www.nabcoentrances.com\/fr\/wp-json\/wp\/v2\/types\/page"}],"author":[{"embeddable":true,"href":"https:\/\/www.nabcoentrances.com\/fr\/wp-json\/wp\/v2\/users\/1350"}],"replies":[{"embeddable":true,"href":"https:\/\/www.nabcoentrances.com\/fr\/wp-json\/wp\/v2\/comments?post=15549"}],"version-history":[{"count":0,"href":"https:\/\/www.nabcoentrances.com\/fr\/wp-json\/wp\/v2\/pages\/15549\/revisions"}],"up":[{"embeddable":true,"href":"https:\/\/www.nabcoentrances.com\/fr\/wp-json\/wp\/v2\/pages\/14677"}],"wp:attachment":[{"href":"https:\/\/www.nabcoentrances.com\/fr\/wp-json\/wp\/v2\/media?parent=15549"}],"curies":[{"name":"wp","href":"https:\/\/api.w.org\/{rel}","templated":true}]}}