{"id":14682,"date":"2015-10-07T12:51:36","date_gmt":"2015-10-07T17:51:36","guid":{"rendered":"https:\/\/www.nabcoentrances.com\/ressources-architecturales\/references-de-lindustrie\/"},"modified":"2026-03-24T11:10:19","modified_gmt":"2026-03-24T16:10:19","slug":"references-de-lindustrie","status":"publish","type":"page","link":"https:\/\/www.nabcoentrances.com\/fr\/ressources-architecturales\/references-de-lindustrie\/","title":{"rendered":"R\u00e9f\u00e9rences de l&#8217;industrie"},"content":{"rendered":"<h3>AAADM &#8211; Association am\u00e9ricaine des fabricants de portes automatiques<\/h3>\n<p>L&#8217;<a href=\"http:\/\/aaadm.com\/architects\" target=\"_blank\" rel=\"noopener\">American Association of Automatic Door Manufacturers (AAADM)<\/a> est une association commerciale de fabricants de portes automatiques motoris\u00e9es cr\u00e9\u00e9e en 1994 pour sensibiliser le public aux portes automatiques et administrer un programme de certification des inspecteurs de portes automatiques.<\/p>\n<h3>ANSI &#8211; American National Standards Institute (Institut national am\u00e9ricain de normalisation)<\/h3>\n<p>L&#8217;<a href=\"http:\/\/ansi.org\/\" target=\"_blank\" rel=\"noopener\">American National Standards Institute (ANSI)<\/a> permet \u00e0 ses membres et \u00e0 ses adh\u00e9rents de renforcer la position du march\u00e9 am\u00e9ricain dans l&#8217;\u00e9conomie mondiale tout en contribuant \u00e0 garantir la s\u00e9curit\u00e9 et la sant\u00e9 des consommateurs et la protection de l&#8217;environnement.<\/p>\n<h3>BHMA &#8211; Association des fabricants de quincaillerie pour le b\u00e2timent<\/h3>\n<p>La <a href=\"http:\/\/www.buildershardware.com\/\" target=\"_blank\" rel=\"noopener\">Builders Hardware Manufacturers Association (BHMA)<\/a> est l&#8217;association professionnelle des fabricants nord-am\u00e9ricains de quincaillerie commerciale. La BHMA participe \u00e0 l&#8217;\u00e9laboration de normes, de codes et de r\u00e9glementations en mati\u00e8re de s\u00e9curit\u00e9 des personnes, ainsi qu&#8217;\u00e0 d&#8217;autres activit\u00e9s ayant un impact sp\u00e9cifique sur la quincaillerie de b\u00e2timent. <\/p>\n<h3>ICC &#8211; Conseil international du code<\/h3>\n<p>L&#8217;<a href=\"http:\/\/www.iccsafe.org\/\" target=\"_blank\" rel=\"noopener\">International Code Council<\/a> est une association centr\u00e9e sur ses membres. Elle se consacre \u00e0 l&#8217;\u00e9laboration de codes et de normes types utilis\u00e9s dans les processus de conception, de construction et de mise en conformit\u00e9 pour construire des structures s\u00fbres, durables, abordables et r\u00e9silientes. La plupart des collectivit\u00e9s am\u00e9ricaines et de nombreux march\u00e9s mondiaux choisissent les codes internationaux.  <\/p>\n<h3>NFPA &#8211; National Fire Protection Association (Association nationale de protection contre l&#8217;incendie)<\/h3>\n<p>Premier d\u00e9fenseur mondial de la pr\u00e9vention des incendies et source faisant autorit\u00e9 en mati\u00e8re de s\u00e9curit\u00e9 publique, la <a href=\"http:\/\/www.nfpa.org\/\" target=\"_blank\" rel=\"noopener\">NFPA<\/a> \u00e9labore, publie et diffuse plus de 300 codes et normes consensuels destin\u00e9s \u00e0 minimiser la possibilit\u00e9 et les effets des incendies et autres risques.<\/p>\n","protected":false},"excerpt":{"rendered":"<p>AAADM &#8211; Association am\u00e9ricaine des fabricants de portes automatiques L&#8217;American Association of Automatic Door Manufacturers (AAADM) est une association commerciale [&hellip;]<\/p>\n","protected":false},"author":2,"featured_media":0,"parent":14576,"menu_order":6,"comment_status":"closed","ping_status":"closed","template":"","meta":{"_acf_changed":false,"om_disable_all_campaigns":false,"_monsterinsights_skip_tracking":false,"_monsterinsights_sitenote_active":false,"_monsterinsights_sitenote_note":"","_monsterinsights_sitenote_category":0,"site-sidebar-layout":"default","site-content-layout":"","ast-site-content-layout":"default","site-content-style":"default","site-sidebar-style":"default","ast-global-header-display":"","ast-banner-title-visibility":"","ast-main-header-display":"","ast-hfb-above-header-display":"","ast-hfb-below-header-display":"","ast-hfb-mobile-header-display":"","site-post-title":"","ast-breadcrumbs-content":"","ast-featured-img":"","footer-sml-layout":"","theme-transparent-header-meta":"","adv-header-id-meta":"","stick-header-meta":"","header-above-stick-meta":"","header-main-stick-meta":"","header-below-stick-meta":"","astra-migrate-meta-layouts":"default","ast-page-background-enabled":"default","ast-page-background-meta":{"desktop":{"background-color":"var(--ast-global-color-5)","background-image":"","background-repeat":"repeat","background-position":"center center","background-size":"auto","background-attachment":"scroll","background-type":"","background-media":"","overlay-type":"","overlay-color":"","overlay-opacity":"","overlay-gradient":""},"tablet":{"background-color":"","background-image":"","background-repeat":"repeat","background-position":"center center","background-size":"auto","background-attachment":"scroll","background-type":"","background-media":"","overlay-type":"","overlay-color":"","overlay-opacity":"","overlay-gradient":""},"mobile":{"background-color":"","background-image":"","background-repeat":"repeat","background-position":"center center","background-size":"auto","background-attachment":"scroll","background-type":"","background-media":"","overlay-type":"","overlay-color":"","overlay-opacity":"","overlay-gradient":""}},"ast-content-background-meta":{"desktop":{"background-color":"var(--ast-global-color-4)","background-image":"","background-repeat":"repeat","background-position":"center center","background-size":"auto","background-attachment":"scroll","background-type":"","background-media":"","overlay-type":"","overlay-color":"","overlay-opacity":"","overlay-gradient":""},"tablet":{"background-color":"var(--ast-global-color-4)","background-image":"","background-repeat":"repeat","background-position":"center center","background-size":"auto","background-attachment":"scroll","background-type":"","background-media":"","overlay-type":"","overlay-color":"","overlay-opacity":"","overlay-gradient":""},"mobile":{"background-color":"var(--ast-global-color-4)","background-image":"","background-repeat":"repeat","background-position":"center center","background-size":"auto","background-attachment":"scroll","background-type":"","background-media":"","overlay-type":"","overlay-color":"","overlay-opacity":"","overlay-gradient":""}},"jetpack_post_was_ever_published":false,"footnotes":"","_links_to":"","_links_to_target":""},"class_list":["post-14682","page","type-page","status-publish","hentry"],"acf":[],"aioseo_notices":[],"jetpack_sharing_enabled":true,"jetpack_shortlink":"https:\/\/wp.me\/P9ZnXU-3OO","_links":{"self":[{"href":"https:\/\/www.nabcoentrances.com\/fr\/wp-json\/wp\/v2\/pages\/14682","targetHints":{"allow":["GET"]}}],"collection":[{"href":"https:\/\/www.nabcoentrances.com\/fr\/wp-json\/wp\/v2\/pages"}],"about":[{"href":"https:\/\/www.nabcoentrances.com\/fr\/wp-json\/wp\/v2\/types\/page"}],"author":[{"embeddable":true,"href":"https:\/\/www.nabcoentrances.com\/fr\/wp-json\/wp\/v2\/users\/2"}],"replies":[{"embeddable":true,"href":"https:\/\/www.nabcoentrances.com\/fr\/wp-json\/wp\/v2\/comments?post=14682"}],"version-history":[{"count":0,"href":"https:\/\/www.nabcoentrances.com\/fr\/wp-json\/wp\/v2\/pages\/14682\/revisions"}],"up":[{"embeddable":true,"href":"https:\/\/www.nabcoentrances.com\/fr\/wp-json\/wp\/v2\/pages\/14576"}],"wp:attachment":[{"href":"https:\/\/www.nabcoentrances.com\/fr\/wp-json\/wp\/v2\/media?parent=14682"}],"curies":[{"name":"wp","href":"https:\/\/api.w.org\/{rel}","templated":true}]}}