{"id":14679,"date":"2015-09-14T10:55:59","date_gmt":"2015-09-14T15:55:59","guid":{"rendered":"https:\/\/www.nabcoentrances.com\/produits\/dispositifs-dactivation\/"},"modified":"2015-09-14T10:55:59","modified_gmt":"2015-09-14T15:55:59","slug":"dispositifs-dactivation","status":"publish","type":"page","link":"https:\/\/www.nabcoentrances.com\/fr\/produits\/dispositifs-dactivation\/","title":{"rendered":"Dispositifs d&#8217;activation"},"content":{"rendered":"<h2>Dispositifs d&#8217;activation : Quand la performance rencontre la s\u00e9curit\u00e9<\/h2>\n<p>NABCO Entrances, membre fondateur de l&#8217;<a href=\"http:\/\/www.aaadm.com\/\" target=\"_blank\" rel=\"noopener noreferrer\">American Association of Automatic Door Manufacturers<\/a>, veille \u00e0 ce que <strong>chaque porte<\/strong> soit \u00e9quip\u00e9e de syst\u00e8mes de capteurs conformes \u00e0 la norme ANSI A156.10\/A156.19. NABCO propose \u00e9galement une gamme compl\u00e8te de plaques de pouss\u00e9e ainsi que des syst\u00e8mes d&#8217;acc\u00e8s \u00e0 distance et de s\u00e9curit\u00e9.<\/p>\n<p><a class=\"button\" href=\"https:\/\/www.nabcoentrances.com\/fr\/contact\/\">Contactez-nous pour des solutions de dispositifs d&#8217;activation<\/a><\/p>\n","protected":false},"excerpt":{"rendered":"<p>Dispositifs d&#8217;activation : Quand la performance rencontre la s\u00e9curit\u00e9 NABCO Entrances, membre fondateur de l&#8217;American Association of Automatic Door Manufacturers, [&hellip;]<\/p>\n","protected":false},"author":2,"featured_media":0,"parent":14571,"menu_order":7,"comment_status":"closed","ping_status":"closed","template":"","meta":{"_acf_changed":false,"om_disable_all_campaigns":false,"_monsterinsights_skip_tracking":false,"_monsterinsights_sitenote_active":false,"_monsterinsights_sitenote_note":"","_monsterinsights_sitenote_category":0,"site-sidebar-layout":"default","site-content-layout":"","ast-site-content-layout":"default","site-content-style":"default","site-sidebar-style":"default","ast-global-header-display":"","ast-banner-title-visibility":"","ast-main-header-display":"","ast-hfb-above-header-display":"","ast-hfb-below-header-display":"","ast-hfb-mobile-header-display":"","site-post-title":"disabled","ast-breadcrumbs-content":"","ast-featured-img":"","footer-sml-layout":"","theme-transparent-header-meta":"","adv-header-id-meta":"","stick-header-meta":"","header-above-stick-meta":"","header-main-stick-meta":"","header-below-stick-meta":"","astra-migrate-meta-layouts":"default","ast-page-background-enabled":"default","ast-page-background-meta":{"desktop":{"background-color":"var(--ast-global-color-5)","background-image":"","background-repeat":"repeat","background-position":"center center","background-size":"auto","background-attachment":"scroll","background-type":"","background-media":"","overlay-type":"","overlay-color":"","overlay-opacity":"","overlay-gradient":""},"tablet":{"background-color":"","background-image":"","background-repeat":"repeat","background-position":"center center","background-size":"auto","background-attachment":"scroll","background-type":"","background-media":"","overlay-type":"","overlay-color":"","overlay-opacity":"","overlay-gradient":""},"mobile":{"background-color":"","background-image":"","background-repeat":"repeat","background-position":"center center","background-size":"auto","background-attachment":"scroll","background-type":"","background-media":"","overlay-type":"","overlay-color":"","overlay-opacity":"","overlay-gradient":""}},"ast-content-background-meta":{"desktop":{"background-color":"var(--ast-global-color-4)","background-image":"","background-repeat":"repeat","background-position":"center center","background-size":"auto","background-attachment":"scroll","background-type":"","background-media":"","overlay-type":"","overlay-color":"","overlay-opacity":"","overlay-gradient":""},"tablet":{"background-color":"var(--ast-global-color-4)","background-image":"","background-repeat":"repeat","background-position":"center center","background-size":"auto","background-attachment":"scroll","background-type":"","background-media":"","overlay-type":"","overlay-color":"","overlay-opacity":"","overlay-gradient":""},"mobile":{"background-color":"var(--ast-global-color-4)","background-image":"","background-repeat":"repeat","background-position":"center center","background-size":"auto","background-attachment":"scroll","background-type":"","background-media":"","overlay-type":"","overlay-color":"","overlay-opacity":"","overlay-gradient":""}},"jetpack_post_was_ever_published":false,"footnotes":"","_links_to":"","_links_to_target":""},"class_list":["post-14679","page","type-page","status-publish","hentry"],"acf":[],"aioseo_notices":[],"jetpack_sharing_enabled":true,"jetpack_shortlink":"https:\/\/wp.me\/P9ZnXU-3OL","_links":{"self":[{"href":"https:\/\/www.nabcoentrances.com\/fr\/wp-json\/wp\/v2\/pages\/14679","targetHints":{"allow":["GET"]}}],"collection":[{"href":"https:\/\/www.nabcoentrances.com\/fr\/wp-json\/wp\/v2\/pages"}],"about":[{"href":"https:\/\/www.nabcoentrances.com\/fr\/wp-json\/wp\/v2\/types\/page"}],"author":[{"embeddable":true,"href":"https:\/\/www.nabcoentrances.com\/fr\/wp-json\/wp\/v2\/users\/2"}],"replies":[{"embeddable":true,"href":"https:\/\/www.nabcoentrances.com\/fr\/wp-json\/wp\/v2\/comments?post=14679"}],"version-history":[{"count":0,"href":"https:\/\/www.nabcoentrances.com\/fr\/wp-json\/wp\/v2\/pages\/14679\/revisions"}],"up":[{"embeddable":true,"href":"https:\/\/www.nabcoentrances.com\/fr\/wp-json\/wp\/v2\/pages\/14571"}],"wp:attachment":[{"href":"https:\/\/www.nabcoentrances.com\/fr\/wp-json\/wp\/v2\/media?parent=14679"}],"curies":[{"name":"wp","href":"https:\/\/api.w.org\/{rel}","templated":true}]}}