{"id":14677,"date":"2015-09-14T11:05:16","date_gmt":"2015-09-14T16:05:16","guid":{"rendered":"https:\/\/www.nabcoentrances.com\/service\/"},"modified":"2025-05-15T15:04:22","modified_gmt":"2025-05-15T20:04:22","slug":"service","status":"publish","type":"page","link":"https:\/\/www.nabcoentrances.com\/fr\/service\/","title":{"rendered":"Service"},"content":{"rendered":"\n<h1 class=\"wp-block-heading\"><strong>Entretien et maintenance des portes automatiques<\/strong><\/h1>\n\n<h2 class=\"wp-block-heading\"><strong>Nos services et notre soutien en mati\u00e8re de portes automatiques  <\/strong><\/h2>\n\n<p>NABCO Entrances travaille 24 heures sur 24, 7 jours sur 7 et 365 jours par an pour entretenir les portes automatiques. Nos sites NABCO \u00e0 travers l&#8217;Am\u00e9rique du Nord et notre r\u00e9seau de distributeurs agr\u00e9\u00e9s nous permettent de fournir rapidement un service de pointe pour les portes de toute marque, de tout mod\u00e8le ou de tout type. <\/p>\n\n<p>Vous avez besoin d&#8217;un entretien de porte ou d&#8217;une r\u00e9paration d&#8217;urgence le jour m\u00eame ? NABCO est pr\u00eat \u00e0 d\u00e9passer vos attentes. Nous proposons des r\u00e9parations d&#8217;urgence et des r\u00e9parations le jour m\u00eame, \u00e0 des tarifs comp\u00e9titifs. Si vous \u00eates int\u00e9ress\u00e9 par l&#8217;entretien pr\u00e9ventif, NABCO vous proposera des visites r\u00e9guli\u00e8res par un technicien d&#8217;entretien de portes certifi\u00e9.   <\/p>\n\n<figure class=\"wp-block-gallery has-nested-images columns-4 is-cropped wp-block-gallery-1 is-layout-flex wp-block-gallery-is-layout-flex\">\n<figure class=\"wp-block-image size-large\"><img data-recalc-dims=\"1\" fetchpriority=\"high\" decoding=\"async\" width=\"314\" height=\"210\" data-id=\"7740\" src=\"https:\/\/i0.wp.com\/www.nabcoentrances.com\/wp-content\/uploads\/2020\/09\/SLIDING-DOOR.jpg?resize=314%2C210&#038;ssl=1\" alt=\"\" class=\"wp-image-7740\"\/><\/figure>\n\n\n\n<figure class=\"wp-block-image size-large\"><img data-recalc-dims=\"1\" decoding=\"async\" width=\"6720\" height=\"4480\" data-id=\"7735\" src=\"https:\/\/i0.wp.com\/www.nabcoentrances.com\/wp-content\/uploads\/2020\/09\/0R4A6164-Nabco-17-rt-1.jpg?resize=6720%2C4480&#038;ssl=1\" alt=\"\" class=\"wp-image-7735\"\/><\/figure>\n\n\n\n<figure class=\"wp-block-image size-large\"><img data-recalc-dims=\"1\" decoding=\"async\" width=\"314\" height=\"210\" data-id=\"7741\" src=\"https:\/\/i0.wp.com\/www.nabcoentrances.com\/wp-content\/uploads\/2020\/09\/SWING-DOOR-OPERATOR.jpg?resize=314%2C210&#038;ssl=1\" alt=\"\" class=\"wp-image-7741\"\/><\/figure>\n\n\n\n<figure class=\"wp-block-image size-large\"><img data-recalc-dims=\"1\" loading=\"lazy\" decoding=\"async\" width=\"2048\" height=\"1536\" data-id=\"7738\" src=\"https:\/\/i0.wp.com\/www.nabcoentrances.com\/wp-content\/uploads\/2020\/09\/FLvan.jpg?resize=2048%2C1536&#038;ssl=1\" alt=\"\" class=\"wp-image-7738\"\/><\/figure>\n<\/figure>\n\n<h2 class=\"wp-block-heading\"><strong>Quels sont les services offerts par NABCO en mati\u00e8re de portes automatiques ?  <\/strong><\/h2>\n\n<h3 class=\"wp-block-heading\"><strong>Services de r\u00e9paration de portes<\/strong><\/h3>\n\n<p>Votre porte est cass\u00e9e ou ne fonctionne pas aussi bien que vous le souhaitez ? NABCO peut la r\u00e9parer. Les sites NABCO et nombre de nos distributeurs agr\u00e9\u00e9s peuvent r\u00e9parer presque toutes les marques, tous les mod\u00e8les et tous les types de portes, y compris les portes automatiques, les portes manuelles et les portes tournantes.  <\/p>\n\n<h3 class=\"wp-block-heading\"><strong>Maintenance pr\u00e9ventive des portes automatiques  <\/strong><\/h3>\n\n<p>La maintenance pr\u00e9ventive est une approche b\u00e9n\u00e9fique et \u00e9conomique pour prolonger le cycle de vie de votre \u00e9quipement. Les techniciens NABCO sont certifi\u00e9s AAADM et OSHA et se surpassent pour assurer le bon fonctionnement de vos portes. <\/p>\n\n<p><strong>En savoir plus \u00c0 propos de<\/strong><\/p>\n\n<ul class=\"wp-block-list\">\n<li><a href=\"https:\/\/www.nabcoentrances.com\/service\/preventative-maintenance\/\" target=\"_blank\" rel=\"noopener\" title=\"\">Points de contr\u00f4le de l&#8217;AAADM programm\u00e9s et entretenus<\/a><\/li>\n<\/ul>\n\n<h3 class=\"wp-block-heading\"><strong>Installations et am\u00e9liorations de portes automatiques  <\/strong><\/h3>\n\n<p>Nous sommes fiers de rester \u00e0 la pointe des normes ANSI de l&#8217;industrie. Nous pouvons am\u00e9liorer n&#8217;importe quelle porte, quels que soient le fabricant, l&#8217;installateur ou le type de porte.   <\/p>\n\n<p><strong>Nos capacit\u00e9s de mise \u00e0 niveau<\/strong><\/p>\n\n<ul class=\"wp-block-list\">\n<li>Mise \u00e0 niveau des portes en mode mains libres et sans contact<\/li>\n\n\n\n<li>Modernisation des syst\u00e8mes de contr\u00f4le d&#8217;acc\u00e8s<\/li>\n\n\n\n<li>Syst\u00e8mes de portes coulissantes automatiques<\/li>\n\n\n\n<li>Syst\u00e8mes d&#8217;op\u00e9rateurs de portes battantes automatiques<\/li>\n\n\n\n<li>Syst\u00e8mes de portes pliantes automatiques<\/li>\n\n\n\n<li>Autres mises \u00e0 niveau de syst\u00e8mes compatibles<\/li>\n<\/ul>\n\n<p><\/p>\n\n<h3 class=\"wp-block-heading\"><strong>Technicien d&#8217;entretien de portes automatiques et formation technique<\/strong><\/h3>\n\n<p>Pour nos distributeurs agr\u00e9\u00e9s, nous proposons des formations techniques sur les portes automatiques pour les compagnons, la certification AAADM, et plus encore dans le centre de formation NABCO.<\/p>\n\n<p><strong>Formation technique sur les produits de portes automatiques  <\/strong><\/p>\n\n<ul class=\"wp-block-list\">\n<li><a href=\"https:\/\/www.nabcoentrances.com\/fr\/mynabco\/formation-sur-les-produits-nabco\/\" target=\"_blank\" rel=\"noopener\" title=\"\">Cours de formation sur les produits NABCO<\/a><\/li>\n\n\n\n<li><a href=\"https:\/\/www.nabcoentrances.com\/fr\/service\/certification-des-inspecteurs-de-laaadm-formation-a-laudit\/\" target=\"_blank\" rel=\"noopener\" title=\"\">Cours de formation \u00e0 la certification de l&#8217;AAADM (American Association of Automatic Door Manufacturers)<\/a><\/li>\n<\/ul>\n\n<h3 class=\"wp-block-heading\"><strong>Services de portes automatiques pr\u00e8s de chez vous : Localisez une succursale ou un distributeur NABCO  <\/strong><\/h3>\n\n<p>Trouvez la succursale NABCO ou le distributeur de portes automatiques le plus proche de chez vous et d\u00e9couvrez pourquoi nous restons les leaders de la r\u00e9paration, de l&#8217;installation, de la formation et de l&#8217;entretien pr\u00e9ventif des portes automatiques.<\/p>\n\n<h2 class=\"wp-block-heading\"><strong>Pourquoi choisir NABCO pour le service ?<\/strong><\/h2>\n\n<ul class=\"wp-block-list\">\n<li>Les fourgons de service NABCO sont bien approvisionn\u00e9s en pi\u00e8ces d\u00e9tach\u00e9es pour portes automatiques les plus courantes afin de r\u00e9parer les portes de toute marque, de tout mod\u00e8le ou de tout type.<\/li>\n\n\n\n<li>D\u00e9lai de r\u00e9ponse de 24 heures ou moins.<\/li>\n\n\n\n<li>Service 24\/7\/365 \u00e0 des tarifs comp\u00e9titifs.<\/li>\n\n\n\n<li>Techniciens envoy\u00e9s localement sur les march\u00e9s des succursales NABCO.<\/li>\n\n\n\n<li>Envoi centralis\u00e9 pour le service des comptes nationaux.<\/li>\n\n\n\n<li>Un service \u00e0 la client\u00e8le de qualit\u00e9 sup\u00e9rieure.<\/li>\n\n\n\n<li>Plans d&#8217;entretien pr\u00e9ventif disponibles pour r\u00e9pondre \u00e0 vos besoins<\/li>\n\n\n\n<li>75 ans dans l&#8217;industrie des portes automatiques.<\/li>\n\n\n\n<li>Techniciens certifi\u00e9s par l&#8217;AAADM.<\/li>\n\n\n\n<li>Garantie d&#8217;un an sur les pi\u00e8ces et la main d&#8217;\u0153uvre pour les travaux d&#8217;entretien.<\/li>\n\n\n\n<li>Fabricant d&#8217;op\u00e9rateurs de haute qualit\u00e9 dans le Wisconsin (\u00c9tats-Unis) et en Nouvelle-\u00c9cosse (Canada).<\/li>\n\n\n\n<li>Techniciens exp\u00e9riment\u00e9s, comp\u00e9tents et professionnels.<\/li>\n\n\n\n<li>Contactez NABCO pour les diagnostics, les installations, les inspections de portes coupe-feu, les contr\u00f4les d&#8217;acc\u00e8s, les ferme-portes, les seuils et les exigences ADA.<\/li>\n<\/ul>\n\n<figure class=\"wp-block-image aligncenter size-full is-resized\"><img data-recalc-dims=\"1\" loading=\"lazy\" decoding=\"async\" width=\"1458\" height=\"974\" src=\"https:\/\/i0.wp.com\/www.nabcoentrances.com\/wp-content\/uploads\/2024\/12\/service.png?resize=1458%2C974&#038;ssl=1\" alt=\"\" class=\"wp-image-11021\" style=\"width:484px;height:auto\"\/><\/figure>\n\n<p><\/p>\n\n<h2 class=\"wp-block-heading\"><strong>R\u00e9seau de distributeurs NABCO Entrances Services  <\/strong><\/h2>\n\n<p>En plus de plusieurs succursales appartenant \u00e0 l&#8217;usine, NABCO poss\u00e8de le plus grand r\u00e9seau ind\u00e9pendant de distributeurs de portes automatiques d&#8217;Am\u00e9rique du Nord. Nos techniciens form\u00e9s en usine et certifi\u00e9s par l&#8217;AAADM sont certains de fournir un service rapide et fiable. Faites de NABCO votre fournisseur de services pr\u00e9f\u00e9r\u00e9 pour une tranquillit\u00e9 d&#8217;esprit, une commodit\u00e9 maximale et la s\u00e9curit\u00e9 de ceux qui utilisent vos portes automatiques.  <\/p>\n\n<p><a class=\"button yellow\" href=\"https:\/\/www.nabcoentrances.com\/fr\/service\/trouver-un-distributeur\/\">Trouvez une succursale ou un distributeur NABCO local<\/a><\/p>\n\n<p><a class=\"button yellow\" href=\"https:\/\/www.nabcoentrances.com\/fr\/contact\/\">Contactez-nous pour demander un service de porte ou pour en savoir plus<\/a><\/p>\n","protected":false},"excerpt":{"rendered":"<p>Entretien et maintenance des portes automatiques Nos services et notre soutien en mati\u00e8re de portes automatiques NABCO Entrances travaille 24 [&hellip;]<\/p>\n","protected":false},"author":2,"featured_media":0,"parent":0,"menu_order":32,"comment_status":"closed","ping_status":"closed","template":"","meta":{"_acf_changed":false,"om_disable_all_campaigns":false,"_monsterinsights_skip_tracking":false,"_monsterinsights_sitenote_active":false,"_monsterinsights_sitenote_note":"","_monsterinsights_sitenote_category":0,"site-sidebar-layout":"default","site-content-layout":"","ast-site-content-layout":"default","site-content-style":"default","site-sidebar-style":"default","ast-global-header-display":"","ast-banner-title-visibility":"","ast-main-header-display":"","ast-hfb-above-header-display":"","ast-hfb-below-header-display":"","ast-hfb-mobile-header-display":"","site-post-title":"","ast-breadcrumbs-content":"","ast-featured-img":"","footer-sml-layout":"","theme-transparent-header-meta":"","adv-header-id-meta":"","stick-header-meta":"","header-above-stick-meta":"","header-main-stick-meta":"","header-below-stick-meta":"","astra-migrate-meta-layouts":"default","ast-page-background-enabled":"default","ast-page-background-meta":{"desktop":{"background-color":"var(--ast-global-color-5)","background-image":"","background-repeat":"repeat","background-position":"center center","background-size":"auto","background-attachment":"scroll","background-type":"","background-media":"","overlay-type":"","overlay-color":"","overlay-opacity":"","overlay-gradient":""},"tablet":{"background-color":"","background-image":"","background-repeat":"repeat","background-position":"center center","background-size":"auto","background-attachment":"scroll","background-type":"","background-media":"","overlay-type":"","overlay-color":"","overlay-opacity":"","overlay-gradient":""},"mobile":{"background-color":"","background-image":"","background-repeat":"repeat","background-position":"center center","background-size":"auto","background-attachment":"scroll","background-type":"","background-media":"","overlay-type":"","overlay-color":"","overlay-opacity":"","overlay-gradient":""}},"ast-content-background-meta":{"desktop":{"background-color":"var(--ast-global-color-4)","background-image":"","background-repeat":"repeat","background-position":"center center","background-size":"auto","background-attachment":"scroll","background-type":"","background-media":"","overlay-type":"","overlay-color":"","overlay-opacity":"","overlay-gradient":""},"tablet":{"background-color":"var(--ast-global-color-4)","background-image":"","background-repeat":"repeat","background-position":"center center","background-size":"auto","background-attachment":"scroll","background-type":"","background-media":"","overlay-type":"","overlay-color":"","overlay-opacity":"","overlay-gradient":""},"mobile":{"background-color":"var(--ast-global-color-4)","background-image":"","background-repeat":"repeat","background-position":"center center","background-size":"auto","background-attachment":"scroll","background-type":"","background-media":"","overlay-type":"","overlay-color":"","overlay-opacity":"","overlay-gradient":""}},"jetpack_post_was_ever_published":false,"footnotes":"","_links_to":"","_links_to_target":""},"class_list":["post-14677","page","type-page","status-publish","hentry"],"acf":[],"aioseo_notices":[],"jetpack_sharing_enabled":true,"jetpack_shortlink":"https:\/\/wp.me\/P9ZnXU-3OJ","_links":{"self":[{"href":"https:\/\/www.nabcoentrances.com\/fr\/wp-json\/wp\/v2\/pages\/14677","targetHints":{"allow":["GET"]}}],"collection":[{"href":"https:\/\/www.nabcoentrances.com\/fr\/wp-json\/wp\/v2\/pages"}],"about":[{"href":"https:\/\/www.nabcoentrances.com\/fr\/wp-json\/wp\/v2\/types\/page"}],"author":[{"embeddable":true,"href":"https:\/\/www.nabcoentrances.com\/fr\/wp-json\/wp\/v2\/users\/2"}],"replies":[{"embeddable":true,"href":"https:\/\/www.nabcoentrances.com\/fr\/wp-json\/wp\/v2\/comments?post=14677"}],"version-history":[{"count":0,"href":"https:\/\/www.nabcoentrances.com\/fr\/wp-json\/wp\/v2\/pages\/14677\/revisions"}],"wp:attachment":[{"href":"https:\/\/www.nabcoentrances.com\/fr\/wp-json\/wp\/v2\/media?parent=14677"}],"curies":[{"name":"wp","href":"https:\/\/api.w.org\/{rel}","templated":true}]}}