{"id":14671,"date":"2020-03-13T13:54:47","date_gmt":"2020-03-13T18:54:47","guid":{"rendered":"https:\/\/www.nabcoentrances.com\/trouver-un-distributeur\/service-de-portes-automatiques-dans-le-wisconsin\/"},"modified":"2026-03-24T11:10:50","modified_gmt":"2026-03-24T16:10:50","slug":"service-de-portes-automatiques-dans-le-wisconsin","status":"publish","type":"page","link":"https:\/\/www.nabcoentrances.com\/fr\/service\/trouver-un-distributeur\/service-de-portes-automatiques-dans-le-wisconsin\/","title":{"rendered":"Service de portes automatiques dans le Wisconsin"},"content":{"rendered":"\n<h1 class=\"wp-block-heading\">Un service et une assistance exceptionnels dans le Wisconsin<\/h1>\n\n<p>NABCO travaille 24 heures sur 24, 7 jours sur 7 et 365 jours par an depuis son bureau du Wisconsin pour assurer la maintenance de vos portes automatiques. Nous sommes fiers de pouvoir entretenir n&#8217;importe quelle porte automatique, quel que soit l&#8217;installateur, afin de prolonger la dur\u00e9e de vie de l&#8217;\u00e9quipement et de r\u00e9duire le temps d&#8217;arr\u00eat global n\u00e9cessaire \u00e0 l&#8217;entretien d&#8217;une porte. Notre service haut de gamme et nos sites nous permettent de fournir rapidement un service de pointe pour les portes de n&#8217;importe quelle marque ou mod\u00e8le.  <\/p>\n\n<p>Si vous avez besoin d&#8217;une maintenance &#8220;break-and-fix&#8221; ou d&#8217;une r\u00e9paration d&#8217;urgence le jour m\u00eame, NABCO d\u00e9passera vos attentes.<\/p>\n\n<p>La succursale NABCO du Wisconsin propose des services d&#8217;installation de nouvelles portes automatiques et de r\u00e9paration de portes automatiques dans tout le Midwest. Nos techniciens certifi\u00e9s par l&#8217;AAADM sont qualifi\u00e9s pour assurer l&#8217;entretien et la maintenance de toute porte automatique, quel qu&#8217;en soit le fabricant, afin de prolonger la dur\u00e9e de vie de l&#8217;\u00e9quipement et de r\u00e9duire le temps d&#8217;immobilisation global n\u00e9cessaire \u00e0 son entretien. <\/p>\n\n<p>Appelez ou envoyez un courriel \u00e0 la succursale de NABCO Entrances Wisconsin pour l&#8217;entretien, la r\u00e9paration ou l&#8217;installation d&#8217;une porte automatique d\u00e8s aujourd&#8217;hui !<\/p>\n\n<h5 class=\"wp-block-heading\"><a href=\"mailto:By%20Email:%20NabcoWI@nabcoentrances.com\" title=\"\">Envoyez un courriel \u00e0 la branche Midwest NABCO<\/a><\/h5>\n\n<h5 class=\"wp-block-heading\"><a href=\"https:\/\/g.page\/nabco-entrances-wisconsin?we\" target=\"_blank\" rel=\"noopener\" title=\"\">Adresse postale :<\/a><\/h5>\n\n<p>S81 W18475 Gemini Dr.<br\/>Muskego, WI 53150<br\/><strong>T\u00e9l\u00e9phone :<\/strong> 800-777-4069<br\/><strong>Fax :<\/strong> 419-842-1455<\/p>\n\n<div data-wp-interactive=\"core\/file\" class=\"wp-block-file\"><object data-wp-bind--hidden=\"!state.hasPdfPreview\" hidden class=\"wp-block-file__embed\" data=\"https:\/\/www.nabcoentrances.com\/wp-content\/uploads\/2024\/05\/Branch-Service-Map-Brochure-Midwest-1.pdf\" type=\"application\/pdf\" style=\"width:100%;height:520px\" aria-label=\"Contenu embarqu\u00e9 &lt;strong&gt;Branch-Service-Map-Brochure-Midwest-1&lt;\/strong&gt;.\"><\/object><a id=\"wp-block-file--media-c6c53f05-df35-4378-b5ea-c0a4ecaecda7\" href=\"https:\/\/www.nabcoentrances.com\/wp-content\/uploads\/2024\/05\/Branch-Service-Map-Brochure-Midwest-1.pdf\"><strong>Branch-Service-Map-Brochure-Midwest-1<\/strong><\/a><a href=\"https:\/\/www.nabcoentrances.com\/wp-content\/uploads\/2024\/05\/Branch-Service-Map-Brochure-Midwest-1.pdf\" class=\"wp-block-file__button wp-element-button\" download=\"\" aria-describedby=\"wp-block-file--media-c6c53f05-df35-4378-b5ea-c0a4ecaecda7\">T\u00e9l\u00e9charger<\/a><\/div>\n\n<div style=\"height:12px\" aria-hidden=\"true\" class=\"wp-block-spacer\"><\/div>\n\n<div class=\"wp-block-jetpack-map\" data-map-id=\"jp-map-1\" data-map-provider=\"mapbox\" data-api-key=\"pk.eyJ1IjoiamhvbmlnYmVyZyIsImEiOiJjbTRidTZvcXIwM3dvMmtxMXhidnl6aHFmIn0.cACZ7PamQkVCtCeyCAcbfg\" data-map-style=\"default\"><ul><li><a href=\"https:\/\/www.google.com\/maps\/search\/?api=1&amp;query=42.8964,-88.14604\">Route des G\u00e9meaux<\/a><\/li><\/ul><\/div>\n\n<p><\/p>\n\n<div class=\"wp-block-media-text alignwide has-media-on-the-right is-stacked-on-mobile\"><div class=\"wp-block-media-text__content\">\n<h2 class=\"wp-block-heading\">Pourquoi travailler avec NABCO ?<\/h2>\n\n\n\n<ul class=\"wp-block-list\">\n<li><span style=\"font-size: 12pt;\"><strong>Service assur\u00e9 24 heures sur 24, 7 jours sur 7 et 365 jours par an<\/strong>, appelez le 800-777-4069 pour un service d&#8217;urgence.<\/span><\/li>\n\n\n\n<li><span style=\"font-size: 12pt;\">Service standard dans les <strong>24 heures<\/strong><\/span><\/li>\n\n\n\n<li><span style=\"font-size: 12pt;\">Technicien certifi\u00e9 par l<a href=\"https:\/\/www.nabcoentrances.com\/fr\/service\/certification-des-inspecteurs-de-laaadm-formation-a-laudit\/\" target=\"_blank\" rel=\"noopener\" title=\"\">&#8216;AAADM<\/a> et l&#8217;ANSI<\/span><\/li>\n\n\n\n<li><span style=\"font-size: 12pt;\">La camionnette de service est bien approvisionn\u00e9e en <strong>pi\u00e8ces d\u00e9tach\u00e9es pour portes automatiques les plus couramment utilis\u00e9es<\/strong>.<\/span><\/li>\n\n\n\n<li><span style=\"font-size: 12pt;\">Programmes de <a href=\"https:\/\/www.nabcoentrances.com\/fr\/service\/maintenance-preventive\/\">maintenance pr\u00e9ventive<\/a> <\/span><\/li>\n\n\n\n<li><span style=\"font-size: 12pt;\">Capable d&#8217;entretenir et de r\u00e9parer les portes de <strong>tous les fabricants,<\/strong> y compris Stanley, Assa Abloy, Horton, Record, Dormakaba et Tormax.<\/span><\/li>\n\n\n\n<li><span style=\"font-size: 12pt;\">Techniciens exp\u00e9riment\u00e9s, comp\u00e9tents et professionnels<\/span><\/li>\n<\/ul>\n<\/div><figure class=\"wp-block-media-text__media\"><img data-recalc-dims=\"1\" fetchpriority=\"high\" decoding=\"async\" width=\"1000\" height=\"666\" src=\"https:\/\/i0.wp.com\/www.nabcoentrances.com\/wp-content\/uploads\/2020\/09\/NABCO-PEOPLE.jpg?resize=1000%2C666&#038;ssl=1\" alt=\"\" class=\"wp-image-7749 size-full\"\/><\/figure><\/div>\n\n<div style=\"height:16px\" aria-hidden=\"true\" class=\"wp-block-spacer\"><\/div>\n\n<h3 class=\"wp-block-heading\">Vous n&#8217;\u00eates pas dans la zone de service de notre agence NABCO ? Consultez notre r\u00e9seau de distributeurs <\/h3>\n\n<p>En plus de plusieurs succursales appartenant \u00e0 l&#8217;usine, NABCO poss\u00e8de <span style=\"box-sizing: border-box; margin: 0px; padding: 0px;\">le plus grand r\u00e9seau ind\u00e9pendant de <a href=\"https:\/\/www.nabcoentrances.com\/fr\/service\/trouver-un-distributeur\/\" target=\"_blank\" rel=\"noopener\">distributeurs de portes automatiques d&#8217;<\/a>Am\u00e9rique du Nord<\/span>. Nos techniciens form\u00e9s en usine et certifi\u00e9s par l&#8217;AAADM ont confiance en leur capacit\u00e9 \u00e0 fournir un service rapide et fiable. Faites de NABCO votre fournisseur de services pr\u00e9f\u00e9r\u00e9 pour une tranquillit\u00e9 d&#8217;esprit, une commodit\u00e9 maximale et la s\u00e9curit\u00e9 de ceux qui utilisent vos portes automatiques.  <\/p>\n\n<h3 class=\"wp-block-heading\">Vous souhaitez plus d&#8217;informations ?<\/h3>\n\n<p><a class=\"button\" href=\"https:\/\/www.nabcoentrances.com\/fr\/contact\/\">Contactez nous<\/a><\/p>\n\n<p><a class=\"button yellow\" href=\"https:\/\/www.nabcoentrances.com\/wp-content\/uploads\/2015\/10\/NABCO-US_ADVANTAGE_PLUS_INSERT_SINGLE_PAGES.pdf\" rel=\"\">TELECHARGER la brochure du programme Avantage Plus<\/a><\/p>\n","protected":false},"excerpt":{"rendered":"<p>Un service et une assistance exceptionnels dans le Wisconsin NABCO travaille 24 heures sur 24, 7 jours sur 7 et [&hellip;]<\/p>\n","protected":false},"author":1484,"featured_media":0,"parent":14586,"menu_order":1,"comment_status":"closed","ping_status":"closed","template":"","meta":{"_acf_changed":false,"om_disable_all_campaigns":false,"_monsterinsights_skip_tracking":false,"_monsterinsights_sitenote_active":false,"_monsterinsights_sitenote_note":"","_monsterinsights_sitenote_category":0,"site-sidebar-layout":"default","site-content-layout":"","ast-site-content-layout":"default","site-content-style":"default","site-sidebar-style":"default","ast-global-header-display":"","ast-banner-title-visibility":"","ast-main-header-display":"","ast-hfb-above-header-display":"","ast-hfb-below-header-display":"","ast-hfb-mobile-header-display":"","site-post-title":"","ast-breadcrumbs-content":"","ast-featured-img":"","footer-sml-layout":"","theme-transparent-header-meta":"","adv-header-id-meta":"","stick-header-meta":"","header-above-stick-meta":"","header-main-stick-meta":"","header-below-stick-meta":"","astra-migrate-meta-layouts":"default","ast-page-background-enabled":"default","ast-page-background-meta":{"desktop":{"background-color":"var(--ast-global-color-5)","background-image":"","background-repeat":"repeat","background-position":"center center","background-size":"auto","background-attachment":"scroll","background-type":"","background-media":"","overlay-type":"","overlay-color":"","overlay-opacity":"","overlay-gradient":""},"tablet":{"background-color":"","background-image":"","background-repeat":"repeat","background-position":"center center","background-size":"auto","background-attachment":"scroll","background-type":"","background-media":"","overlay-type":"","overlay-color":"","overlay-opacity":"","overlay-gradient":""},"mobile":{"background-color":"","background-image":"","background-repeat":"repeat","background-position":"center center","background-size":"auto","background-attachment":"scroll","background-type":"","background-media":"","overlay-type":"","overlay-color":"","overlay-opacity":"","overlay-gradient":""}},"ast-content-background-meta":{"desktop":{"background-color":"var(--ast-global-color-4)","background-image":"","background-repeat":"repeat","background-position":"center center","background-size":"auto","background-attachment":"scroll","background-type":"","background-media":"","overlay-type":"","overlay-color":"","overlay-opacity":"","overlay-gradient":""},"tablet":{"background-color":"var(--ast-global-color-4)","background-image":"","background-repeat":"repeat","background-position":"center center","background-size":"auto","background-attachment":"scroll","background-type":"","background-media":"","overlay-type":"","overlay-color":"","overlay-opacity":"","overlay-gradient":""},"mobile":{"background-color":"var(--ast-global-color-4)","background-image":"","background-repeat":"repeat","background-position":"center center","background-size":"auto","background-attachment":"scroll","background-type":"","background-media":"","overlay-type":"","overlay-color":"","overlay-opacity":"","overlay-gradient":""}},"jetpack_post_was_ever_published":false,"footnotes":"","_links_to":"","_links_to_target":""},"class_list":["post-14671","page","type-page","status-publish","hentry"],"acf":[],"aioseo_notices":[],"jetpack_sharing_enabled":true,"jetpack_shortlink":"https:\/\/wp.me\/P9ZnXU-3OD","_links":{"self":[{"href":"https:\/\/www.nabcoentrances.com\/fr\/wp-json\/wp\/v2\/pages\/14671","targetHints":{"allow":["GET"]}}],"collection":[{"href":"https:\/\/www.nabcoentrances.com\/fr\/wp-json\/wp\/v2\/pages"}],"about":[{"href":"https:\/\/www.nabcoentrances.com\/fr\/wp-json\/wp\/v2\/types\/page"}],"author":[{"embeddable":true,"href":"https:\/\/www.nabcoentrances.com\/fr\/wp-json\/wp\/v2\/users\/1484"}],"replies":[{"embeddable":true,"href":"https:\/\/www.nabcoentrances.com\/fr\/wp-json\/wp\/v2\/comments?post=14671"}],"version-history":[{"count":0,"href":"https:\/\/www.nabcoentrances.com\/fr\/wp-json\/wp\/v2\/pages\/14671\/revisions"}],"up":[{"embeddable":true,"href":"https:\/\/www.nabcoentrances.com\/fr\/wp-json\/wp\/v2\/pages\/14586"}],"wp:attachment":[{"href":"https:\/\/www.nabcoentrances.com\/fr\/wp-json\/wp\/v2\/media?parent=14671"}],"curies":[{"name":"wp","href":"https:\/\/api.w.org\/{rel}","templated":true}]}}