{"id":14667,"date":"2021-02-15T09:42:52","date_gmt":"2021-02-15T15:42:52","guid":{"rendered":"https:\/\/www.nabcoentrances.com\/produits\/portes-tournantes\/"},"modified":"2026-03-24T11:09:36","modified_gmt":"2026-03-24T16:09:36","slug":"portes-tournantes","status":"publish","type":"page","link":"https:\/\/www.nabcoentrances.com\/fr\/produits\/portes-tournantes\/","title":{"rendered":"Portes tournantes"},"content":{"rendered":"\n<h2 class=\"wp-block-heading\">Portes tournantes : Quand le service rencontre la satisfaction<\/h2>\n\n<p>Con\u00e7ues pour r\u00e9pondre \u00e0 vos besoins en mati\u00e8re de s\u00e9curit\u00e9 et d&#8217;efficacit\u00e9 \u00e9nerg\u00e9tique. Portes con\u00e7ues sur mesure selon les normes de qualit\u00e9 les plus \u00e9lev\u00e9es pour r\u00e9pondre aux exigences des \u00e9tablissements de sant\u00e9, d&#8217;h\u00f4tellerie et d&#8217;autres \u00e9tablissements commerciaux. Disponibles en plusieurs configurations et tailles pour r\u00e9pondre \u00e0 tous les besoins.  <\/p>\n\n<p><a class=\"button\" href=\"https:\/\/www.nabcoentrances.com\/fr\/contact\/\">Contactez-nous pour des solutions de portes tournantes<\/a><\/p>\n<div class=\"thumbs\">\n                <a href=\"https:\/\/www.nabcoentrances.com\/fr\/product\/revolver-saturn-classic\/\" class=\"p4\">\n                    <img decoding=\"async\" src=\"https:\/\/i0.wp.com\/www.nabcoentrances.com\/wp-content\/uploads\/2021\/01\/Saturn-Revolving-Door-Stainless-Steel-.jpg?resize=150%2C150&#038;ssl=1\" \/>\n                    <h3>Revolver Saturn Classic<\/h3>\n                    <p>Saturne | Revolver<\/p>\n                <\/a>\n            \n                <a href=\"https:\/\/www.nabcoentrances.com\/fr\/product\/porte-de-securite-phoenix\/\" class=\"p4\">\n                    <img decoding=\"async\" src=\"https:\/\/i0.wp.com\/www.nabcoentrances.com\/wp-content\/uploads\/2021\/01\/Phoenix-Security-Revolving-Door-Mirror-Finish-.jpeg?resize=150%2C150&#038;ssl=1\" \/>\n                    <h3>Porte de s\u00e9curit\u00e9 Phoenix<\/h3>\n                    <p>Phoenix | Revolver<\/p>\n                <\/a>\n            \n                <a href=\"https:\/\/www.nabcoentrances.com\/fr\/product\/comet-all-glass-door\/\" class=\"p4\">\n                    <img decoding=\"async\" src=\"https:\/\/i0.wp.com\/www.nabcoentrances.com\/wp-content\/uploads\/2021\/01\/All-Glass-Comet.jpg?resize=150%2C150&#038;ssl=1\" \/>\n                    <h3>Comet All-Glass Door<\/h3>\n                    <p>Com\u00e8te | Revolver<\/p>\n                <\/a>\n            <div class=\"clear\"><\/div><\/div>\n","protected":false},"excerpt":{"rendered":"<p>Portes tournantes : Quand le service rencontre la satisfaction Con\u00e7ues pour r\u00e9pondre \u00e0 vos besoins en mati\u00e8re de s\u00e9curit\u00e9 et [&hellip;]<\/p>\n","protected":false},"author":1350,"featured_media":0,"parent":14571,"menu_order":7,"comment_status":"closed","ping_status":"closed","template":"","meta":{"_acf_changed":false,"om_disable_all_campaigns":false,"_monsterinsights_skip_tracking":false,"_monsterinsights_sitenote_active":false,"_monsterinsights_sitenote_note":"","_monsterinsights_sitenote_category":0,"site-sidebar-layout":"default","site-content-layout":"","ast-site-content-layout":"default","site-content-style":"default","site-sidebar-style":"default","ast-global-header-display":"","ast-banner-title-visibility":"","ast-main-header-display":"","ast-hfb-above-header-display":"","ast-hfb-below-header-display":"","ast-hfb-mobile-header-display":"","site-post-title":"","ast-breadcrumbs-content":"","ast-featured-img":"","footer-sml-layout":"","theme-transparent-header-meta":"","adv-header-id-meta":"","stick-header-meta":"","header-above-stick-meta":"","header-main-stick-meta":"","header-below-stick-meta":"","astra-migrate-meta-layouts":"default","ast-page-background-enabled":"default","ast-page-background-meta":{"desktop":{"background-color":"var(--ast-global-color-5)","background-image":"","background-repeat":"repeat","background-position":"center center","background-size":"auto","background-attachment":"scroll","background-type":"","background-media":"","overlay-type":"","overlay-color":"","overlay-opacity":"","overlay-gradient":""},"tablet":{"background-color":"","background-image":"","background-repeat":"repeat","background-position":"center center","background-size":"auto","background-attachment":"scroll","background-type":"","background-media":"","overlay-type":"","overlay-color":"","overlay-opacity":"","overlay-gradient":""},"mobile":{"background-color":"","background-image":"","background-repeat":"repeat","background-position":"center center","background-size":"auto","background-attachment":"scroll","background-type":"","background-media":"","overlay-type":"","overlay-color":"","overlay-opacity":"","overlay-gradient":""}},"ast-content-background-meta":{"desktop":{"background-color":"var(--ast-global-color-4)","background-image":"","background-repeat":"repeat","background-position":"center center","background-size":"auto","background-attachment":"scroll","background-type":"","background-media":"","overlay-type":"","overlay-color":"","overlay-opacity":"","overlay-gradient":""},"tablet":{"background-color":"var(--ast-global-color-4)","background-image":"","background-repeat":"repeat","background-position":"center center","background-size":"auto","background-attachment":"scroll","background-type":"","background-media":"","overlay-type":"","overlay-color":"","overlay-opacity":"","overlay-gradient":""},"mobile":{"background-color":"var(--ast-global-color-4)","background-image":"","background-repeat":"repeat","background-position":"center center","background-size":"auto","background-attachment":"scroll","background-type":"","background-media":"","overlay-type":"","overlay-color":"","overlay-opacity":"","overlay-gradient":""}},"jetpack_post_was_ever_published":false,"footnotes":"","_links_to":"","_links_to_target":""},"class_list":["post-14667","page","type-page","status-publish","hentry"],"acf":[],"aioseo_notices":[],"jetpack_sharing_enabled":true,"jetpack_shortlink":"https:\/\/wp.me\/P9ZnXU-3Oz","_links":{"self":[{"href":"https:\/\/www.nabcoentrances.com\/fr\/wp-json\/wp\/v2\/pages\/14667","targetHints":{"allow":["GET"]}}],"collection":[{"href":"https:\/\/www.nabcoentrances.com\/fr\/wp-json\/wp\/v2\/pages"}],"about":[{"href":"https:\/\/www.nabcoentrances.com\/fr\/wp-json\/wp\/v2\/types\/page"}],"author":[{"embeddable":true,"href":"https:\/\/www.nabcoentrances.com\/fr\/wp-json\/wp\/v2\/users\/1350"}],"replies":[{"embeddable":true,"href":"https:\/\/www.nabcoentrances.com\/fr\/wp-json\/wp\/v2\/comments?post=14667"}],"version-history":[{"count":0,"href":"https:\/\/www.nabcoentrances.com\/fr\/wp-json\/wp\/v2\/pages\/14667\/revisions"}],"up":[{"embeddable":true,"href":"https:\/\/www.nabcoentrances.com\/fr\/wp-json\/wp\/v2\/pages\/14571"}],"wp:attachment":[{"href":"https:\/\/www.nabcoentrances.com\/fr\/wp-json\/wp\/v2\/media?parent=14667"}],"curies":[{"name":"wp","href":"https:\/\/api.w.org\/{rel}","templated":true}]}}