{"id":14666,"date":"2021-12-22T12:45:07","date_gmt":"2021-12-22T18:45:07","guid":{"rendered":"https:\/\/www.nabcoentrances.com\/ressources-architecturales\/ressources-pedagogiques\/calculateur-de-facteur-u-pour-lefficacite-energetique\/"},"modified":"2026-03-24T11:10:09","modified_gmt":"2026-03-24T16:10:09","slug":"calculateur-de-facteur-u-pour-lefficacite-energetique","status":"publish","type":"page","link":"https:\/\/www.nabcoentrances.com\/fr\/ressources-architecturales\/ressources-pedagogiques\/calculateur-de-facteur-u-pour-lefficacite-energetique\/","title":{"rendered":"Calculateur de facteur U pour l&#8217;efficacit\u00e9 \u00e9nerg\u00e9tique"},"content":{"rendered":"\t\t<div data-elementor-type=\"wp-page\" data-elementor-id=\"14666\" class=\"elementor elementor-14666 elementor-8262\">\n\t\t\t\t\t\t<section class=\"elementor-section elementor-top-section elementor-element elementor-element-ca1477 elementor-section-boxed elementor-section-height-default elementor-section-height-default\" data-id=\"ca1477\" data-element_type=\"section\" data-e-type=\"section\">\n\t\t\t\t\t\t<div class=\"elementor-container elementor-column-gap-default\">\n\t\t\t\t\t<div class=\"elementor-column elementor-col-100 elementor-top-column elementor-element elementor-element-700c3de8\" data-id=\"700c3de8\" data-element_type=\"column\" data-e-type=\"column\">\n\t\t\t<div class=\"elementor-widget-wrap elementor-element-populated\">\n\t\t\t\t\t\t<div class=\"elementor-element elementor-element-67b06acc elementor-widget elementor-widget-text-editor\" data-id=\"67b06acc\" data-element_type=\"widget\" data-e-type=\"widget\" data-widget_type=\"text-editor.default\">\n\t\t\t\t<div class=\"elementor-widget-container\">\n\t\t\t\t\t\t\t\t\t\n<h1 class=\"wp-block-heading\">Calculateur de facteur U pour l&#8217;efficacit\u00e9 \u00e9nerg\u00e9tique<\/h1>\n\n<p>Le calculateur de facteur U NABCO permet aux clients de conna\u00eetre la valeur du facteur U attendue pour un projet sp\u00e9cifique. Valider le facteur U d&#8217;une porte coulissante automatique NABCO standard afin de garantir la conformit\u00e9 avec les codes de construction f\u00e9d\u00e9raux, nationaux et locaux et les exigences de chaque projet. <\/p>\n\n<p>Veuillez contacter NABCO pour examiner les exigences de vos projets en mati\u00e8re de facteur U et concevoir de mani\u00e8re ad\u00e9quate une porte coulissante automatique standard NABCO pour r\u00e9pondre aux sp\u00e9cifications du projet ou pour conna\u00eetre le facteur U d&#8217;une porte automatique sp\u00e9cifi\u00e9e.<\/p>\n\n<p>Un laboratoire d&#8217;essai accr\u00e9dit\u00e9 NFRC a test\u00e9 les portes NABCO Standard GT1175. Compte tenu des informations exactes requises pour calculer le facteur U, NABCO peut calculer le coefficient de gain de chaleur solaire (SHGC) et la transmission visible (lumi\u00e8re) (VT) en plus du facteur U. <\/p>\n\n<h3 class=\"wp-block-heading\">Qu&#8217;est-ce que le facteur U ?<\/h3>\n\n<ul>\n<li>Le facteur U est la mesure \u00e0 laquelle une porte ou une fen\u00eatre (syst\u00e8me de fen\u00eatrage) conduit le flux de chaleur, g\u00e9n\u00e9ralement exprim\u00e9e en BTU\/hr-ft\u00b2-\u00b0F.<\/li>\n\n<li>Il indique la quantit\u00e9 d&#8217;\u00e9nergie qu&#8217;un b\u00e2timent perdra \u00e0 travers son syst\u00e8me de fen\u00eatrage en sp\u00e9cifiant combien de BTU peuvent passer \u00e0 travers 1 pi\u00b2 de mat\u00e9riau en une heure.  <\/li>\n\n<li>Plus le chiffre est <strong>bas<\/strong>, plus le syst\u00e8me de porte garde la chaleur \u00e0 l&#8217;int\u00e9rieur <strong>.<\/strong> <\/li>\n<\/ul>\n\n<h3 class=\"wp-block-heading\">Variables de calcul importantes<\/h3>\n\n<ul>\n<li>Type de vitrage et \u00e9paisseur (c&#8217;est la variable la plus critique)<\/li>\n\n<li>Taille et mat\u00e9riau de la structure du cadre, des entretoises, des joints d&#8217;\u00e9tanch\u00e9it\u00e9<\/li>\n\n<li>Surface totale du syst\u00e8me de fen\u00eatrage<\/li>\n<\/ul>\n<p><a class=\"wp-block-button__link has-luminous-vivid-amber-background-color has-background wp-element-button\" href=\"https:\/\/www.nabcoentrances.com\/wp-content\/uploads\/2024\/11\/U-Factor-intake-v2.pdf\" target=\"_blank\" rel=\"noopener\">Utilisez le calculateur de facteur U<\/a><\/p>\n<p><a class=\"wp-block-button__link has-luminous-vivid-amber-background-color has-background wp-element-button\" href=\"https:\/\/www.nabcoentrances.com\/wp-content\/uploads\/2024\/09\/U_Factor_Sell_Sheet-updated.pdf\" target=\"_blank\" rel=\"noopener\">Brochure sur le facteur U de l&#8217;efficacit\u00e9 \u00e9nerg\u00e9tique de NABCO<\/a><\/p>\n<p> <\/p>\n<p><a href=\"https:\/\/i0.wp.com\/www.nabcoentrances.com\/wp-content\/uploads\/2024\/12\/uuuuuuu.png?ssl=1\"><img fetchpriority=\"high\" decoding=\"async\" data-recalc-dims=\"1\" class=\"alignnone size-full wp-image-10979\" src=\"https:\/\/i0.wp.com\/www.nabcoentrances.com\/wp-content\/uploads\/2024\/12\/uuuuuuu.png?resize=700%2C576&#038;ssl=1\" alt=\"\" width=\"700\" height=\"576\"><\/a><\/p>\n<p> <\/p>\n\t\t\t\t\t\t\t\t<\/div>\n\t\t\t\t<\/div>\n\t\t\t\t\t<\/div>\n\t\t<\/div>\n\t\t\t\t\t<\/div>\n\t\t<\/section>\n\t\t\t\t<\/div>\n\t\t","protected":false},"excerpt":{"rendered":"<p>Calculateur de facteur U pour l&#8217;efficacit\u00e9 \u00e9nerg\u00e9tique Le calculateur de facteur U NABCO permet aux clients de conna\u00eetre la valeur [&hellip;]<\/p>\n","protected":false},"author":1350,"featured_media":0,"parent":14582,"menu_order":1,"comment_status":"closed","ping_status":"closed","template":"","meta":{"_acf_changed":false,"om_disable_all_campaigns":false,"_monsterinsights_skip_tracking":false,"_monsterinsights_sitenote_active":false,"_monsterinsights_sitenote_note":"","_monsterinsights_sitenote_category":0,"site-sidebar-layout":"default","site-content-layout":"","ast-site-content-layout":"default","site-content-style":"default","site-sidebar-style":"default","ast-global-header-display":"","ast-banner-title-visibility":"","ast-main-header-display":"","ast-hfb-above-header-display":"","ast-hfb-below-header-display":"","ast-hfb-mobile-header-display":"","site-post-title":"","ast-breadcrumbs-content":"","ast-featured-img":"","footer-sml-layout":"","theme-transparent-header-meta":"","adv-header-id-meta":"","stick-header-meta":"","header-above-stick-meta":"","header-main-stick-meta":"","header-below-stick-meta":"","astra-migrate-meta-layouts":"default","ast-page-background-enabled":"default","ast-page-background-meta":{"desktop":{"background-color":"var(--ast-global-color-5)","background-image":"","background-repeat":"repeat","background-position":"center center","background-size":"auto","background-attachment":"scroll","background-type":"","background-media":"","overlay-type":"","overlay-color":"","overlay-opacity":"","overlay-gradient":""},"tablet":{"background-color":"","background-image":"","background-repeat":"repeat","background-position":"center center","background-size":"auto","background-attachment":"scroll","background-type":"","background-media":"","overlay-type":"","overlay-color":"","overlay-opacity":"","overlay-gradient":""},"mobile":{"background-color":"","background-image":"","background-repeat":"repeat","background-position":"center center","background-size":"auto","background-attachment":"scroll","background-type":"","background-media":"","overlay-type":"","overlay-color":"","overlay-opacity":"","overlay-gradient":""}},"ast-content-background-meta":{"desktop":{"background-color":"var(--ast-global-color-4)","background-image":"","background-repeat":"repeat","background-position":"center center","background-size":"auto","background-attachment":"scroll","background-type":"","background-media":"","overlay-type":"","overlay-color":"","overlay-opacity":"","overlay-gradient":""},"tablet":{"background-color":"var(--ast-global-color-4)","background-image":"","background-repeat":"repeat","background-position":"center center","background-size":"auto","background-attachment":"scroll","background-type":"","background-media":"","overlay-type":"","overlay-color":"","overlay-opacity":"","overlay-gradient":""},"mobile":{"background-color":"var(--ast-global-color-4)","background-image":"","background-repeat":"repeat","background-position":"center center","background-size":"auto","background-attachment":"scroll","background-type":"","background-media":"","overlay-type":"","overlay-color":"","overlay-opacity":"","overlay-gradient":""}},"jetpack_post_was_ever_published":false,"footnotes":"","_links_to":"","_links_to_target":""},"class_list":["post-14666","page","type-page","status-publish","hentry"],"acf":[],"aioseo_notices":[],"jetpack_sharing_enabled":true,"jetpack_shortlink":"https:\/\/wp.me\/P9ZnXU-3Oy","_links":{"self":[{"href":"https:\/\/www.nabcoentrances.com\/fr\/wp-json\/wp\/v2\/pages\/14666","targetHints":{"allow":["GET"]}}],"collection":[{"href":"https:\/\/www.nabcoentrances.com\/fr\/wp-json\/wp\/v2\/pages"}],"about":[{"href":"https:\/\/www.nabcoentrances.com\/fr\/wp-json\/wp\/v2\/types\/page"}],"author":[{"embeddable":true,"href":"https:\/\/www.nabcoentrances.com\/fr\/wp-json\/wp\/v2\/users\/1350"}],"replies":[{"embeddable":true,"href":"https:\/\/www.nabcoentrances.com\/fr\/wp-json\/wp\/v2\/comments?post=14666"}],"version-history":[{"count":0,"href":"https:\/\/www.nabcoentrances.com\/fr\/wp-json\/wp\/v2\/pages\/14666\/revisions"}],"up":[{"embeddable":true,"href":"https:\/\/www.nabcoentrances.com\/fr\/wp-json\/wp\/v2\/pages\/14582"}],"wp:attachment":[{"href":"https:\/\/www.nabcoentrances.com\/fr\/wp-json\/wp\/v2\/media?parent=14666"}],"curies":[{"name":"wp","href":"https:\/\/api.w.org\/{rel}","templated":true}]}}