{"id":14664,"date":"2024-05-30T15:12:14","date_gmt":"2024-05-30T20:12:14","guid":{"rendered":"https:\/\/www.nabcoentrances.com\/declaration-de-garantie-nabco\/"},"modified":"2026-03-24T11:09:41","modified_gmt":"2026-03-24T16:09:41","slug":"declaration-de-garantie-nabco","status":"publish","type":"page","link":"https:\/\/www.nabcoentrances.com\/fr\/service\/declaration-de-garantie-nabco\/","title":{"rendered":"D\u00e9claration de garantie NABCO"},"content":{"rendered":"<h2 class=\"wp-block-post-title\">D\u00e9claration de garantie NABCO<\/h2>\n<p>NABCO ENTRANCES, INC. offre \u00e0 ses clients la garantie limit\u00e9e suivante pour sa gamme de produits :<\/p>\n\n<ul class=\"wp-block-list\">\n<li>NABCO ENTRANCES, INC. \u00e9changera ou r\u00e9parera, F.O.B. \u00e0 l&#8217;usine, tout composant pr\u00e9sentant un d\u00e9faut de fabrication et\/ou de mat\u00e9riau, sous r\u00e9serve de l&#8217;inspection de NABCO, pendant une p\u00e9riode de 12 mois \u00e0 compter de la date d&#8217;exp\u00e9dition par NABCO.<\/li>\n\n\n\n<li>La garantie n&#8217;inclut pas la main d&#8217;\u0153uvre sur le terrain. L&#8217;entrepreneur charg\u00e9 de l&#8217;installation ou le client sera responsable de l&#8217;installation et du service apr\u00e8s-vente. Il s&#8217;agit de la seule garantie de NABCO ENTRANCES, INC.<\/li>\n\n\n\n<li>Cette garantie ne couvre pas les pertes ou les dommages r\u00e9sultant de causes ind\u00e9pendantes de la volont\u00e9 du fabricant, d&#8217;une mauvaise utilisation, d&#8217;une n\u00e9gligence, d&#8217;accidents, de temp\u00eates de vent, d&#8217;autres catastrophes naturelles ou d&#8217;actes de terrorisme.<\/li>\n\n\n\n<li>Cette garantie s&#8217;applique \u00e0 une utilisation et \u00e0 un entretien normaux. Elle ne s&#8217;applique pas aux appareils qui ont \u00e9t\u00e9 manipul\u00e9s, r\u00e9par\u00e9s ou modifi\u00e9s de mani\u00e8re \u00e0 affecter n\u00e9gativement les conditions de fonctionnement. <\/li>\n\n\n\n<li>La garantie n&#8217;oblige pas NABCO \u00e0 r\u00e9parer les dommages r\u00e9sultant de telles alt\u00e9rations, d&#8217;une mauvaise utilisation, d&#8217;un cas de force majeure ou d&#8217;un acte de terrorisme.<\/li>\n<\/ul>\n\n<figure class=\"wp-block-embed is-type-wp-embed is-provider-nabco-entrances wp-block-embed-nabco-entrances\"><div class=\"wp-block-embed__wrapper\">\n<blockquote class=\"wp-embedded-content\" data-secret=\"nhXNEUY1y8\"><a href=\"https:\/\/www.nabcoentrances.com\/fr\/literature\/nabco-extended-warranties\/\">NABCO Extended Warranties<\/a><\/blockquote><iframe class=\"wp-embedded-content\" sandbox=\"allow-scripts\" security=\"restricted\" style=\"position: absolute; visibility: hidden;\" title=\"\u00ab\u00a0NABCO Extended Warranties\u00a0\u00bb &#8212; NABCO Entrances\" src=\"https:\/\/www.nabcoentrances.com\/fr\/literature\/nabco-extended-warranties\/embed\/#?secret=Ai1KudXqlC#?secret=nhXNEUY1y8\" data-secret=\"nhXNEUY1y8\" width=\"500\" height=\"282\" frameborder=\"0\" marginwidth=\"0\" marginheight=\"0\" scrolling=\"no\"><\/iframe>\n<\/div><\/figure>\n","protected":false},"excerpt":{"rendered":"<p>NABCO ENTRANCES, INC. offre \u00e0 ses clients la garantie limit\u00e9e suivante pour sa gamme de produits :<\/p>\n","protected":false},"author":1350,"featured_media":0,"parent":14677,"menu_order":5,"comment_status":"closed","ping_status":"closed","template":"","meta":{"_acf_changed":false,"om_disable_all_campaigns":false,"_monsterinsights_skip_tracking":false,"_monsterinsights_sitenote_active":false,"_monsterinsights_sitenote_note":"","_monsterinsights_sitenote_category":0,"site-sidebar-layout":"default","site-content-layout":"","ast-site-content-layout":"default","site-content-style":"default","site-sidebar-style":"default","ast-global-header-display":"","ast-banner-title-visibility":"","ast-main-header-display":"","ast-hfb-above-header-display":"","ast-hfb-below-header-display":"","ast-hfb-mobile-header-display":"","site-post-title":"","ast-breadcrumbs-content":"","ast-featured-img":"","footer-sml-layout":"","theme-transparent-header-meta":"","adv-header-id-meta":"","stick-header-meta":"","header-above-stick-meta":"","header-main-stick-meta":"","header-below-stick-meta":"","astra-migrate-meta-layouts":"default","ast-page-background-enabled":"default","ast-page-background-meta":{"desktop":{"background-color":"var(--ast-global-color-5)","background-image":"","background-repeat":"repeat","background-position":"center center","background-size":"auto","background-attachment":"scroll","background-type":"","background-media":"","overlay-type":"","overlay-color":"","overlay-opacity":"","overlay-gradient":""},"tablet":{"background-color":"","background-image":"","background-repeat":"repeat","background-position":"center center","background-size":"auto","background-attachment":"scroll","background-type":"","background-media":"","overlay-type":"","overlay-color":"","overlay-opacity":"","overlay-gradient":""},"mobile":{"background-color":"","background-image":"","background-repeat":"repeat","background-position":"center center","background-size":"auto","background-attachment":"scroll","background-type":"","background-media":"","overlay-type":"","overlay-color":"","overlay-opacity":"","overlay-gradient":""}},"ast-content-background-meta":{"desktop":{"background-color":"var(--ast-global-color-4)","background-image":"","background-repeat":"repeat","background-position":"center center","background-size":"auto","background-attachment":"scroll","background-type":"","background-media":"","overlay-type":"","overlay-color":"","overlay-opacity":"","overlay-gradient":""},"tablet":{"background-color":"var(--ast-global-color-4)","background-image":"","background-repeat":"repeat","background-position":"center center","background-size":"auto","background-attachment":"scroll","background-type":"","background-media":"","overlay-type":"","overlay-color":"","overlay-opacity":"","overlay-gradient":""},"mobile":{"background-color":"var(--ast-global-color-4)","background-image":"","background-repeat":"repeat","background-position":"center center","background-size":"auto","background-attachment":"scroll","background-type":"","background-media":"","overlay-type":"","overlay-color":"","overlay-opacity":"","overlay-gradient":""}},"jetpack_post_was_ever_published":false,"footnotes":"","_links_to":"","_links_to_target":""},"class_list":["post-14664","page","type-page","status-publish","hentry"],"acf":[],"aioseo_notices":[],"jetpack_sharing_enabled":true,"jetpack_shortlink":"https:\/\/wp.me\/P9ZnXU-3Ow","_links":{"self":[{"href":"https:\/\/www.nabcoentrances.com\/fr\/wp-json\/wp\/v2\/pages\/14664","targetHints":{"allow":["GET"]}}],"collection":[{"href":"https:\/\/www.nabcoentrances.com\/fr\/wp-json\/wp\/v2\/pages"}],"about":[{"href":"https:\/\/www.nabcoentrances.com\/fr\/wp-json\/wp\/v2\/types\/page"}],"author":[{"embeddable":true,"href":"https:\/\/www.nabcoentrances.com\/fr\/wp-json\/wp\/v2\/users\/1350"}],"replies":[{"embeddable":true,"href":"https:\/\/www.nabcoentrances.com\/fr\/wp-json\/wp\/v2\/comments?post=14664"}],"version-history":[{"count":0,"href":"https:\/\/www.nabcoentrances.com\/fr\/wp-json\/wp\/v2\/pages\/14664\/revisions"}],"up":[{"embeddable":true,"href":"https:\/\/www.nabcoentrances.com\/fr\/wp-json\/wp\/v2\/pages\/14677"}],"wp:attachment":[{"href":"https:\/\/www.nabcoentrances.com\/fr\/wp-json\/wp\/v2\/media?parent=14664"}],"curies":[{"name":"wp","href":"https:\/\/api.w.org\/{rel}","templated":true}]}}