{"id":14655,"date":"2015-09-14T11:08:30","date_gmt":"2015-09-14T16:08:30","guid":{"rendered":"https:\/\/www.nabcoentrances.com\/ressources-architecturales\/ressources-pedagogiques\/selection-des-portes-et-des-capteurs\/"},"modified":"2015-09-14T11:08:30","modified_gmt":"2015-09-14T16:08:30","slug":"selection-des-portes-et-des-capteurs","status":"publish","type":"page","link":"https:\/\/www.nabcoentrances.com\/fr\/ressources-architecturales\/ressources-pedagogiques\/selection-des-portes-et-des-capteurs\/","title":{"rendered":"S\u00e9lection des portes et des capteurs"},"content":{"rendered":"<h2>D\u00e9mystifier la s\u00e9lection automatique des portes<\/h2>\n<p>98,9 % des usagers pr\u00e9f\u00e8rent les b\u00e2timents \u00e9quip\u00e9s de portes automatiques, selon une enqu\u00eate r\u00e9cente men\u00e9e par SBC Research pour l&#8217;AAADM. Le choix de votre syst\u00e8me d&#8217;entr\u00e9e est important. Plusieurs types distincts de portes automatiques sont disponibles sur le march\u00e9 dans un nombre impressionnant de configurations, d\u00e9velopp\u00e9es pour r\u00e9pondre \u00e0 des besoins sp\u00e9cifiques. Qu&#8217;il s&#8217;agisse d&#8217;une r\u00e9novation ou d&#8217;une nouvelle construction, ces informations aideront les propri\u00e9taires, les architectes, les entrepreneurs et les autres professionnels responsables de la croissance et de l&#8217;entretien de l&#8217;\u00e9tablissement \u00e0 prendre une d\u00e9cision \u00e9clair\u00e9e.   <\/p>\n<h3>Portes automatiques dans les secteurs de la sant\u00e9 et de l&#8217;\u00e9ducation<\/h3>\n<p>94,2 % des personnes interrog\u00e9es s&#8217;attendent \u00e0 trouver des portes automatiques dans les h\u00f4pitaux et 15 % dans les universit\u00e9s.<\/p>\n<p>Les portes automatiques sont pratiques, facilitent l&#8217;acc\u00e8s aux personnes handicap\u00e9es, r\u00e9duisent les co\u00fbts \u00e9nerg\u00e9tiques et augmentent la s\u00e9curit\u00e9. Il est important de prendre en compte le type de trafic qui utilise la porte. Dans les \u00e9coles et les h\u00f4pitaux, on distingue g\u00e9n\u00e9ralement quatre types de trafic : le trafic g\u00e9n\u00e9ral, le trafic des personnes handicap\u00e9es, le trafic des personnes \u00e0 mobilit\u00e9 r\u00e9duite ou le trafic des personnes \u00e2g\u00e9es, le trafic des personnes form\u00e9es (comme le trafic des employ\u00e9s dans les zones non publiques) et le trafic mixte.  <\/p>\n<p>L&#8217;emplacement de la porte d\u00e9termine souvent le mod\u00e8le de porte \u00e0 sp\u00e9cifier. Dans les \u00e9coles et les universit\u00e9s, les portes automatiques sont utilis\u00e9es dans les entr\u00e9es (y compris les portes de s\u00e9curit\u00e9), les couloirs (y compris les portes coupe-feu) et les toilettes. Certaines portes sont class\u00e9es pour l&#8217;infiltration d&#8217;air ou de fum\u00e9e et fonctionnent exceptionnellement bien pour des applications sp\u00e9cialis\u00e9es telles que les salles blanches et les laboratoires.  <\/p>\n<p>Dans les h\u00f4pitaux, les portes automatiques sont pr\u00e9f\u00e9r\u00e9es dans l&#8217;ensemble de l&#8217;\u00e9tablissement pour leur facilit\u00e9 d&#8217;utilisation. Envisagez l&#8217;utilisation de portes automatiques pour les entr\u00e9es et les couloirs (portes coupe-feu), les entr\u00e9es et les couloirs des urgences, partout o\u00f9 la s\u00e9curit\u00e9 est requise, pour les salles \u00e0 pression n\u00e9gative, les salles blanches, les unit\u00e9s de soins intensifs et les unit\u00e9s de soins intensifs, les toilettes et l&#8217;accessibilit\u00e9 aux personnes handicap\u00e9es. <\/p>\n<p>NABCO fabrique les trois grandes cat\u00e9gories de portes.  <strong>Il est important de noter que 83,9 % des personnes pr\u00e9f\u00e8rent les portes coulissantes, 11,4 % les portes battantes et 2,5 % les portes pliantes.<\/strong><\/p>\n<h3>Portes coulissantes<\/h3>\n<p>Les portes coulissantes automatiques sont disponibles en une ou deux parties, en fonction de l&#8217;espace disponible. Ces portes constituent un moyen efficace de permettre une circulation simultan\u00e9e dans les deux sens ou de contr\u00f4ler la circulation directionnelle en d\u00e9signant une porte comme &#8220;entr\u00e9e&#8221; et l&#8217;autre comme &#8220;sortie&#8221;. Cependant, elles ne peuvent pas \u00eatre utilis\u00e9es lorsqu&#8217;un indice de r\u00e9sistance au feu est requis.  <\/p>\n<p>Les portes coulissantes sont disponibles dans des versions enti\u00e8rement vitr\u00e9es, sans barres de renfort ni montants, pour une vue large et d\u00e9gag\u00e9e, id\u00e9ale pour mettre en valeur un hall d&#8217;entr\u00e9e attrayant ou un terrain bien entretenu. Lorsqu&#8217;une grande surface d&#8217;acc\u00e8s est n\u00e9cessaire, les versions t\u00e9lescopiques conviennent parfaitement en offrant une ouverture de porte sup\u00e9rieure de 25 % \u00e0 celle des portes coulissantes standard de m\u00eame taille. Dans les r\u00e9gions du pays o\u00f9 les conditions climatiques sont extr\u00eames, les portes coulissantes et pliantes r\u00e9sistantes aux ouragans et aux chocs contre des objets petits et grands ont \u00e9t\u00e9 con\u00e7ues pour \u00eatre conformes au code de la construction du comt\u00e9 de Miami-Dade.  <\/p>\n<p>Dans les unit\u00e9s de soins intensifs et les unit\u00e9s de soins intensifs, de vastes zones d&#8217;acc\u00e8s sont n\u00e9cessaires pour le transport sans probl\u00e8me des lits, des brancards et d&#8217;autres \u00e9quipements m\u00e9dicaux. \u00c0 cette fin, les portes coulissantes manuelles sont disponibles en version \u00e0 ouverture totale, partielle ou t\u00e9lescopique, avec ou sans rails. Dans les salles de soins intensifs et de soins intensifs d\u00e9sign\u00e9s pour le contr\u00f4le des infections, o\u00f9 les germes en suspension dans l&#8217;air doivent \u00eatre emp\u00each\u00e9s de se propager dans d&#8217;autres zones, des portes coulissantes r\u00e9sistantes aux infiltrations d&#8217;air et de fum\u00e9e sont disponibles. Ces portes robustes sont \u00e9galement id\u00e9ales pour les couloirs o\u00f9 la qualit\u00e9 de l&#8217;air doit \u00eatre maintenue en cas d&#8217;incendie.   <\/p>\n<h3>Portes battantes<\/h3>\n<p>Les portes battantes sont g\u00e9n\u00e9ralement sp\u00e9cifi\u00e9es pour une circulation directionnelle, \u00e0 sens unique. Une porte peut \u00eatre d\u00e9sign\u00e9e comme &#8220;entr\u00e9e&#8221; et l&#8217;autre comme &#8220;sortie&#8221; pour contr\u00f4ler le flux de circulation. Elles ne sont g\u00e9n\u00e9ralement pas recommand\u00e9es pour une circulation simultan\u00e9e dans les deux sens. Les op\u00e9rateurs de portes battantes sont disponibles en version pleine puissance ou en version basse \u00e9nergie. Les portes battantes n\u00e9cessitent de l&#8217;espace \u00e0 la fois du c\u00f4t\u00e9 de l&#8217;approche et du c\u00f4t\u00e9 de l&#8217;ouverture de la porte, ainsi que des dispositifs de s\u00e9curit\u00e9 externes tels que des rails de guidage. Les versions \u00e0 faible consommation d&#8217;\u00e9nergie sont souvent adapt\u00e9es aux personnes handicap\u00e9es, aux personnes \u00e2g\u00e9es ou \u00e0 une circulation pi\u00e9tonne limit\u00e9e.     <\/p>\n<p>Les \u00e9l\u00e9ments communs \u00e0 prendre en compte pour les portes \u00e0 faible consommation d&#8217;\u00e9nergie dans les applications de portes battantes sont : la largeur de l&#8217;ouverture de la porte, les espaces de man\u0153uvre, la quincaillerie, la hauteur des seuils et la pente des rampes. Des exigences suppl\u00e9mentaires pour les portes \u00e9quip\u00e9es d&#8217;op\u00e9rateurs \u00e9lectriques \u00e0 faible consommation d&#8217;\u00e9nergie sont impos\u00e9es par les normes ADA de conformit\u00e9 \u00e0 la norme ANSI\/BHMA. Tous les cinq ans environ, les normes sont r\u00e9examin\u00e9es pour \u00eatre am\u00e9lior\u00e9es et mises \u00e0 jour en fonction des derni\u00e8res technologies, des besoins de l&#8217;industrie et de l&#8217;utilisation des \u00e9quipements de portes automatiques.  <\/p>\n<h3>Portes pliantes<\/h3>\n<p>Lorsque vous avez besoin d&#8217;une entr\u00e9e largement ouverte pour permettre une circulation dans les deux sens, mais que votre espace est limit\u00e9, les portes pliantes combinent la technologie des portes battantes et coulissantes pour r\u00e9pondre \u00e0 vos besoins. La fonction unique de pliage de la porte offre une ouverture beaucoup plus grande que les portes coulissantes comparatives tout en r\u00e9duisant consid\u00e9rablement le balayage par rapport aux portes battantes traditionnelles. Ces portes sont id\u00e9ales pour les applications int\u00e9rieures et ext\u00e9rieures.  <\/p>\n<p>De nombreuses portes peuvent \u00eatre con\u00e7ues pour r\u00e9pondre \u00e0 des applications sp\u00e9ciales pour votre ou vos b\u00e2timents.  <strong>Contactez NABCO pour obtenir de l&#8217;aide dans la s\u00e9lection des produits adapt\u00e9s \u00e0 votre budget et aux exigences de votre projet.<\/strong><\/p>\n<p><a class=\"button\" href=\"https:\/\/www.nabcoentrances.com\/fr\/contact\/\">Contactez nous<\/a><\/p>\n","protected":false},"excerpt":{"rendered":"<p>D\u00e9mystifier la s\u00e9lection automatique des portes 98,9 % des usagers pr\u00e9f\u00e8rent les b\u00e2timents \u00e9quip\u00e9s de portes automatiques, selon une enqu\u00eate [&hellip;]<\/p>\n","protected":false},"author":2,"featured_media":0,"parent":14582,"menu_order":4,"comment_status":"closed","ping_status":"closed","template":"","meta":{"_acf_changed":false,"om_disable_all_campaigns":false,"_monsterinsights_skip_tracking":false,"_monsterinsights_sitenote_active":false,"_monsterinsights_sitenote_note":"","_monsterinsights_sitenote_category":0,"site-sidebar-layout":"default","site-content-layout":"","ast-site-content-layout":"default","site-content-style":"default","site-sidebar-style":"default","ast-global-header-display":"","ast-banner-title-visibility":"","ast-main-header-display":"","ast-hfb-above-header-display":"","ast-hfb-below-header-display":"","ast-hfb-mobile-header-display":"","site-post-title":"","ast-breadcrumbs-content":"","ast-featured-img":"","footer-sml-layout":"","theme-transparent-header-meta":"","adv-header-id-meta":"","stick-header-meta":"","header-above-stick-meta":"","header-main-stick-meta":"","header-below-stick-meta":"","astra-migrate-meta-layouts":"default","ast-page-background-enabled":"default","ast-page-background-meta":{"desktop":{"background-color":"var(--ast-global-color-5)","background-image":"","background-repeat":"repeat","background-position":"center center","background-size":"auto","background-attachment":"scroll","background-type":"","background-media":"","overlay-type":"","overlay-color":"","overlay-opacity":"","overlay-gradient":""},"tablet":{"background-color":"","background-image":"","background-repeat":"repeat","background-position":"center center","background-size":"auto","background-attachment":"scroll","background-type":"","background-media":"","overlay-type":"","overlay-color":"","overlay-opacity":"","overlay-gradient":""},"mobile":{"background-color":"","background-image":"","background-repeat":"repeat","background-position":"center center","background-size":"auto","background-attachment":"scroll","background-type":"","background-media":"","overlay-type":"","overlay-color":"","overlay-opacity":"","overlay-gradient":""}},"ast-content-background-meta":{"desktop":{"background-color":"var(--ast-global-color-4)","background-image":"","background-repeat":"repeat","background-position":"center center","background-size":"auto","background-attachment":"scroll","background-type":"","background-media":"","overlay-type":"","overlay-color":"","overlay-opacity":"","overlay-gradient":""},"tablet":{"background-color":"var(--ast-global-color-4)","background-image":"","background-repeat":"repeat","background-position":"center center","background-size":"auto","background-attachment":"scroll","background-type":"","background-media":"","overlay-type":"","overlay-color":"","overlay-opacity":"","overlay-gradient":""},"mobile":{"background-color":"var(--ast-global-color-4)","background-image":"","background-repeat":"repeat","background-position":"center center","background-size":"auto","background-attachment":"scroll","background-type":"","background-media":"","overlay-type":"","overlay-color":"","overlay-opacity":"","overlay-gradient":""}},"jetpack_post_was_ever_published":false,"footnotes":"","_links_to":"","_links_to_target":""},"class_list":["post-14655","page","type-page","status-publish","hentry"],"acf":[],"aioseo_notices":[],"jetpack_sharing_enabled":true,"jetpack_shortlink":"https:\/\/wp.me\/P9ZnXU-3On","_links":{"self":[{"href":"https:\/\/www.nabcoentrances.com\/fr\/wp-json\/wp\/v2\/pages\/14655","targetHints":{"allow":["GET"]}}],"collection":[{"href":"https:\/\/www.nabcoentrances.com\/fr\/wp-json\/wp\/v2\/pages"}],"about":[{"href":"https:\/\/www.nabcoentrances.com\/fr\/wp-json\/wp\/v2\/types\/page"}],"author":[{"embeddable":true,"href":"https:\/\/www.nabcoentrances.com\/fr\/wp-json\/wp\/v2\/users\/2"}],"replies":[{"embeddable":true,"href":"https:\/\/www.nabcoentrances.com\/fr\/wp-json\/wp\/v2\/comments?post=14655"}],"version-history":[{"count":0,"href":"https:\/\/www.nabcoentrances.com\/fr\/wp-json\/wp\/v2\/pages\/14655\/revisions"}],"up":[{"embeddable":true,"href":"https:\/\/www.nabcoentrances.com\/fr\/wp-json\/wp\/v2\/pages\/14582"}],"wp:attachment":[{"href":"https:\/\/www.nabcoentrances.com\/fr\/wp-json\/wp\/v2\/media?parent=14655"}],"curies":[{"name":"wp","href":"https:\/\/api.w.org\/{rel}","templated":true}]}}