{"id":14623,"date":"2019-08-23T10:22:23","date_gmt":"2019-08-23T15:22:23","guid":{"rendered":"https:\/\/www.nabcoentrances.com\/notre-entreprise\/emplacement-des-succursales\/"},"modified":"2026-03-24T11:11:06","modified_gmt":"2026-03-24T16:11:06","slug":"emplacement-des-succursales","status":"publish","type":"page","link":"https:\/\/www.nabcoentrances.com\/fr\/notre-entreprise\/emplacement-des-succursales\/","title":{"rendered":"Emplacement des succursales"},"content":{"rendered":"\n<h2 class=\"wp-block-heading\">\u00c9tats-Unis<\/h2>\n\n<div class=\"wp-block-columns is-layout-flex wp-container-core-columns-is-layout-28f84493 wp-block-columns-is-layout-flex\">\n<div class=\"wp-block-column is-layout-flow wp-block-column-is-layout-flow\">\n<h3 class=\"wp-block-heading\"><a href=\"https:\/\/www.nabcoentrances.com\/fr\/notre-entreprise\/\" target=\"_blank\" rel=\"noopener\" title=\"\">Entr\u00e9es NABCO -Si\u00e8ge social<\/a><\/h3>\n\n\n\n<p>S82 W18717 Gemini Drive<br\/>Muskego, WI 53150<br\/><strong>T\u00e9l\u00e9phone :<\/strong> 877-622-2694<br\/><strong>Fax :<\/strong> 888-679-3319<\/p>\n<\/div>\n\n\n\n<div class=\"wp-block-column is-layout-flow wp-block-column-is-layout-flow\">\n<h3 class=\"wp-block-heading\"><a href=\"https:\/\/www.nabcoentrances.com\/fr\/service\/trouver-un-distributeur\/service-de-portes-automatiques-en-floride\/\" target=\"_blank\" rel=\"noopener\" title=\"\">NABCO Entrances &#8211; Floride<\/a><\/h3>\n\n\n\n<p>4562 Eagle Falls Pl. Bldg D-Bay 7<br\/>Tampa, FL 33619 <br\/><strong>T\u00e9l\u00e9phone<\/strong>: 800-523-DOOR (3667)<br\/><strong>Fax :<\/strong> 813-623-3453<\/p>\n<\/div>\n\n\n\n<div class=\"wp-block-column is-layout-flow wp-block-column-is-layout-flow\">\n<h3 class=\"wp-block-heading\"><a href=\"https:\/\/www.nabcoentrances.com\/our-company\/nabco-entrances-northeast\/\" target=\"_blank\" rel=\"noopener\" title=\"Entr&#xE9;es NABCO - New York \/ Connecticut\">NABCO Entrances &#8211; New York<\/a><\/h3>\n\n\n\n<p>3180 Express Drive South, Unit H<br\/>Islandia, NY 11749<br\/><strong>Phone :<\/strong> 631-981-2365<br\/><strong>Fax :<\/strong> 631-981-2381<\/p>\n<\/div>\n<\/div>\n\n<div class=\"wp-block-columns is-layout-flex wp-container-core-columns-is-layout-28f84493 wp-block-columns-is-layout-flex\">\n<div class=\"wp-block-column is-layout-flow wp-block-column-is-layout-flow\">\n<h3 class=\"wp-block-heading\"><a href=\"https:\/\/www.nabcoentrances.com\/fr\/service\/trouver-un-distributeur\/service-de-portes-automatiques-au-texas\/\" target=\"_blank\" rel=\"noopener\" title=\"\">NABCO Entrances &#8211; Texas<\/a><\/h3>\n\n\n\n<p>1010 Hercules Avenue<br\/>Houston, TX 77058<br\/><strong>T\u00e9l\u00e9phone :<\/strong> 866-333-2015<br\/><strong>Fax :<\/strong> 832-201-7294<\/p>\n<\/div>\n\n\n\n<div class=\"wp-block-column is-layout-flow wp-block-column-is-layout-flow\">\n<h3 class=\"wp-block-heading\"><a href=\"https:\/\/www.nabcoentrances.com\/fr\/service\/trouver-un-distributeur\/service-de-portes-automatiques-dans-le-wisconsin\/\" target=\"_blank\" rel=\"noopener\" title=\"\">NABCO Entrances &#8211; Wisconsin<\/a><\/h3>\n\n\n\n<p>S81 W18475 Gemini Dr.<br\/>Muskego, WI 53150<br\/><strong>T\u00e9l\u00e9phone :<\/strong> 800-777-4069<br\/><strong>Fax :<\/strong> 419-842-1455<\/p>\n<\/div>\n<\/div>\n\n<h2 class=\"wp-block-heading\">Canada<\/h2>\n\n<div class=\"wp-block-columns is-layout-flex wp-container-core-columns-is-layout-28f84493 wp-block-columns-is-layout-flex\">\n<div class=\"wp-block-column is-layout-flow wp-block-column-is-layout-flow\">\n<h3 class=\"wp-block-heading\"><a href=\"https:\/\/www.nabcoentrances.com\/fr\/notre-entreprise\/nabco-canada-kelowna-porte-automatique-interieure\/\" target=\"_blank\" rel=\"noopener\" title=\"\">NABCO Canada Kelowna &#8211; Porte automatique int\u00e9rieure<\/a><\/h3>\n\n\n\n<p>10-1385 Stevens Rd.<br\/>Kelowna, BC V1Z 2S8<br\/><strong>Phone :<\/strong> 250-769-7000<br\/><strong>Fax :<\/strong> 250-769-7177<\/p>\n<\/div>\n\n\n\n<div class=\"wp-block-column is-layout-flow wp-block-column-is-layout-flow\">\n<h3 class=\"wp-block-heading\"><a href=\"https:\/\/www.nabcoentrances.com\/fr\/notre-entreprise\/nabco-canada-montreal-est\/\" target=\"_blank\" rel=\"noopener\" title=\"\">NABCO Canada &#8211; Montr\u00e9al Est<\/a><\/h3>\n\n\n\n<p>3228, Av. Jacques-Bureau<br\/>Laval, QC H7P 0A9 <br\/><strong>T\u00e9l\u00e9phone :<\/strong> 514-640-1800<\/p>\n<\/div>\n\n\n\n<div class=\"wp-block-column is-layout-flow wp-block-column-is-layout-flow\">\n<h3 class=\"wp-block-heading\"><a href=\"https:\/\/www.nabcoentrances.com\/fr\/nabco-canada-succursale-du-quebec\/\" target=\"_blank\" rel=\"noopener\" title=\"\">NABCO Canada &#8211; Qu\u00e9bec<\/a><\/h3>\n\n\n\n<p>595 Bd. Pierre Bertrand, Unit\u00e9 105<br\/>Qu\u00e9bec, QC G1M 3T8 <br\/><strong>T\u00e9l\u00e9phone :<\/strong> 418-527-3462<br\/><strong>Fax :<\/strong> 418-527-6632<\/p>\n<\/div>\n<\/div>\n\n<div class=\"wp-block-columns is-layout-flex wp-container-core-columns-is-layout-28f84493 wp-block-columns-is-layout-flex\">\n<div class=\"wp-block-column is-layout-flow wp-block-column-is-layout-flow\">\n<h3 class=\"wp-block-heading\"><a href=\"https:\/\/www.nabcoentrances.com\/fr\/notre-entreprise\/nabco-canada-porte-royale-moncton\/\" target=\"_blank\" rel=\"noopener\" title=\"NABCO Canada - Porte Royale Moncton\">NABCO Canada &#8211; Porte Royale Moncton<\/a><\/h3>\n\n\n\n<p>105 rue Henri Dunant<br\/>Moncton, NB E1E 1E4<br\/><strong>T\u00e9l :<\/strong> 506-857-4075<br\/><strong>Fax :<\/strong> 506-857-0978<\/p>\n<\/div>\n\n\n\n<div class=\"wp-block-column is-layout-flow wp-block-column-is-layout-flow\">\n<h3 class=\"wp-block-heading\"><a href=\"https:\/\/www.nabcoentrances.com\/fr\/nabco-canada-royal-door-halifax\/\" target=\"_blank\" rel=\"noopener\" title=\"\">NABCO Canada &#8211; Royal Door Halifax<\/a><\/h3>\n\n\n\n<p>109 Simmonds Drive, Unit 2<br\/>Dartmouth, NS B3B 1N7<br\/><strong>Phone :<\/strong> 506-857-4075<br\/><strong>Fax<\/strong>: 506-857-0978<\/p>\n<\/div>\n\n\n\n<div class=\"wp-block-column is-layout-flow wp-block-column-is-layout-flow\">\n<h3 class=\"wp-block-heading\"><a href=\"https:\/\/www.nabcoentrances.com\/fr\/nabco-canada-ouest-du-canada-2\/\" target=\"_blank\" rel=\"noopener\" title=\"\">NABCO Canada &#8211; Ouest du Canada<\/a><\/h3>\n\n\n\n<p>Bldg. B, 3117-16 Street NE <br\/>Calgary, AB T2E 7K8 <br\/><strong>T\u00e9l\u00e9phone : 403-294-9331<\/strong> 403-294-9331<\/p>\n<\/div>\n<\/div>\n\n<div class=\"wp-block-columns is-layout-flex wp-container-core-columns-is-layout-28f84493 wp-block-columns-is-layout-flex\">\n<div class=\"wp-block-column is-layout-flow wp-block-column-is-layout-flow\">\n<h3 class=\"wp-block-heading\"><a href=\"https:\/\/www.nabcoentrances.com\/fr\/nabco-canada-sw-ontario-london\/\" target=\"_blank\" rel=\"noopener nofollow\" title=\"\">NABCO Canada &#8211; SW Ontario &#8211; London<\/a><\/h3>\n\n\n\n<p>319 Neptune Crescent<br\/>London, ON N6M 1A9<br\/><strong>T\u00e9l\u00e9phone :<\/strong> 1-800-498-2206<\/p>\n<\/div>\n\n\n\n<div class=\"wp-block-column is-layout-flow wp-block-column-is-layout-flow\">\n<h3 class=\"wp-block-heading\"><a href=\"https:\/\/www.nabcoentrances.com\/fr\/nabco-canada-region-de-lontario\/\" target=\"_blank\" rel=\"noopener\" title=\"\">NABCO Canada Ontario &#8211; Toronto<\/a><\/h3>\n\n\n\n<p>110 W. Beaver Creek Rd., Unit 12<br\/>Richmond Hill, ON L4B 1J9<br\/><strong>Phone :<\/strong> 1-800-498-2206<\/p>\n<\/div>\n<\/div>\n","protected":false},"excerpt":{"rendered":"<p>\u00c9tats-Unis Entr\u00e9es NABCO -Si\u00e8ge social S82 W18717 Gemini DriveMuskego, WI 53150T\u00e9l\u00e9phone : 877-622-2694Fax : 888-679-3319 NABCO Entrances &#8211; Floride 4562 [&hellip;]<\/p>\n","protected":false},"author":1154,"featured_media":0,"parent":14577,"menu_order":0,"comment_status":"closed","ping_status":"closed","template":"","meta":{"_acf_changed":false,"om_disable_all_campaigns":false,"_monsterinsights_skip_tracking":false,"_monsterinsights_sitenote_active":false,"_monsterinsights_sitenote_note":"","_monsterinsights_sitenote_category":0,"site-sidebar-layout":"default","site-content-layout":"","ast-site-content-layout":"default","site-content-style":"default","site-sidebar-style":"default","ast-global-header-display":"","ast-banner-title-visibility":"","ast-main-header-display":"","ast-hfb-above-header-display":"","ast-hfb-below-header-display":"","ast-hfb-mobile-header-display":"","site-post-title":"","ast-breadcrumbs-content":"","ast-featured-img":"","footer-sml-layout":"","theme-transparent-header-meta":"","adv-header-id-meta":"","stick-header-meta":"","header-above-stick-meta":"","header-main-stick-meta":"","header-below-stick-meta":"","astra-migrate-meta-layouts":"default","ast-page-background-enabled":"default","ast-page-background-meta":{"desktop":{"background-color":"var(--ast-global-color-5)","background-image":"","background-repeat":"repeat","background-position":"center center","background-size":"auto","background-attachment":"scroll","background-type":"","background-media":"","overlay-type":"","overlay-color":"","overlay-opacity":"","overlay-gradient":""},"tablet":{"background-color":"","background-image":"","background-repeat":"repeat","background-position":"center center","background-size":"auto","background-attachment":"scroll","background-type":"","background-media":"","overlay-type":"","overlay-color":"","overlay-opacity":"","overlay-gradient":""},"mobile":{"background-color":"","background-image":"","background-repeat":"repeat","background-position":"center center","background-size":"auto","background-attachment":"scroll","background-type":"","background-media":"","overlay-type":"","overlay-color":"","overlay-opacity":"","overlay-gradient":""}},"ast-content-background-meta":{"desktop":{"background-color":"var(--ast-global-color-4)","background-image":"","background-repeat":"repeat","background-position":"center center","background-size":"auto","background-attachment":"scroll","background-type":"","background-media":"","overlay-type":"","overlay-color":"","overlay-opacity":"","overlay-gradient":""},"tablet":{"background-color":"var(--ast-global-color-4)","background-image":"","background-repeat":"repeat","background-position":"center center","background-size":"auto","background-attachment":"scroll","background-type":"","background-media":"","overlay-type":"","overlay-color":"","overlay-opacity":"","overlay-gradient":""},"mobile":{"background-color":"var(--ast-global-color-4)","background-image":"","background-repeat":"repeat","background-position":"center center","background-size":"auto","background-attachment":"scroll","background-type":"","background-media":"","overlay-type":"","overlay-color":"","overlay-opacity":"","overlay-gradient":""}},"jetpack_post_was_ever_published":false,"footnotes":"","_links_to":"","_links_to_target":""},"class_list":["post-14623","page","type-page","status-publish","hentry"],"acf":[],"aioseo_notices":[],"jetpack_sharing_enabled":true,"jetpack_shortlink":"https:\/\/wp.me\/P9ZnXU-3NR","_links":{"self":[{"href":"https:\/\/www.nabcoentrances.com\/fr\/wp-json\/wp\/v2\/pages\/14623","targetHints":{"allow":["GET"]}}],"collection":[{"href":"https:\/\/www.nabcoentrances.com\/fr\/wp-json\/wp\/v2\/pages"}],"about":[{"href":"https:\/\/www.nabcoentrances.com\/fr\/wp-json\/wp\/v2\/types\/page"}],"author":[{"embeddable":true,"href":"https:\/\/www.nabcoentrances.com\/fr\/wp-json\/wp\/v2\/users\/1154"}],"replies":[{"embeddable":true,"href":"https:\/\/www.nabcoentrances.com\/fr\/wp-json\/wp\/v2\/comments?post=14623"}],"version-history":[{"count":0,"href":"https:\/\/www.nabcoentrances.com\/fr\/wp-json\/wp\/v2\/pages\/14623\/revisions"}],"up":[{"embeddable":true,"href":"https:\/\/www.nabcoentrances.com\/fr\/wp-json\/wp\/v2\/pages\/14577"}],"wp:attachment":[{"href":"https:\/\/www.nabcoentrances.com\/fr\/wp-json\/wp\/v2\/media?parent=14623"}],"curies":[{"name":"wp","href":"https:\/\/api.w.org\/{rel}","templated":true}]}}