{"id":14620,"date":"2017-05-31T14:43:40","date_gmt":"2017-05-31T19:43:40","guid":{"rendered":"https:\/\/www.nabcoentrances.com\/produits\/portes-coulissantes-hermetic\/"},"modified":"2026-03-24T11:10:03","modified_gmt":"2026-03-24T16:10:03","slug":"portes-coulissantes-hermetic","status":"publish","type":"page","link":"https:\/\/www.nabcoentrances.com\/fr\/produits\/portes-coulissantes-hermetic\/","title":{"rendered":"Portes coulissantes Hermetic"},"content":{"rendered":"<h2>Portes coulissantes herm\u00e9tiques : Pour des op\u00e9rations mains libres<\/h2>\n<p>Les <strong>portes herm\u00e9tiques de la s\u00e9rie GT9000 de NABCO<\/strong> sont des portes coulissantes automatiques mont\u00e9es en surface, con\u00e7ues pour des applications de contr\u00f4le de l&#8217;hygi\u00e8ne de haut niveau. Notre porte coulissante herm\u00e9tique est acoustique et offre un fonctionnement mains libres pour le contr\u00f4le des infections, ce qui la rend id\u00e9ale pour les salles d&#8217;op\u00e9ration et les salles de radiographie. Elle est \u00e9galement con\u00e7ue pour des applications industrielles, y compris les salles blanches, les laboratoires et les installations pharmaceutiques. <\/p>\n<p><a class=\"button\" href=\"https:\/\/www.nabcoentrances.com\/fr\/contact\/\">Contactez-nous pour des solutions de portes coulissantes herm\u00e9tiques<\/a><\/p>\n<div class=\"thumbs\">\n                <a href=\"https:\/\/www.nabcoentrances.com\/fr\/product\/porte-coulissante-hermetique\/\" class=\"p4\">\n                    <img decoding=\"async\" src=\"https:\/\/i0.wp.com\/www.nabcoentrances.com\/wp-content\/uploads\/2017\/06\/NAX_passage_alumi_150318.jpg?resize=150%2C100&#038;ssl=1\" \/>\n                    <h3>Porte coulissante herm\u00e9tique<\/h3>\n                    <p>S\u00e9rie GT9000 | Automatique<\/p>\n                <\/a>\n            <\/div>\n\n<p><\/p>\n","protected":false},"excerpt":{"rendered":"<p>Portes coulissantes herm\u00e9tiques : Pour des op\u00e9rations mains libres Les portes herm\u00e9tiques de la s\u00e9rie GT9000 de NABCO sont des [&hellip;]<\/p>\n","protected":false},"author":2,"featured_media":0,"parent":14571,"menu_order":4,"comment_status":"closed","ping_status":"closed","template":"","meta":{"_acf_changed":false,"om_disable_all_campaigns":false,"_monsterinsights_skip_tracking":false,"_monsterinsights_sitenote_active":false,"_monsterinsights_sitenote_note":"","_monsterinsights_sitenote_category":0,"site-sidebar-layout":"default","site-content-layout":"","ast-site-content-layout":"default","site-content-style":"default","site-sidebar-style":"default","ast-global-header-display":"","ast-banner-title-visibility":"","ast-main-header-display":"","ast-hfb-above-header-display":"","ast-hfb-below-header-display":"","ast-hfb-mobile-header-display":"","site-post-title":"disabled","ast-breadcrumbs-content":"","ast-featured-img":"","footer-sml-layout":"","theme-transparent-header-meta":"","adv-header-id-meta":"","stick-header-meta":"","header-above-stick-meta":"","header-main-stick-meta":"","header-below-stick-meta":"","astra-migrate-meta-layouts":"default","ast-page-background-enabled":"default","ast-page-background-meta":{"desktop":{"background-color":"var(--ast-global-color-5)","background-image":"","background-repeat":"repeat","background-position":"center center","background-size":"auto","background-attachment":"scroll","background-type":"","background-media":"","overlay-type":"","overlay-color":"","overlay-opacity":"","overlay-gradient":""},"tablet":{"background-color":"","background-image":"","background-repeat":"repeat","background-position":"center center","background-size":"auto","background-attachment":"scroll","background-type":"","background-media":"","overlay-type":"","overlay-color":"","overlay-opacity":"","overlay-gradient":""},"mobile":{"background-color":"","background-image":"","background-repeat":"repeat","background-position":"center center","background-size":"auto","background-attachment":"scroll","background-type":"","background-media":"","overlay-type":"","overlay-color":"","overlay-opacity":"","overlay-gradient":""}},"ast-content-background-meta":{"desktop":{"background-color":"var(--ast-global-color-4)","background-image":"","background-repeat":"repeat","background-position":"center center","background-size":"auto","background-attachment":"scroll","background-type":"","background-media":"","overlay-type":"","overlay-color":"","overlay-opacity":"","overlay-gradient":""},"tablet":{"background-color":"var(--ast-global-color-4)","background-image":"","background-repeat":"repeat","background-position":"center center","background-size":"auto","background-attachment":"scroll","background-type":"","background-media":"","overlay-type":"","overlay-color":"","overlay-opacity":"","overlay-gradient":""},"mobile":{"background-color":"var(--ast-global-color-4)","background-image":"","background-repeat":"repeat","background-position":"center center","background-size":"auto","background-attachment":"scroll","background-type":"","background-media":"","overlay-type":"","overlay-color":"","overlay-opacity":"","overlay-gradient":""}},"jetpack_post_was_ever_published":false,"footnotes":"","_links_to":"","_links_to_target":""},"class_list":["post-14620","page","type-page","status-publish","hentry"],"acf":[],"aioseo_notices":[],"jetpack_sharing_enabled":true,"jetpack_shortlink":"https:\/\/wp.me\/P9ZnXU-3NO","_links":{"self":[{"href":"https:\/\/www.nabcoentrances.com\/fr\/wp-json\/wp\/v2\/pages\/14620","targetHints":{"allow":["GET"]}}],"collection":[{"href":"https:\/\/www.nabcoentrances.com\/fr\/wp-json\/wp\/v2\/pages"}],"about":[{"href":"https:\/\/www.nabcoentrances.com\/fr\/wp-json\/wp\/v2\/types\/page"}],"author":[{"embeddable":true,"href":"https:\/\/www.nabcoentrances.com\/fr\/wp-json\/wp\/v2\/users\/2"}],"replies":[{"embeddable":true,"href":"https:\/\/www.nabcoentrances.com\/fr\/wp-json\/wp\/v2\/comments?post=14620"}],"version-history":[{"count":0,"href":"https:\/\/www.nabcoentrances.com\/fr\/wp-json\/wp\/v2\/pages\/14620\/revisions"}],"up":[{"embeddable":true,"href":"https:\/\/www.nabcoentrances.com\/fr\/wp-json\/wp\/v2\/pages\/14571"}],"wp:attachment":[{"href":"https:\/\/www.nabcoentrances.com\/fr\/wp-json\/wp\/v2\/media?parent=14620"}],"curies":[{"name":"wp","href":"https:\/\/api.w.org\/{rel}","templated":true}]}}