{"id":14618,"date":"2017-08-07T16:10:13","date_gmt":"2017-08-07T21:10:13","guid":{"rendered":"https:\/\/www.nabcoentrances.com\/notre-entreprise\/nabco-entrances-wisconsin\/"},"modified":"2026-03-24T11:10:06","modified_gmt":"2026-03-24T16:10:06","slug":"nabco-entrances-wisconsin","status":"publish","type":"page","link":"https:\/\/www.nabcoentrances.com\/fr\/notre-entreprise\/nabco-entrances-wisconsin\/","title":{"rendered":"NABCO Entrances &#8211; Wisconsin"},"content":{"rendered":"<h2>NABCO Entrances &#8211; Succursale du Wisconsin<\/h2>\n<p>La succursale NABCO du Wisconsin propose l&#8217;installation de nouvelles portes automatiques et des services de r\u00e9paration de portes automatiques dans la r\u00e9gion m\u00e9tropolitaine de Milwaukee, Madison, Fox Valley, Appleton, Fond Du Lac et Green Bay avec des techniciens certifi\u00e9s AAADM. Nous sommes qualifi\u00e9s pour assurer l&#8217;entretien et la maintenance de toute porte automatique, quel qu&#8217;en soit le fabricant, afin de prolonger la dur\u00e9e de vie de l&#8217;\u00e9quipement et de r\u00e9duire le temps d&#8217;immobilisation global n\u00e9cessaire \u00e0 l&#8217;entretien d&#8217;une porte. <\/p>\n<p>Appelez ou envoyez un courriel \u00e0 la succursale de NABCO Entrances Wisconsin pour un service de porte automatique, des r\u00e9parations de porte automatique ou l&#8217;installation d&#8217;une porte automatique d\u00e8s aujourd&#8217;hui !<\/p>\n<h5><a href=\"mailto:By%20Email:%20NabcoWI@nabcoentrances.com\">Envoyez un courriel \u00e0 la branche NABCO du Wisconsin<\/a><\/h5>\n<h5><a href=\"https:\/\/g.page\/nabco-entrances-wisconsin?we\">Adresse postale :<\/a><\/h5>\n<p>S81 W18475 Gemini Dr.<br \/>\nMuskego, WI 53150-9222<\/p>\n<p><strong>T\u00e9l\u00e9phone<\/strong>: 800-777-4069<br \/>\n<strong>Fax :<\/strong> 262-860-2225<\/p>\n","protected":false},"excerpt":{"rendered":"<p>NABCO Entrances &#8211; Succursale du Wisconsin La succursale NABCO du Wisconsin propose l&#8217;installation de nouvelles portes automatiques et des services [&hellip;]<\/p>\n","protected":false},"author":2,"featured_media":0,"parent":14577,"menu_order":6,"comment_status":"closed","ping_status":"closed","template":"template-locations.php","meta":{"_acf_changed":false,"om_disable_all_campaigns":false,"_monsterinsights_skip_tracking":false,"_monsterinsights_sitenote_active":false,"_monsterinsights_sitenote_note":"","_monsterinsights_sitenote_category":0,"site-sidebar-layout":"default","site-content-layout":"","ast-site-content-layout":"default","site-content-style":"default","site-sidebar-style":"default","ast-global-header-display":"","ast-banner-title-visibility":"","ast-main-header-display":"","ast-hfb-above-header-display":"","ast-hfb-below-header-display":"","ast-hfb-mobile-header-display":"","site-post-title":"","ast-breadcrumbs-content":"","ast-featured-img":"","footer-sml-layout":"","theme-transparent-header-meta":"","adv-header-id-meta":"","stick-header-meta":"","header-above-stick-meta":"","header-main-stick-meta":"","header-below-stick-meta":"","astra-migrate-meta-layouts":"default","ast-page-background-enabled":"default","ast-page-background-meta":{"desktop":{"background-color":"var(--ast-global-color-5)","background-image":"","background-repeat":"repeat","background-position":"center center","background-size":"auto","background-attachment":"scroll","background-type":"","background-media":"","overlay-type":"","overlay-color":"","overlay-opacity":"","overlay-gradient":""},"tablet":{"background-color":"","background-image":"","background-repeat":"repeat","background-position":"center center","background-size":"auto","background-attachment":"scroll","background-type":"","background-media":"","overlay-type":"","overlay-color":"","overlay-opacity":"","overlay-gradient":""},"mobile":{"background-color":"","background-image":"","background-repeat":"repeat","background-position":"center center","background-size":"auto","background-attachment":"scroll","background-type":"","background-media":"","overlay-type":"","overlay-color":"","overlay-opacity":"","overlay-gradient":""}},"ast-content-background-meta":{"desktop":{"background-color":"var(--ast-global-color-4)","background-image":"","background-repeat":"repeat","background-position":"center center","background-size":"auto","background-attachment":"scroll","background-type":"","background-media":"","overlay-type":"","overlay-color":"","overlay-opacity":"","overlay-gradient":""},"tablet":{"background-color":"var(--ast-global-color-4)","background-image":"","background-repeat":"repeat","background-position":"center center","background-size":"auto","background-attachment":"scroll","background-type":"","background-media":"","overlay-type":"","overlay-color":"","overlay-opacity":"","overlay-gradient":""},"mobile":{"background-color":"var(--ast-global-color-4)","background-image":"","background-repeat":"repeat","background-position":"center center","background-size":"auto","background-attachment":"scroll","background-type":"","background-media":"","overlay-type":"","overlay-color":"","overlay-opacity":"","overlay-gradient":""}},"footnotes":"","_links_to":"","_links_to_target":""},"class_list":["post-14618","page","type-page","status-publish","hentry"],"acf":[],"aioseo_notices":[],"jetpack_sharing_enabled":true,"jetpack_shortlink":"https:\/\/wp.me\/P9ZnXU-3NM","_links":{"self":[{"href":"https:\/\/www.nabcoentrances.com\/fr\/wp-json\/wp\/v2\/pages\/14618","targetHints":{"allow":["GET"]}}],"collection":[{"href":"https:\/\/www.nabcoentrances.com\/fr\/wp-json\/wp\/v2\/pages"}],"about":[{"href":"https:\/\/www.nabcoentrances.com\/fr\/wp-json\/wp\/v2\/types\/page"}],"author":[{"embeddable":true,"href":"https:\/\/www.nabcoentrances.com\/fr\/wp-json\/wp\/v2\/users\/2"}],"replies":[{"embeddable":true,"href":"https:\/\/www.nabcoentrances.com\/fr\/wp-json\/wp\/v2\/comments?post=14618"}],"version-history":[{"count":0,"href":"https:\/\/www.nabcoentrances.com\/fr\/wp-json\/wp\/v2\/pages\/14618\/revisions"}],"up":[{"embeddable":true,"href":"https:\/\/www.nabcoentrances.com\/fr\/wp-json\/wp\/v2\/pages\/14577"}],"wp:attachment":[{"href":"https:\/\/www.nabcoentrances.com\/fr\/wp-json\/wp\/v2\/media?parent=14618"}],"curies":[{"name":"wp","href":"https:\/\/api.w.org\/{rel}","templated":true}]}}