{"id":14616,"date":"2020-03-26T10:02:06","date_gmt":"2020-03-26T15:02:06","guid":{"rendered":"https:\/\/www.nabcoentrances.com\/terminal-net-handy-net-ht\/"},"modified":"2026-03-24T11:10:50","modified_gmt":"2026-03-24T16:10:50","slug":"terminal-net-handy-net-ht","status":"publish","type":"page","link":"https:\/\/www.nabcoentrances.com\/fr\/mynabco\/terminal-net-handy-net-ht\/","title":{"rendered":"Terminal NET-Handy (NET-HT)"},"content":{"rendered":"<h2 class=\"wp-block-post-title\">Terminal NET-Handy (NET-HT)<\/h2>\n<p>Le logiciel NABCO NET-HT ne peut \u00eatre install\u00e9 que sur des appareils Android. Cette application permet aux appareils Android compatibles de r\u00e9gler et d&#8217;ajuster les unit\u00e9s de fonctionnement automatique des portes lorsqu&#8217;ils sont coupl\u00e9s \u00e0 l&#8217;adaptateur de communication UG-A12 en utilisant la connectivit\u00e9 sans fil. Veuillez suivre les \u00e9tapes ci-dessous pour configurer votre nouveau logiciel NET-HT sur un appareil Android compatible.  <\/p>\n\n<p>\u00c9tape 1 : <a href=\"https:\/\/www.nabcoentrances.com\/wp-content\/uploads\/2021\/12\/C-00350-Manual-NET-Handy-Terminal-Programming.pdf\" target=\"_blank\" rel=\"noreferrer noopener\" title=\"https:\/\/www.nabcoentrances.com\/wp-content\/uploads\/2020\/03\/C-00350-NET-Handy-Terminal-Program-Manual.pdf\">Manuel d&#8217;instruction du terminal Net-Handy<\/a><\/p>\n\n<p>\u00c9tape 2 : <a href=\"https:\/\/www.nabcoentrances.com\/wp-content\/uploads\/2024\/08\/NET-HT-A_2.3.17.apk\" target=\"_blank\" rel=\"noopener\" title=\"T&#xE9;l&#xE9;chargez le terminal Net-Handy (Android uniquement)\">T\u00e9l\u00e9charger le terminal Net-Handy (Android uniquement)<\/a><\/p>\n\n<p><a href=\"https:\/\/www.nabcoentrances.com\/video\/installing-the-net-ht-application-on-android\/\" target=\"_blank\" rel=\"noopener\" title=\"\">Lien vid\u00e9o : Installation du logiciel NET-Handy Terminal<\/a><\/p>\n\n<p>\u00c9tape 3 : <a href=\"https:\/\/www.nabcoentrances.com\/fr\/demande-de-net-ht\/\" target=\"_blank\" rel=\"noopener\" title=\"https:\/\/www.nabcoentrances.com\/net-ht-request\/\">Demandez un num\u00e9ro pour l&#8217;application Android NET-Handy Terminal. <\/a> <\/p>\n\n<p><a href=\"https:\/\/www.nabcoentrances.com\/video\/licensing-and-connecting-the-module-nabco-bluetooth-handy-terminal\/\" target=\"_blank\" rel=\"noopener\" title=\"\">Lien vid\u00e9o : Licence et connexion au module Bluetooth<\/a><\/p>\n\n<p><a href=\"https:\/\/www.nabcoentrances.com\/video\/navigating-net-ht-software-video-3-of-3\/\" target=\"_blank\" rel=\"noopener\" title=\"\">Lien vid\u00e9o : Naviguer dans le logiciel NET-Handy<\/a><\/p>\n\n<p><a href=\"https:\/\/www.nabcoentrances.com\/wp-content\/uploads\/2025\/09\/HT-LIB_1.2.2.apk\" title=\"\">T\u00e9l\u00e9chargez l&#8217;application HT-Library (Android uniquement)<\/a><\/p>\n\n<p><\/p>\n","protected":false},"excerpt":{"rendered":"<p>Le logiciel NABCO NET-HT ne peut \u00eatre install\u00e9 que sur des appareils Android. Cette application permet aux appareils Android compatibles [&hellip;]<\/p>\n","protected":false},"author":1504,"featured_media":0,"parent":14652,"menu_order":5,"comment_status":"closed","ping_status":"closed","template":"","meta":{"_acf_changed":false,"om_disable_all_campaigns":false,"_monsterinsights_skip_tracking":false,"_monsterinsights_sitenote_active":false,"_monsterinsights_sitenote_note":"","_monsterinsights_sitenote_category":0,"site-sidebar-layout":"default","site-content-layout":"","ast-site-content-layout":"default","site-content-style":"default","site-sidebar-style":"default","ast-global-header-display":"","ast-banner-title-visibility":"","ast-main-header-display":"","ast-hfb-above-header-display":"","ast-hfb-below-header-display":"","ast-hfb-mobile-header-display":"","site-post-title":"","ast-breadcrumbs-content":"","ast-featured-img":"","footer-sml-layout":"","theme-transparent-header-meta":"","adv-header-id-meta":"","stick-header-meta":"","header-above-stick-meta":"","header-main-stick-meta":"","header-below-stick-meta":"","astra-migrate-meta-layouts":"default","ast-page-background-enabled":"default","ast-page-background-meta":{"desktop":{"background-color":"var(--ast-global-color-5)","background-image":"","background-repeat":"repeat","background-position":"center center","background-size":"auto","background-attachment":"scroll","background-type":"","background-media":"","overlay-type":"","overlay-color":"","overlay-opacity":"","overlay-gradient":""},"tablet":{"background-color":"","background-image":"","background-repeat":"repeat","background-position":"center center","background-size":"auto","background-attachment":"scroll","background-type":"","background-media":"","overlay-type":"","overlay-color":"","overlay-opacity":"","overlay-gradient":""},"mobile":{"background-color":"","background-image":"","background-repeat":"repeat","background-position":"center center","background-size":"auto","background-attachment":"scroll","background-type":"","background-media":"","overlay-type":"","overlay-color":"","overlay-opacity":"","overlay-gradient":""}},"ast-content-background-meta":{"desktop":{"background-color":"var(--ast-global-color-4)","background-image":"","background-repeat":"repeat","background-position":"center center","background-size":"auto","background-attachment":"scroll","background-type":"","background-media":"","overlay-type":"","overlay-color":"","overlay-opacity":"","overlay-gradient":""},"tablet":{"background-color":"var(--ast-global-color-4)","background-image":"","background-repeat":"repeat","background-position":"center center","background-size":"auto","background-attachment":"scroll","background-type":"","background-media":"","overlay-type":"","overlay-color":"","overlay-opacity":"","overlay-gradient":""},"mobile":{"background-color":"var(--ast-global-color-4)","background-image":"","background-repeat":"repeat","background-position":"center center","background-size":"auto","background-attachment":"scroll","background-type":"","background-media":"","overlay-type":"","overlay-color":"","overlay-opacity":"","overlay-gradient":""}},"jetpack_post_was_ever_published":false,"footnotes":"","_links_to":"","_links_to_target":""},"class_list":["post-14616","page","type-page","status-publish","hentry"],"acf":[],"aioseo_notices":[],"jetpack_sharing_enabled":true,"jetpack_shortlink":"https:\/\/wp.me\/P9ZnXU-3NK","_links":{"self":[{"href":"https:\/\/www.nabcoentrances.com\/fr\/wp-json\/wp\/v2\/pages\/14616","targetHints":{"allow":["GET"]}}],"collection":[{"href":"https:\/\/www.nabcoentrances.com\/fr\/wp-json\/wp\/v2\/pages"}],"about":[{"href":"https:\/\/www.nabcoentrances.com\/fr\/wp-json\/wp\/v2\/types\/page"}],"author":[{"embeddable":true,"href":"https:\/\/www.nabcoentrances.com\/fr\/wp-json\/wp\/v2\/users\/1504"}],"replies":[{"embeddable":true,"href":"https:\/\/www.nabcoentrances.com\/fr\/wp-json\/wp\/v2\/comments?post=14616"}],"version-history":[{"count":0,"href":"https:\/\/www.nabcoentrances.com\/fr\/wp-json\/wp\/v2\/pages\/14616\/revisions"}],"up":[{"embeddable":true,"href":"https:\/\/www.nabcoentrances.com\/fr\/wp-json\/wp\/v2\/pages\/14652"}],"wp:attachment":[{"href":"https:\/\/www.nabcoentrances.com\/fr\/wp-json\/wp\/v2\/media?parent=14616"}],"curies":[{"name":"wp","href":"https:\/\/api.w.org\/{rel}","templated":true}]}}