{"id":14602,"date":"2018-05-21T15:22:10","date_gmt":"2018-05-21T20:22:10","guid":{"rendered":"https:\/\/www.nabcoentrances.com\/gt8300-8400-nabco-tech-app\/"},"modified":"2026-03-24T11:09:50","modified_gmt":"2026-03-24T16:09:50","slug":"gt8300-8400-nabco-tech-app","status":"publish","type":"page","link":"https:\/\/www.nabcoentrances.com\/fr\/gt8300-8400-nabco-tech-app\/","title":{"rendered":"GT(8)300 (8)400 NABCO Tech App"},"content":{"rendered":"<p><span style=\"color: #000000; text-decoration: underline;\"><strong><span style=\"font-family: arial,helvetica,sans-serif; font-size: 18pt;\">GT(8)300\/(8)400 Fichiers de t\u00e9l\u00e9chargement actuels<\/span><\/strong><\/span><\/p>\n<p><a href=\"https:\/\/www.nabcoentrances.com\/wp-content\/uploads\/2017\/08\/C-00139-OpusCntrl-WireProgrm-Rev-3-9-18.pdf\">C-00139 Manuel de c\u00e2blage et de programmation Opus Control Rev 3-9-18<\/a><\/p>\n<p><a href=\"https:\/\/www.nabcoentrances.com\/wp-content\/uploads\/2017\/06\/C-00175-Opus-83008350-OHC-Rev-5-23-18.pdf\">C-00175 (8)300 OHC Manuel d&#8217;installation Rev 5-23-18<\/a><\/p>\n<p><a href=\"https:\/\/www.nabcoentrances.com\/wp-content\/uploads\/2017\/05\/C-00174-Opus-400-500-600-CU-Installation-Manual-Rev-7-5-17.pdf\">C-00174 400-500-600 CU Manuel d&#8217;installation Rev 7-5-17<\/a><\/p>\n<p>&nbsp;<\/p>\n","protected":false},"excerpt":{"rendered":"<p>GT(8)300\/(8)400 Fichiers de t\u00e9l\u00e9chargement actuels C-00139 Manuel de c\u00e2blage et de programmation Opus Control Rev 3-9-18 C-00175 (8)300 OHC Manuel [&hellip;]<\/p>\n","protected":false},"author":402,"featured_media":0,"parent":0,"menu_order":6,"comment_status":"closed","ping_status":"closed","template":"","meta":{"_acf_changed":false,"om_disable_all_campaigns":false,"_monsterinsights_skip_tracking":false,"_monsterinsights_sitenote_active":false,"_monsterinsights_sitenote_note":"","_monsterinsights_sitenote_category":0,"site-sidebar-layout":"default","site-content-layout":"","ast-site-content-layout":"default","site-content-style":"default","site-sidebar-style":"default","ast-global-header-display":"","ast-banner-title-visibility":"","ast-main-header-display":"","ast-hfb-above-header-display":"","ast-hfb-below-header-display":"","ast-hfb-mobile-header-display":"","site-post-title":"","ast-breadcrumbs-content":"","ast-featured-img":"","footer-sml-layout":"","theme-transparent-header-meta":"","adv-header-id-meta":"","stick-header-meta":"","header-above-stick-meta":"","header-main-stick-meta":"","header-below-stick-meta":"","astra-migrate-meta-layouts":"default","ast-page-background-enabled":"default","ast-page-background-meta":{"desktop":{"background-color":"var(--ast-global-color-5)","background-image":"","background-repeat":"repeat","background-position":"center center","background-size":"auto","background-attachment":"scroll","background-type":"","background-media":"","overlay-type":"","overlay-color":"","overlay-opacity":"","overlay-gradient":""},"tablet":{"background-color":"","background-image":"","background-repeat":"repeat","background-position":"center center","background-size":"auto","background-attachment":"scroll","background-type":"","background-media":"","overlay-type":"","overlay-color":"","overlay-opacity":"","overlay-gradient":""},"mobile":{"background-color":"","background-image":"","background-repeat":"repeat","background-position":"center center","background-size":"auto","background-attachment":"scroll","background-type":"","background-media":"","overlay-type":"","overlay-color":"","overlay-opacity":"","overlay-gradient":""}},"ast-content-background-meta":{"desktop":{"background-color":"var(--ast-global-color-4)","background-image":"","background-repeat":"repeat","background-position":"center center","background-size":"auto","background-attachment":"scroll","background-type":"","background-media":"","overlay-type":"","overlay-color":"","overlay-opacity":"","overlay-gradient":""},"tablet":{"background-color":"var(--ast-global-color-4)","background-image":"","background-repeat":"repeat","background-position":"center center","background-size":"auto","background-attachment":"scroll","background-type":"","background-media":"","overlay-type":"","overlay-color":"","overlay-opacity":"","overlay-gradient":""},"mobile":{"background-color":"var(--ast-global-color-4)","background-image":"","background-repeat":"repeat","background-position":"center center","background-size":"auto","background-attachment":"scroll","background-type":"","background-media":"","overlay-type":"","overlay-color":"","overlay-opacity":"","overlay-gradient":""}},"jetpack_post_was_ever_published":false,"footnotes":"","_links_to":"","_links_to_target":""},"class_list":["post-14602","page","type-page","status-publish","hentry"],"acf":[],"aioseo_notices":[],"jetpack_sharing_enabled":true,"jetpack_shortlink":"https:\/\/wp.me\/P9ZnXU-3Nw","_links":{"self":[{"href":"https:\/\/www.nabcoentrances.com\/fr\/wp-json\/wp\/v2\/pages\/14602","targetHints":{"allow":["GET"]}}],"collection":[{"href":"https:\/\/www.nabcoentrances.com\/fr\/wp-json\/wp\/v2\/pages"}],"about":[{"href":"https:\/\/www.nabcoentrances.com\/fr\/wp-json\/wp\/v2\/types\/page"}],"author":[{"embeddable":true,"href":"https:\/\/www.nabcoentrances.com\/fr\/wp-json\/wp\/v2\/users\/402"}],"replies":[{"embeddable":true,"href":"https:\/\/www.nabcoentrances.com\/fr\/wp-json\/wp\/v2\/comments?post=14602"}],"version-history":[{"count":0,"href":"https:\/\/www.nabcoentrances.com\/fr\/wp-json\/wp\/v2\/pages\/14602\/revisions"}],"wp:attachment":[{"href":"https:\/\/www.nabcoentrances.com\/fr\/wp-json\/wp\/v2\/media?parent=14602"}],"curies":[{"name":"wp","href":"https:\/\/api.w.org\/{rel}","templated":true}]}}