{"id":14601,"date":"2017-08-01T12:09:11","date_gmt":"2017-08-01T17:09:11","guid":{"rendered":"https:\/\/www.nabcoentrances.com\/kits-dadaptation\/"},"modified":"2026-03-24T11:11:18","modified_gmt":"2026-03-24T16:11:18","slug":"kits-dadaptation","status":"publish","type":"page","link":"https:\/\/www.nabcoentrances.com\/fr\/service\/kits-dadaptation\/","title":{"rendered":"Kits d&#8217;adaptation"},"content":{"rendered":"\t\t<div data-elementor-type=\"wp-page\" data-elementor-id=\"14601\" class=\"elementor elementor-14601 elementor-5262\">\n\t\t\t\t\t\t<section class=\"elementor-section elementor-top-section elementor-element elementor-element-70a321 elementor-section-boxed elementor-section-height-default elementor-section-height-default\" data-id=\"70a321\" data-element_type=\"section\" data-e-type=\"section\">\n\t\t\t\t\t\t<div class=\"elementor-container elementor-column-gap-default\">\n\t\t\t\t\t<div class=\"elementor-column elementor-col-100 elementor-top-column elementor-element elementor-element-358a785d\" data-id=\"358a785d\" data-element_type=\"column\" data-e-type=\"column\">\n\t\t\t<div class=\"elementor-widget-wrap elementor-element-populated\">\n\t\t\t\t\t\t<div class=\"elementor-element elementor-element-428a72db elementor-widget__width-initial elementor-widget elementor-widget-text-editor\" data-id=\"428a72db\" data-element_type=\"widget\" data-e-type=\"widget\" data-widget_type=\"text-editor.default\">\n\t\t\t\t<div class=\"elementor-widget-container\">\n\t\t\t\t\t\t\t\t\t<div class=\"wp-block-group\">\n<p><\/p>\n<figure class=\"wp-block-gallery aligncenter has-nested-images columns-default is-cropped\"> <\/figure>\n<h1 class=\"wp-block-gallery aligncenter has-nested-images columns-default is-cropped\">D\u00e9couvrez ce qu&#8217;il y a \u00e0 l&#8217;int\u00e9rieur de votre porte<\/h1>\n<h1 class=\"wp-block-gallery aligncenter has-nested-images columns-default is-cropped\">Op\u00e9rateur &#8211; Am\u00e9liorer la s\u00e9curit\u00e9 et l&#8217;efficacit\u00e9<\/h1>\n<p><\/p>\n<p>Les op\u00e9rateurs de porte NABCO ont diff\u00e9rents composants \u00e0 l&#8217;int\u00e9rieur qui constituent les kits de modernisation. Chaque pi\u00e8ce du kit de modernisation est coordonn\u00e9e avec un num\u00e9ro de pi\u00e8ce qui d\u00e9termine le produit, la configuration et le mod\u00e8le de t\u00eate \u00e0 utiliser. <\/p>\n<p><\/p>\n<p>Outre les kits de harnais qui remplacent l&#8217;Opus sur les anciens mod\u00e8les de portes NABCO, certains kits de modernisation incluent l&#8217;Opus \u00e0 l&#8217;achat, rempla\u00e7ant ainsi tous les composants m\u00e9caniques du linteau. Dans d&#8217;autres kits, l&#8217;Opus est achet\u00e9 s\u00e9par\u00e9ment du kit de harnais. <\/p>\n<p><strong>Composants pour syst\u00e8mes vari\u00e9s<\/strong><\/p>\n<p><\/p>\n<ul>\n<li style=\"list-style-type: none;\">\n<ul><\/ul>\n<\/li>\n<li>Kit de harnais<\/li>\n<li>Opus Control<\/li>\n<li>Analogique<\/li>\n<li>Magnum<\/li>\n<li>Commandes des s\u00e9ries U-01 \u00e0 U-19<\/li>\n<\/ul>\n<p><strong>Avantages de l&#8217;am\u00e9lioration de votre kit d&#8217;adaptation :<\/strong><\/p>\n<p><\/p>\n<p><\/p>\n<p><img decoding=\"async\" class=\"emoji\" draggable=\"false\" src=\"https:\/\/static.ctctcdn.com\/h\/ctct-emoji\/2.0.8\/1f527.svg\" alt=\"\ud83d\udd27\">  Des am\u00e9liorations rentables : Les kits de modernisation vous permettent d&#8217;am\u00e9liorer les performances de vos portes actuelles sans les frais d&#8217;un remplacement complet.<\/p>\n<p><img decoding=\"async\" class=\"emoji\" draggable=\"false\" src=\"https:\/\/static.ctctcdn.com\/h\/ctct-emoji\/2.0.8\/1f527.svg\" alt=\"\ud83d\udd27\">  Dur\u00e9e de vie prolong\u00e9e : En modernisant les anciennes portes gr\u00e2ce \u00e0 une technologie de pointe, les kits de modernisation ajoutent des ann\u00e9es de service fiable \u00e0 votre investissement.<\/p>\n<p><img decoding=\"async\" class=\"emoji\" draggable=\"false\" src=\"https:\/\/static.ctctcdn.com\/h\/ctct-emoji\/2.0.8\/1f527.svg\" alt=\"\ud83d\udd27\">  Des performances am\u00e9lior\u00e9es : Passez \u00e0 un fonctionnement plus souple, plus silencieux et plus efficace gr\u00e2ce aux composants de pointe de NABCO.<\/p>\n<p><img decoding=\"async\" class=\"emoji\" draggable=\"false\" src=\"https:\/\/static.ctctcdn.com\/h\/ctct-emoji\/2.0.8\/1f527.svg\" alt=\"\ud83d\udd27\">  S\u00e9curit\u00e9 accrue : Les kits de modernisation comprennent des capteurs et des dispositifs de s\u00e9curit\u00e9 avanc\u00e9s qui r\u00e9pondent aux derni\u00e8res normes industrielles, prot\u00e9geant ainsi vos clients et votre personnel.<\/p>\n<p><img decoding=\"async\" class=\"emoji\" draggable=\"false\" src=\"https:\/\/static.ctctcdn.com\/h\/ctct-emoji\/2.0.8\/1f527.svg\" alt=\"\ud83d\udd27\">  Conformit\u00e9 aux r\u00e9glementations : Assurez-vous que vos portes sont conformes aux normes ADA, ANSI et aux codes de s\u00e9curit\u00e9 locaux, afin de garantir l&#8217;accessibilit\u00e9 et la tranquillit\u00e9 d&#8217;esprit.<\/p>\n<p><img decoding=\"async\" class=\"emoji\" draggable=\"false\" src=\"https:\/\/static.ctctcdn.com\/h\/ctct-emoji\/2.0.8\/1f527.svg\" alt=\"\ud83d\udd27\">  Installation facile : Les kits de modernisation NABCO sont con\u00e7us pour s&#8217;int\u00e9grer parfaitement \u00e0 la plupart des syst\u00e8mes de portes automatiques, minimisant ainsi les temps d&#8217;arr\u00eat pendant la mise \u00e0 niveau.  <\/p>\n<p> <\/p>\n<p><a class=\"wp-block-button__link wp-element-button\" href=\"https:\/\/www.nabcoentrances.com\/wp-content\/uploads\/2024\/02\/Retrofit-Kit-Brochure-Selection-Table.pdf\" target=\"_blank\" rel=\"noreferrer noopener\">Brochure sur les kits d&#8217;adaptation<\/a><\/p>\n<p><\/p>\n<p><\/p>\n<p><a class=\"button yellow\" href=\"https:\/\/www.nabcoentrances.com\/fr\/contact\/\">Contactez nous<\/a><\/p>\n<p><img fetchpriority=\"high\" decoding=\"async\" data-recalc-dims=\"1\" class=\"alignnone wp-image-8747 size-full\" src=\"https:\/\/i0.wp.com\/www.nabcoentrances.com\/wp-content\/uploads\/2023\/08\/low-profile-snap-click-cover.jpg?resize=1819%2C734&#038;ssl=1\" alt=\"\" width=\"1819\" height=\"734\"><\/p>\n<p><\/p>\n<\/div>\n<p><\/p>\t\t\t\t\t\t\t\t<\/div>\n\t\t\t\t<\/div>\n\t\t\t\t\t<\/div>\n\t\t<\/div>\n\t\t\t\t\t<\/div>\n\t\t<\/section>\n\t\t\t\t<\/div>\n\t\t","protected":false},"excerpt":{"rendered":"<p>D\u00e9couvrez ce qu&#8217;il y a \u00e0 l&#8217;int\u00e9rieur de votre porte Op\u00e9rateur &#8211; Am\u00e9liorer la s\u00e9curit\u00e9 et l&#8217;efficacit\u00e9 Les op\u00e9rateurs de [&hellip;]<\/p>\n","protected":false},"author":1,"featured_media":0,"parent":14677,"menu_order":2,"comment_status":"closed","ping_status":"closed","template":"","meta":{"_acf_changed":false,"om_disable_all_campaigns":false,"_monsterinsights_skip_tracking":false,"_monsterinsights_sitenote_active":false,"_monsterinsights_sitenote_note":"","_monsterinsights_sitenote_category":0,"site-sidebar-layout":"default","site-content-layout":"","ast-site-content-layout":"default","site-content-style":"default","site-sidebar-style":"default","ast-global-header-display":"","ast-banner-title-visibility":"","ast-main-header-display":"","ast-hfb-above-header-display":"","ast-hfb-below-header-display":"","ast-hfb-mobile-header-display":"","site-post-title":"","ast-breadcrumbs-content":"","ast-featured-img":"","footer-sml-layout":"","theme-transparent-header-meta":"","adv-header-id-meta":"","stick-header-meta":"","header-above-stick-meta":"","header-main-stick-meta":"","header-below-stick-meta":"","astra-migrate-meta-layouts":"default","ast-page-background-enabled":"default","ast-page-background-meta":{"desktop":{"background-color":"var(--ast-global-color-5)","background-image":"","background-repeat":"repeat","background-position":"center center","background-size":"auto","background-attachment":"scroll","background-type":"","background-media":"","overlay-type":"","overlay-color":"","overlay-opacity":"","overlay-gradient":""},"tablet":{"background-color":"","background-image":"","background-repeat":"repeat","background-position":"center center","background-size":"auto","background-attachment":"scroll","background-type":"","background-media":"","overlay-type":"","overlay-color":"","overlay-opacity":"","overlay-gradient":""},"mobile":{"background-color":"","background-image":"","background-repeat":"repeat","background-position":"center center","background-size":"auto","background-attachment":"scroll","background-type":"","background-media":"","overlay-type":"","overlay-color":"","overlay-opacity":"","overlay-gradient":""}},"ast-content-background-meta":{"desktop":{"background-color":"var(--ast-global-color-4)","background-image":"","background-repeat":"repeat","background-position":"center center","background-size":"auto","background-attachment":"scroll","background-type":"","background-media":"","overlay-type":"","overlay-color":"","overlay-opacity":"","overlay-gradient":""},"tablet":{"background-color":"var(--ast-global-color-4)","background-image":"","background-repeat":"repeat","background-position":"center center","background-size":"auto","background-attachment":"scroll","background-type":"","background-media":"","overlay-type":"","overlay-color":"","overlay-opacity":"","overlay-gradient":""},"mobile":{"background-color":"var(--ast-global-color-4)","background-image":"","background-repeat":"repeat","background-position":"center center","background-size":"auto","background-attachment":"scroll","background-type":"","background-media":"","overlay-type":"","overlay-color":"","overlay-opacity":"","overlay-gradient":""}},"jetpack_post_was_ever_published":false,"footnotes":"","_links_to":"","_links_to_target":""},"class_list":["post-14601","page","type-page","status-publish","hentry"],"acf":[],"aioseo_notices":[],"jetpack_sharing_enabled":true,"jetpack_shortlink":"https:\/\/wp.me\/P9ZnXU-3Nv","_links":{"self":[{"href":"https:\/\/www.nabcoentrances.com\/fr\/wp-json\/wp\/v2\/pages\/14601","targetHints":{"allow":["GET"]}}],"collection":[{"href":"https:\/\/www.nabcoentrances.com\/fr\/wp-json\/wp\/v2\/pages"}],"about":[{"href":"https:\/\/www.nabcoentrances.com\/fr\/wp-json\/wp\/v2\/types\/page"}],"author":[{"embeddable":true,"href":"https:\/\/www.nabcoentrances.com\/fr\/wp-json\/wp\/v2\/users\/1"}],"replies":[{"embeddable":true,"href":"https:\/\/www.nabcoentrances.com\/fr\/wp-json\/wp\/v2\/comments?post=14601"}],"version-history":[{"count":0,"href":"https:\/\/www.nabcoentrances.com\/fr\/wp-json\/wp\/v2\/pages\/14601\/revisions"}],"up":[{"embeddable":true,"href":"https:\/\/www.nabcoentrances.com\/fr\/wp-json\/wp\/v2\/pages\/14677"}],"wp:attachment":[{"href":"https:\/\/www.nabcoentrances.com\/fr\/wp-json\/wp\/v2\/media?parent=14601"}],"curies":[{"name":"wp","href":"https:\/\/api.w.org\/{rel}","templated":true}]}}