{"id":14599,"date":"2015-10-26T15:40:05","date_gmt":"2015-10-26T20:40:05","guid":{"rendered":"https:\/\/www.nabcoentrances.com\/applications\/lhospitalite\/"},"modified":"2026-03-24T11:10:03","modified_gmt":"2026-03-24T16:10:03","slug":"lhospitalite","status":"publish","type":"page","link":"https:\/\/www.nabcoentrances.com\/fr\/applications\/lhospitalite\/","title":{"rendered":"L&#8217;hospitalit\u00e9"},"content":{"rendered":"\n<h2 class=\"wp-block-heading\">Portes automatiques pour h\u00f4tels et casinos<\/h2>\n\n<div class=\"wp-block-media-text alignwide has-media-on-the-right is-stacked-on-mobile\" style=\"grid-template-columns:auto 41%\"><div class=\"wp-block-media-text__content\">\n<p>NABCO est l&#8217;un des principaux fournisseurs de portes automatiques pour l&#8217;industrie h\u00f4teli\u00e8re. Les h\u00f4tels s&#8217;efforcent de rendre l&#8217;exp\u00e9rience des clients relaxante et accessible. L&#8217;utilisation de portes automatiques am\u00e9liorera la circulation des pi\u00e9tons, augmentera l&#8217;attrait esth\u00e9tique d&#8217;un b\u00e2timent et facilitera l&#8217;utilisation pour les clients ayant des bagages volumineux. Les portes coulissantes automatiques NABCO sont un moyen efficace de g\u00e9rer le trafic bidirectionnel simultan\u00e9 \u00e0 n&#8217;importe quelle entr\u00e9e !   <\/p>\n\n\n\n<p>NABCO con\u00e7oit des produits de haute qualit\u00e9 pour assurer un temps de fonctionnement constant. Chacune des solutions d&#8217;entr\u00e9e de NABCO est soutenue par notre service 24\/7\/365 aux \u00c9tats-Unis et au Canada. <\/p>\n<\/div><figure class=\"wp-block-media-text__media\"><img data-recalc-dims=\"1\" fetchpriority=\"high\" decoding=\"async\" width=\"460\" height=\"256\" src=\"https:\/\/i0.wp.com\/www.nabcoentrances.com\/wp-content\/uploads\/2020\/09\/hoSPITALITY-DOOR.jpg?resize=460%2C256&#038;ssl=1\" alt=\"\" class=\"wp-image-7755 size-full\"\/><\/figure><\/div>\n\n<div style=\"height:50px\" aria-hidden=\"true\" class=\"wp-block-spacer\"><\/div>\n\n<p><a class=\"button\" href=\"https:\/\/www.nabcoentrances.com\/fr\/contact\/\">Contactez nos solutions de portes d&#8217;h\u00f4tel<\/a><\/p>\n<div class=\"p12 white-background\"><h3> Related Products <\/h3><div class=\"p6\"><img decoding=\"async\" class=\"lozad\" src=\"https:\/\/i0.wp.com\/www.nabcoentrances.com\/wp-content\/uploads\/2015\/09\/standard-sliding-door-thumb.jpg?fit=314%2C210&#038;ssl=1\" data-src=\"https:\/\/i0.wp.com\/www.nabcoentrances.com\/wp-content\/uploads\/2015\/09\/standard-sliding-door-thumb.jpg?fit=314%2C210&#038;ssl=1\" alt=\"\" width=\"100%\" height=\"auto\" \/><a class=\"button yellow\" style=\"margin-top: 10px; width: 100%\" href=\"https:\/\/www.nabcoentrances.com\/fr\/produits\/?application=hospitality\"> Hospitality <\/a><\/div><\/div>\n","protected":false},"excerpt":{"rendered":"<p>Portes automatiques pour h\u00f4tels et casinos NABCO est l&#8217;un des principaux fournisseurs de portes automatiques pour l&#8217;industrie h\u00f4teli\u00e8re. Les h\u00f4tels [&hellip;]<\/p>\n","protected":false},"author":2,"featured_media":11921,"parent":14573,"menu_order":7,"comment_status":"closed","ping_status":"closed","template":"","meta":{"_acf_changed":false,"om_disable_all_campaigns":false,"_monsterinsights_skip_tracking":false,"_monsterinsights_sitenote_active":false,"_monsterinsights_sitenote_note":"","_monsterinsights_sitenote_category":0,"site-sidebar-layout":"default","site-content-layout":"","ast-site-content-layout":"default","site-content-style":"default","site-sidebar-style":"default","ast-global-header-display":"","ast-banner-title-visibility":"","ast-main-header-display":"","ast-hfb-above-header-display":"","ast-hfb-below-header-display":"","ast-hfb-mobile-header-display":"","site-post-title":"disabled","ast-breadcrumbs-content":"","ast-featured-img":"","footer-sml-layout":"","theme-transparent-header-meta":"","adv-header-id-meta":"","stick-header-meta":"","header-above-stick-meta":"","header-main-stick-meta":"","header-below-stick-meta":"","astra-migrate-meta-layouts":"default","ast-page-background-enabled":"default","ast-page-background-meta":{"desktop":{"background-color":"var(--ast-global-color-5)","background-image":"","background-repeat":"repeat","background-position":"center center","background-size":"auto","background-attachment":"scroll","background-type":"","background-media":"","overlay-type":"","overlay-color":"","overlay-opacity":"","overlay-gradient":""},"tablet":{"background-color":"","background-image":"","background-repeat":"repeat","background-position":"center center","background-size":"auto","background-attachment":"scroll","background-type":"","background-media":"","overlay-type":"","overlay-color":"","overlay-opacity":"","overlay-gradient":""},"mobile":{"background-color":"","background-image":"","background-repeat":"repeat","background-position":"center center","background-size":"auto","background-attachment":"scroll","background-type":"","background-media":"","overlay-type":"","overlay-color":"","overlay-opacity":"","overlay-gradient":""}},"ast-content-background-meta":{"desktop":{"background-color":"var(--ast-global-color-4)","background-image":"","background-repeat":"repeat","background-position":"center center","background-size":"auto","background-attachment":"scroll","background-type":"","background-media":"","overlay-type":"","overlay-color":"","overlay-opacity":"","overlay-gradient":""},"tablet":{"background-color":"var(--ast-global-color-4)","background-image":"","background-repeat":"repeat","background-position":"center center","background-size":"auto","background-attachment":"scroll","background-type":"","background-media":"","overlay-type":"","overlay-color":"","overlay-opacity":"","overlay-gradient":""},"mobile":{"background-color":"var(--ast-global-color-4)","background-image":"","background-repeat":"repeat","background-position":"center center","background-size":"auto","background-attachment":"scroll","background-type":"","background-media":"","overlay-type":"","overlay-color":"","overlay-opacity":"","overlay-gradient":""}},"jetpack_post_was_ever_published":false,"footnotes":"","_links_to":"","_links_to_target":""},"class_list":["post-14599","page","type-page","status-publish","has-post-thumbnail","hentry"],"acf":[],"aioseo_notices":[],"jetpack_sharing_enabled":true,"jetpack_shortlink":"https:\/\/wp.me\/P9ZnXU-3Nt","_links":{"self":[{"href":"https:\/\/www.nabcoentrances.com\/fr\/wp-json\/wp\/v2\/pages\/14599","targetHints":{"allow":["GET"]}}],"collection":[{"href":"https:\/\/www.nabcoentrances.com\/fr\/wp-json\/wp\/v2\/pages"}],"about":[{"href":"https:\/\/www.nabcoentrances.com\/fr\/wp-json\/wp\/v2\/types\/page"}],"author":[{"embeddable":true,"href":"https:\/\/www.nabcoentrances.com\/fr\/wp-json\/wp\/v2\/users\/2"}],"replies":[{"embeddable":true,"href":"https:\/\/www.nabcoentrances.com\/fr\/wp-json\/wp\/v2\/comments?post=14599"}],"version-history":[{"count":0,"href":"https:\/\/www.nabcoentrances.com\/fr\/wp-json\/wp\/v2\/pages\/14599\/revisions"}],"up":[{"embeddable":true,"href":"https:\/\/www.nabcoentrances.com\/fr\/wp-json\/wp\/v2\/pages\/14573"}],"wp:featuredmedia":[{"embeddable":true,"href":"https:\/\/www.nabcoentrances.com\/fr\/wp-json\/wp\/v2\/media\/11921"}],"wp:attachment":[{"href":"https:\/\/www.nabcoentrances.com\/fr\/wp-json\/wp\/v2\/media?parent=14599"}],"curies":[{"name":"wp","href":"https:\/\/api.w.org\/{rel}","templated":true}]}}