{"id":14590,"date":"2015-09-14T12:03:39","date_gmt":"2015-09-14T17:03:39","guid":{"rendered":"https:\/\/www.nabcoentrances.com\/produits\/portes-de-lusi\/"},"modified":"2026-03-24T11:10:36","modified_gmt":"2026-03-24T16:10:36","slug":"portes-de-lusi","status":"publish","type":"page","link":"https:\/\/www.nabcoentrances.com\/fr\/produits\/portes-de-lusi\/","title":{"rendered":"Portes de l&#8217;USI"},"content":{"rendered":"<h2>Portes d&#8217;unit\u00e9s de soins intensifs : Quand visibilit\u00e9 rime avec tranquillit\u00e9 d&#8217;esprit<\/h2>\n<p>Les portes ICU de NABCO sont con\u00e7ues pour r\u00e9pondre aux besoins sp\u00e9cifiques des <strong>unit\u00e9s de soins intensifs et cardiaques (ICU\/CCU) <\/strong>et pr\u00e9sentent certaines des ouvertures de porte les plus larges disponibles. Gr\u00e2ce au syst\u00e8me d&#8217;infiltration d&#8217;air disponible, nos portes ICU sont id\u00e9ales pour les salles o\u00f9 la qualit\u00e9 de l&#8217;air doit \u00eatre maintenue en cas d&#8217;incendie et pour le &#8220;contr\u00f4le des infections&#8221; afin d&#8217;emp\u00eacher la propagation des germes et de pr\u00e9server un environnement st\u00e9rile. <\/p>\n<p>Notre gamme de portes d&#8217;unit\u00e9s de soins intensifs est disponible en mode automatique et manuel, dans diff\u00e9rentes tailles pour s&#8217;adapter \u00e0 presque toutes les applications, et avec des options pour certaines parties de notre gamme de portes d&#8217;unit\u00e9s de soins intensifs afin de r\u00e9pondre aux exigences de presque toutes les applications, y compris l&#8217;activation sans contact, les rev\u00eatements antimicrobiens, les panneaux \u00e9lectrifi\u00e9s pour les vitres d&#8217;intimit\u00e9, et bien plus encore.<\/p>\n<p><a class=\"button yellow\" href=\"https:\/\/www.nabcoentrances.com\/literature\/nabco-2400-icu-sliding-doors-sell-sheet\/\" target=\"_blank\" rel=\"noopener\">Fiche de vente NABCO ICU Overview<\/a><\/p>\n<p><a class=\"button\" href=\"https:\/\/www.nabcoentrances.com\/fr\/contact\/\">Contactez-nous pour des solutions de portes d&#8217;unit\u00e9s de soins intensifs<\/a><\/p>\n<div class=\"thumbs\">\n                <a href=\"https:\/\/www.nabcoentrances.com\/fr\/product\/porte-coulissante-telescopique-automatique-nabco-icu\/\" class=\"p4\">\n                    <img decoding=\"async\" src=\"https:\/\/i0.wp.com\/www.nabcoentrances.com\/wp-content\/uploads\/2023\/08\/GT2400-ICU-CLOSED.jpg?resize=150%2C150&#038;ssl=1\" \/>\n                    <h3>Porte coulissante t\u00e9lescopique automatique NABCO ICU<\/h3>\n                    <p>GT2400AT | Automatique - sans boulon d&#039;encastrement<\/p>\n                <\/a>\n            \n                <a href=\"https:\/\/www.nabcoentrances.com\/fr\/product\/porte-coulissante-telescopique-manuelle-nabco-icu\/\" class=\"p4\">\n                    <img decoding=\"async\" src=\"https:\/\/i0.wp.com\/www.nabcoentrances.com\/wp-content\/uploads\/2023\/08\/GT2400-ICU-CLOSED.jpg?resize=150%2C150&#038;ssl=1\" \/>\n                    <h3>Porte coulissante t\u00e9lescopique manuelle NABCO ICU<\/h3>\n                    <p>GT2400MT | Manuelle - Encastrement sans boulon d&#039;arr\u00eat<\/p>\n                <\/a>\n            \n                <a href=\"https:\/\/www.nabcoentrances.com\/fr\/product\/porte-coulissante-manuelle-nabco-icu\/\" class=\"p4\">\n                    <img decoding=\"async\" src=\"https:\/\/i0.wp.com\/www.nabcoentrances.com\/wp-content\/uploads\/2019\/01\/ICU-photo-e1552059590161.png?resize=78%2C92&#038;ssl=1\" \/>\n                    <h3>Porte coulissante manuelle NABCO ICU<\/h3>\n                    <p>GT2400 | Manuelle - Encastrement sans boulon d&#039;arr\u00eat<\/p>\n                <\/a>\n            <div class=\"clear\"><\/div>\n                <a href=\"https:\/\/www.nabcoentrances.com\/fr\/product\/porte-coulissante-automatique-nabco-icu\/\" class=\"p4\">\n                    <img decoding=\"async\" src=\"https:\/\/i0.wp.com\/www.nabcoentrances.com\/wp-content\/uploads\/2022\/03\/GT2400-OPEN-1_web_thumb.jpg?resize=150%2C150&#038;ssl=1\" \/>\n                    <h3>Porte coulissante automatique NABCO ICU<\/h3>\n                    <p>GT2400A | Automatique - sans boulon d&#039;encastrement<\/p>\n                <\/a>\n            \n                <a href=\"https:\/\/www.nabcoentrances.com\/fr\/product\/porte-coulissante-manuelle-sans-rail-a-rupture-totale\/\" class=\"p4\">\n                    <img decoding=\"async\" src=\"https:\/\/i0.wp.com\/www.nabcoentrances.com\/wp-content\/uploads\/2015\/09\/gt2100-manual-sliding-door-1.jpg?resize=150%2C100&#038;ssl=1\" \/>\n                    <h3>Porte coulissante manuelle sans rail \/ \u00e0 rupture totale<\/h3>\n                    <p>GT2100 | Manuel<\/p>\n                <\/a>\n            \n                <a href=\"https:\/\/www.nabcoentrances.com\/fr\/product\/porte-coulissante-manuelle-sans-rail-fixe\/\" class=\"p4\">\n                    <img decoding=\"async\" src=\"https:\/\/i0.wp.com\/www.nabcoentrances.com\/wp-content\/uploads\/2015\/09\/IMG_1203.jpg?resize=150%2C100&#038;ssl=1\" \/>\n                    <h3>Porte coulissante manuelle sans rail \/ fixe<\/h3>\n                    <p>GT2125 | Manuel<\/p>\n                <\/a>\n            <div class=\"clear\"><\/div>\n                <a href=\"https:\/\/www.nabcoentrances.com\/fr\/product\/voie-de-roulement-rupture-totale-porte-coulissante-manuelle\/\" class=\"p4\">\n                    <img decoding=\"async\" src=\"https:\/\/i0.wp.com\/www.nabcoentrances.com\/wp-content\/uploads\/2015\/09\/gt2150-manual-sliding-door-thumb-1.jpg?resize=150%2C150&#038;ssl=1\" \/>\n                    <h3>Voie de roulement \/ rupture totale &#8211; Porte coulissante manuelle<\/h3>\n                    <p>GT2150 | Manuel<\/p>\n                <\/a>\n            <\/div>\n","protected":false},"excerpt":{"rendered":"<p>Portes d&#8217;unit\u00e9s de soins intensifs : Quand visibilit\u00e9 rime avec tranquillit\u00e9 d&#8217;esprit Les portes ICU de NABCO sont con\u00e7ues pour [&hellip;]<\/p>\n","protected":false},"author":2,"featured_media":0,"parent":14571,"menu_order":5,"comment_status":"closed","ping_status":"closed","template":"","meta":{"_acf_changed":false,"om_disable_all_campaigns":false,"_monsterinsights_skip_tracking":false,"_monsterinsights_sitenote_active":false,"_monsterinsights_sitenote_note":"","_monsterinsights_sitenote_category":0,"site-sidebar-layout":"default","site-content-layout":"","ast-site-content-layout":"default","site-content-style":"default","site-sidebar-style":"default","ast-global-header-display":"","ast-banner-title-visibility":"","ast-main-header-display":"","ast-hfb-above-header-display":"","ast-hfb-below-header-display":"","ast-hfb-mobile-header-display":"","site-post-title":"disabled","ast-breadcrumbs-content":"","ast-featured-img":"","footer-sml-layout":"","theme-transparent-header-meta":"","adv-header-id-meta":"","stick-header-meta":"","header-above-stick-meta":"","header-main-stick-meta":"","header-below-stick-meta":"","astra-migrate-meta-layouts":"default","ast-page-background-enabled":"default","ast-page-background-meta":{"desktop":{"background-color":"var(--ast-global-color-5)","background-image":"","background-repeat":"repeat","background-position":"center center","background-size":"auto","background-attachment":"scroll","background-type":"","background-media":"","overlay-type":"","overlay-color":"","overlay-opacity":"","overlay-gradient":""},"tablet":{"background-color":"","background-image":"","background-repeat":"repeat","background-position":"center center","background-size":"auto","background-attachment":"scroll","background-type":"","background-media":"","overlay-type":"","overlay-color":"","overlay-opacity":"","overlay-gradient":""},"mobile":{"background-color":"","background-image":"","background-repeat":"repeat","background-position":"center center","background-size":"auto","background-attachment":"scroll","background-type":"","background-media":"","overlay-type":"","overlay-color":"","overlay-opacity":"","overlay-gradient":""}},"ast-content-background-meta":{"desktop":{"background-color":"var(--ast-global-color-4)","background-image":"","background-repeat":"repeat","background-position":"center center","background-size":"auto","background-attachment":"scroll","background-type":"","background-media":"","overlay-type":"","overlay-color":"","overlay-opacity":"","overlay-gradient":""},"tablet":{"background-color":"var(--ast-global-color-4)","background-image":"","background-repeat":"repeat","background-position":"center center","background-size":"auto","background-attachment":"scroll","background-type":"","background-media":"","overlay-type":"","overlay-color":"","overlay-opacity":"","overlay-gradient":""},"mobile":{"background-color":"var(--ast-global-color-4)","background-image":"","background-repeat":"repeat","background-position":"center center","background-size":"auto","background-attachment":"scroll","background-type":"","background-media":"","overlay-type":"","overlay-color":"","overlay-opacity":"","overlay-gradient":""}},"jetpack_post_was_ever_published":false,"footnotes":"","_links_to":"","_links_to_target":""},"class_list":["post-14590","page","type-page","status-publish","hentry"],"acf":[],"aioseo_notices":[],"jetpack_sharing_enabled":true,"jetpack_shortlink":"https:\/\/wp.me\/P9ZnXU-3Nk","_links":{"self":[{"href":"https:\/\/www.nabcoentrances.com\/fr\/wp-json\/wp\/v2\/pages\/14590","targetHints":{"allow":["GET"]}}],"collection":[{"href":"https:\/\/www.nabcoentrances.com\/fr\/wp-json\/wp\/v2\/pages"}],"about":[{"href":"https:\/\/www.nabcoentrances.com\/fr\/wp-json\/wp\/v2\/types\/page"}],"author":[{"embeddable":true,"href":"https:\/\/www.nabcoentrances.com\/fr\/wp-json\/wp\/v2\/users\/2"}],"replies":[{"embeddable":true,"href":"https:\/\/www.nabcoentrances.com\/fr\/wp-json\/wp\/v2\/comments?post=14590"}],"version-history":[{"count":0,"href":"https:\/\/www.nabcoentrances.com\/fr\/wp-json\/wp\/v2\/pages\/14590\/revisions"}],"up":[{"embeddable":true,"href":"https:\/\/www.nabcoentrances.com\/fr\/wp-json\/wp\/v2\/pages\/14571"}],"wp:attachment":[{"href":"https:\/\/www.nabcoentrances.com\/fr\/wp-json\/wp\/v2\/media?parent=14590"}],"curies":[{"name":"wp","href":"https:\/\/api.w.org\/{rel}","templated":true}]}}