{"id":14585,"date":"2015-09-14T11:03:53","date_gmt":"2015-09-14T16:03:53","guid":{"rendered":"https:\/\/www.nabcoentrances.com\/applications\/soins-de-sante\/"},"modified":"2026-03-24T11:28:42","modified_gmt":"2026-03-24T16:28:42","slug":"soins-de-sante","status":"publish","type":"page","link":"https:\/\/www.nabcoentrances.com\/fr\/applications\/soins-de-sante\/","title":{"rendered":"Soins de sant\u00e9"},"content":{"rendered":"\n<h2 class=\"wp-block-heading\">Solutions d&#8217;entr\u00e9e pour les h\u00f4pitaux et les b\u00e2timents de soins de sant\u00e9<\/h2>\n\n<div class=\"wp-block-media-text alignwide has-media-on-the-right is-stacked-on-mobile\" style=\"grid-template-columns:auto 43%\"><div class=\"wp-block-media-text__content\">\n<p>NABCO fournit les portes de nombreux h\u00f4pitaux, cabinets m\u00e9dicaux et \u00e9tablissements de soins palliatifs de premier ordre. Les <a href=\"https:\/\/www.nabcoentrances.com\/fr\/produits\/portes-de-lusi\/\" target=\"_blank\" rel=\"noopener\" title=\"\">portes coulissantes manuelles et automatiques des unit\u00e9s de soins intensifs <\/a>montent la garde dans les unit\u00e9s de soins intensifs et les unit\u00e9s de soins intensifs &#8211; les pi\u00e8ces les plus essentielles d&#8217;un h\u00f4pital. Les <a href=\"https:\/\/www.nabcoentrances.com\/fr\/produits\/portes-coulissantes\/\" target=\"_blank\" rel=\"noopener noreferrer\">portes coulissantes automatiques NABCO GT1175<\/a> s&#8217;ouvrent automatiquement pour r\u00e9v\u00e9ler un superbe atrium, et les <a href=\"https:\/\/www.nabcoentrances.com\/fr\/produits\/fenetres-de-confort\/\" target=\"_blank\" rel=\"noopener\" title=\"\">fen\u00eatres de commodit\u00e9<\/a> r\u00e9gulent l&#8217;acc\u00e8s \u00e0 la pharmacie. Les portes NABCO fonctionnent toujours silencieusement pour pr\u00e9server la tranquillit\u00e9 des patients. <\/p>\n\n\n\n<p>NABCO propose \u00e9galement des options pour notre gamme de solutions d&#8217;entr\u00e9e sur lesquelles les h\u00f4pitaux comptent pour s&#8217;assurer que tous leurs besoins sont satisfaits, y compris l&#8217;activation sans contact, les rev\u00eatements antimicrobiens, les panneaux \u00e9lectrifi\u00e9s pour le verre d&#8217;intimit\u00e9, et bien plus encore.<\/p>\n\n\n\n<p>NABCO con\u00e7oit des produits de haute qualit\u00e9 pour assurer un temps de fonctionnement constant. Les solutions d&#8217;entr\u00e9e de NABCO sont soutenues par notre service 24\/7\/365 aux \u00c9tats-Unis et au Canada.<\/p>\n\n\n\n<div class=\"wp-block-buttons is-layout-flex wp-block-buttons-is-layout-flex\">\n<div class=\"wp-block-button\"><a class=\"wp-block-button__link has-medium-font-size has-custom-font-size wp-element-button\" href=\"https:\/\/www.nabcoentrances.com\/fr\/literature\/fiche-de-vente-nabco-healthcare-solutions\/\" target=\"_blank\" rel=\"noreferrer noopener\">Brochure sur les soins de sant\u00e9<\/a><\/div>\n<\/div>\n<\/div><figure class=\"wp-block-media-text__media\"><img data-recalc-dims=\"1\" fetchpriority=\"high\" decoding=\"async\" width=\"460\" height=\"256\" src=\"https:\/\/i0.wp.com\/www.nabcoentrances.com\/wp-content\/uploads\/2020\/09\/hEALTHCARE-DOORS.jpg?resize=460%2C256&#038;ssl=1\" alt=\"\" class=\"wp-image-7750 size-full\"\/><\/figure><\/div>\n\n<div style=\"height:50px\" aria-hidden=\"true\" class=\"wp-block-spacer\"><\/div>\n\n<p><a class=\"button\" href=\"https:\/\/www.nabcoentrances.com\/fr\/contact\/\">Contactez nos solutions de sant\u00e9<\/a><\/p>\n<p><em>No related applications found.<\/em><\/p>\n","protected":false},"excerpt":{"rendered":"<p>Solutions d&#8217;entr\u00e9e pour les h\u00f4pitaux et les b\u00e2timents de soins de sant\u00e9 Contactez nos solutions de sant\u00e9<\/p>\n","protected":false},"author":2,"featured_media":11504,"parent":14573,"menu_order":1,"comment_status":"closed","ping_status":"closed","template":"","meta":{"_acf_changed":false,"om_disable_all_campaigns":false,"_monsterinsights_skip_tracking":false,"_monsterinsights_sitenote_active":false,"_monsterinsights_sitenote_note":"","_monsterinsights_sitenote_category":0,"site-sidebar-layout":"default","site-content-layout":"","ast-site-content-layout":"","site-content-style":"default","site-sidebar-style":"default","ast-global-header-display":"","ast-banner-title-visibility":"","ast-main-header-display":"","ast-hfb-above-header-display":"","ast-hfb-below-header-display":"","ast-hfb-mobile-header-display":"","site-post-title":"disabled","ast-breadcrumbs-content":"","ast-featured-img":"","footer-sml-layout":"","theme-transparent-header-meta":"","adv-header-id-meta":"","stick-header-meta":"","header-above-stick-meta":"","header-main-stick-meta":"","header-below-stick-meta":"","astra-migrate-meta-layouts":"default","ast-page-background-enabled":"default","ast-page-background-meta":{"desktop":{"background-color":"var(--ast-global-color-5)","background-image":"","background-repeat":"repeat","background-position":"center center","background-size":"auto","background-attachment":"scroll","background-type":"","background-media":"","overlay-type":"","overlay-color":"","overlay-opacity":"","overlay-gradient":""},"tablet":{"background-color":"","background-image":"","background-repeat":"repeat","background-position":"center center","background-size":"auto","background-attachment":"scroll","background-type":"","background-media":"","overlay-type":"","overlay-color":"","overlay-opacity":"","overlay-gradient":""},"mobile":{"background-color":"","background-image":"","background-repeat":"repeat","background-position":"center center","background-size":"auto","background-attachment":"scroll","background-type":"","background-media":"","overlay-type":"","overlay-color":"","overlay-opacity":"","overlay-gradient":""}},"ast-content-background-meta":{"desktop":{"background-color":"var(--ast-global-color-4)","background-image":"","background-repeat":"repeat","background-position":"center center","background-size":"auto","background-attachment":"scroll","background-type":"","background-media":"","overlay-type":"","overlay-color":"","overlay-opacity":"","overlay-gradient":""},"tablet":{"background-color":"var(--ast-global-color-4)","background-image":"","background-repeat":"repeat","background-position":"center center","background-size":"auto","background-attachment":"scroll","background-type":"","background-media":"","overlay-type":"","overlay-color":"","overlay-opacity":"","overlay-gradient":""},"mobile":{"background-color":"var(--ast-global-color-4)","background-image":"","background-repeat":"repeat","background-position":"center center","background-size":"auto","background-attachment":"scroll","background-type":"","background-media":"","overlay-type":"","overlay-color":"","overlay-opacity":"","overlay-gradient":""}},"jetpack_post_was_ever_published":false,"footnotes":"","_links_to":"","_links_to_target":""},"class_list":["post-14585","page","type-page","status-publish","has-post-thumbnail","hentry"],"acf":[],"aioseo_notices":[],"jetpack_sharing_enabled":true,"jetpack_shortlink":"https:\/\/wp.me\/P9ZnXU-3Nf","_links":{"self":[{"href":"https:\/\/www.nabcoentrances.com\/fr\/wp-json\/wp\/v2\/pages\/14585","targetHints":{"allow":["GET"]}}],"collection":[{"href":"https:\/\/www.nabcoentrances.com\/fr\/wp-json\/wp\/v2\/pages"}],"about":[{"href":"https:\/\/www.nabcoentrances.com\/fr\/wp-json\/wp\/v2\/types\/page"}],"author":[{"embeddable":true,"href":"https:\/\/www.nabcoentrances.com\/fr\/wp-json\/wp\/v2\/users\/2"}],"replies":[{"embeddable":true,"href":"https:\/\/www.nabcoentrances.com\/fr\/wp-json\/wp\/v2\/comments?post=14585"}],"version-history":[{"count":0,"href":"https:\/\/www.nabcoentrances.com\/fr\/wp-json\/wp\/v2\/pages\/14585\/revisions"}],"up":[{"embeddable":true,"href":"https:\/\/www.nabcoentrances.com\/fr\/wp-json\/wp\/v2\/pages\/14573"}],"wp:featuredmedia":[{"embeddable":true,"href":"https:\/\/www.nabcoentrances.com\/fr\/wp-json\/wp\/v2\/media\/11504"}],"wp:attachment":[{"href":"https:\/\/www.nabcoentrances.com\/fr\/wp-json\/wp\/v2\/media?parent=14585"}],"curies":[{"name":"wp","href":"https:\/\/api.w.org\/{rel}","templated":true}]}}