{"id":14582,"date":"2015-09-14T11:07:12","date_gmt":"2015-09-14T16:07:12","guid":{"rendered":"https:\/\/www.nabcoentrances.com\/ressources-architecturales\/ressources-pedagogiques\/"},"modified":"2015-09-14T11:07:12","modified_gmt":"2015-09-14T16:07:12","slug":"ressources-pedagogiques","status":"publish","type":"page","link":"https:\/\/www.nabcoentrances.com\/fr\/ressources-architecturales\/ressources-pedagogiques\/","title":{"rendered":"Ressources p\u00e9dagogiques"},"content":{"rendered":"<h2>Choisir les bonnes portes automatiques<\/h2>\n<p>NABCO a cr\u00e9\u00e9 plusieurs guides pour vous aider \u00e0 choisir la porte automatique la mieux adapt\u00e9e \u00e0 votre application. Chaque entr\u00e9e n\u00e9cessite une attention particuli\u00e8re, qu&#8217;il s&#8217;agisse d&#8217;un h\u00f4pital certifi\u00e9 LEED, d&#8217;un centre commercial ou d&#8217;une \u00e9picerie.<\/p>\n<h3>Explorez nos ressources :<\/h3>\n<p><a class=\"button yellow\" href=\"https:\/\/www.nabcoentrances.com\/architectural-resources\/educational-resources\/door-sensor-selection\/\" target=\"_blank\" rel=\"noopener\">S\u00e9lection des portes et des capteurs<\/a><\/p>\n<p><a class=\"button yellow\" href=\"https:\/\/www.nabcoentrances.com\/architectural-resources\/educational-resources\/leed-facts\/\" target=\"_blank\" rel=\"noopener\">LEED Facts<\/a><\/p>\n<p><a class=\"button yellow\" href=\"https:\/\/www.nabcoentrances.com\/architectural-resources\/educational-resources\/ada-requirements\/\" target=\"_blank\" rel=\"noopener\">Exigences de l&#8217;ADA<\/a><\/p>\n","protected":false},"excerpt":{"rendered":"<p>Choisir les bonnes portes automatiques NABCO a cr\u00e9\u00e9 plusieurs guides pour vous aider \u00e0 choisir la porte automatique la mieux [&hellip;]<\/p>\n","protected":false},"author":2,"featured_media":0,"parent":14576,"menu_order":3,"comment_status":"closed","ping_status":"closed","template":"","meta":{"_acf_changed":false,"om_disable_all_campaigns":false,"_monsterinsights_skip_tracking":false,"_monsterinsights_sitenote_active":false,"_monsterinsights_sitenote_note":"","_monsterinsights_sitenote_category":0,"site-sidebar-layout":"default","site-content-layout":"","ast-site-content-layout":"default","site-content-style":"default","site-sidebar-style":"default","ast-global-header-display":"","ast-banner-title-visibility":"","ast-main-header-display":"","ast-hfb-above-header-display":"","ast-hfb-below-header-display":"","ast-hfb-mobile-header-display":"","site-post-title":"","ast-breadcrumbs-content":"","ast-featured-img":"","footer-sml-layout":"","theme-transparent-header-meta":"","adv-header-id-meta":"","stick-header-meta":"","header-above-stick-meta":"","header-main-stick-meta":"","header-below-stick-meta":"","astra-migrate-meta-layouts":"default","ast-page-background-enabled":"default","ast-page-background-meta":{"desktop":{"background-color":"var(--ast-global-color-5)","background-image":"","background-repeat":"repeat","background-position":"center center","background-size":"auto","background-attachment":"scroll","background-type":"","background-media":"","overlay-type":"","overlay-color":"","overlay-opacity":"","overlay-gradient":""},"tablet":{"background-color":"","background-image":"","background-repeat":"repeat","background-position":"center center","background-size":"auto","background-attachment":"scroll","background-type":"","background-media":"","overlay-type":"","overlay-color":"","overlay-opacity":"","overlay-gradient":""},"mobile":{"background-color":"","background-image":"","background-repeat":"repeat","background-position":"center center","background-size":"auto","background-attachment":"scroll","background-type":"","background-media":"","overlay-type":"","overlay-color":"","overlay-opacity":"","overlay-gradient":""}},"ast-content-background-meta":{"desktop":{"background-color":"var(--ast-global-color-4)","background-image":"","background-repeat":"repeat","background-position":"center center","background-size":"auto","background-attachment":"scroll","background-type":"","background-media":"","overlay-type":"","overlay-color":"","overlay-opacity":"","overlay-gradient":""},"tablet":{"background-color":"var(--ast-global-color-4)","background-image":"","background-repeat":"repeat","background-position":"center center","background-size":"auto","background-attachment":"scroll","background-type":"","background-media":"","overlay-type":"","overlay-color":"","overlay-opacity":"","overlay-gradient":""},"mobile":{"background-color":"var(--ast-global-color-4)","background-image":"","background-repeat":"repeat","background-position":"center center","background-size":"auto","background-attachment":"scroll","background-type":"","background-media":"","overlay-type":"","overlay-color":"","overlay-opacity":"","overlay-gradient":""}},"jetpack_post_was_ever_published":false,"footnotes":"","_links_to":"","_links_to_target":""},"class_list":["post-14582","page","type-page","status-publish","hentry"],"acf":[],"aioseo_notices":[],"jetpack_sharing_enabled":true,"jetpack_shortlink":"https:\/\/wp.me\/P9ZnXU-3Nc","_links":{"self":[{"href":"https:\/\/www.nabcoentrances.com\/fr\/wp-json\/wp\/v2\/pages\/14582","targetHints":{"allow":["GET"]}}],"collection":[{"href":"https:\/\/www.nabcoentrances.com\/fr\/wp-json\/wp\/v2\/pages"}],"about":[{"href":"https:\/\/www.nabcoentrances.com\/fr\/wp-json\/wp\/v2\/types\/page"}],"author":[{"embeddable":true,"href":"https:\/\/www.nabcoentrances.com\/fr\/wp-json\/wp\/v2\/users\/2"}],"replies":[{"embeddable":true,"href":"https:\/\/www.nabcoentrances.com\/fr\/wp-json\/wp\/v2\/comments?post=14582"}],"version-history":[{"count":0,"href":"https:\/\/www.nabcoentrances.com\/fr\/wp-json\/wp\/v2\/pages\/14582\/revisions"}],"up":[{"embeddable":true,"href":"https:\/\/www.nabcoentrances.com\/fr\/wp-json\/wp\/v2\/pages\/14576"}],"wp:attachment":[{"href":"https:\/\/www.nabcoentrances.com\/fr\/wp-json\/wp\/v2\/media?parent=14582"}],"curies":[{"name":"wp","href":"https:\/\/api.w.org\/{rel}","templated":true}]}}