{"id":14580,"date":"2015-09-14T11:02:36","date_gmt":"2015-09-14T16:02:36","guid":{"rendered":"https:\/\/www.nabcoentrances.com\/applications\/ecoles-et-universites\/"},"modified":"2015-09-14T11:02:36","modified_gmt":"2015-09-14T16:02:36","slug":"ecoles-et-universites","status":"publish","type":"page","link":"https:\/\/www.nabcoentrances.com\/fr\/applications\/ecoles-et-universites\/","title":{"rendered":"\u00c9coles et universit\u00e9s"},"content":{"rendered":"<h2>Portes automatiques pour b\u00e2timents scolaires<\/h2>\n<p>Les portes automatiques NABCO sont une solution id\u00e9ale aux d\u00e9fis auxquels sont confront\u00e9s les \u00e9coles et les coll\u00e8ges\/universit\u00e9s &#8211; elles augmentent la s\u00e9curit\u00e9 et garantissent que les syst\u00e8mes HVAC ne font pas d&#8217;heures suppl\u00e9mentaires pour maintenir la temp\u00e9rature int\u00e9rieure. Les \u00e9l\u00e8ves et les enseignants portent le fardeau des sacs \u00e0 dos et des livres. Nous avons con\u00e7u nos portes pour que tous les \u00e9l\u00e8ves et le personnel puissent passer par l&#8217;entr\u00e9e principale et se rendre dans la bonne salle de classe.  <\/p>\n<p>NABCO comprend la n\u00e9cessit\u00e9 d&#8217;un service client rapide, en particulier dans un environnement qui doit \u00eatre pr\u00eat \u00e0 accueillir les \u00e9l\u00e8ves et les enseignants au d\u00e9but de chaque journ\u00e9e. NABCO dispose d&#8217;un r\u00e9seau de service 24 heures sur 24, 7 jours sur 7 et 365 jours par an &#8211; toute question recevra une r\u00e9ponse rapide et les portes automatiques seront op\u00e9rationnelles les jours d&#8217;\u00e9cole. <\/p>\n<p><a class=\"button\" href=\"https:\/\/www.nabcoentrances.com\/fr\/contact\/\">Contactez nos solutions de portes universitaires<\/a><\/p>\n","protected":false},"excerpt":{"rendered":"<p>Portes automatiques pour b\u00e2timents scolaires Les portes automatiques NABCO sont une solution id\u00e9ale aux d\u00e9fis auxquels sont confront\u00e9s les \u00e9coles [&hellip;]<\/p>\n","protected":false},"author":2,"featured_media":13284,"parent":14573,"menu_order":4,"comment_status":"closed","ping_status":"closed","template":"","meta":{"_acf_changed":false,"om_disable_all_campaigns":false,"_monsterinsights_skip_tracking":false,"_monsterinsights_sitenote_active":false,"_monsterinsights_sitenote_note":"","_monsterinsights_sitenote_category":0,"site-sidebar-layout":"default","site-content-layout":"","ast-site-content-layout":"default","site-content-style":"default","site-sidebar-style":"default","ast-global-header-display":"","ast-banner-title-visibility":"","ast-main-header-display":"","ast-hfb-above-header-display":"","ast-hfb-below-header-display":"","ast-hfb-mobile-header-display":"","site-post-title":"disabled","ast-breadcrumbs-content":"","ast-featured-img":"","footer-sml-layout":"","theme-transparent-header-meta":"","adv-header-id-meta":"","stick-header-meta":"","header-above-stick-meta":"","header-main-stick-meta":"","header-below-stick-meta":"","astra-migrate-meta-layouts":"default","ast-page-background-enabled":"default","ast-page-background-meta":{"desktop":{"background-color":"var(--ast-global-color-5)","background-image":"","background-repeat":"repeat","background-position":"center center","background-size":"auto","background-attachment":"scroll","background-type":"","background-media":"","overlay-type":"","overlay-color":"","overlay-opacity":"","overlay-gradient":""},"tablet":{"background-color":"","background-image":"","background-repeat":"repeat","background-position":"center center","background-size":"auto","background-attachment":"scroll","background-type":"","background-media":"","overlay-type":"","overlay-color":"","overlay-opacity":"","overlay-gradient":""},"mobile":{"background-color":"","background-image":"","background-repeat":"repeat","background-position":"center center","background-size":"auto","background-attachment":"scroll","background-type":"","background-media":"","overlay-type":"","overlay-color":"","overlay-opacity":"","overlay-gradient":""}},"ast-content-background-meta":{"desktop":{"background-color":"var(--ast-global-color-4)","background-image":"","background-repeat":"repeat","background-position":"center center","background-size":"auto","background-attachment":"scroll","background-type":"","background-media":"","overlay-type":"","overlay-color":"","overlay-opacity":"","overlay-gradient":""},"tablet":{"background-color":"var(--ast-global-color-4)","background-image":"","background-repeat":"repeat","background-position":"center center","background-size":"auto","background-attachment":"scroll","background-type":"","background-media":"","overlay-type":"","overlay-color":"","overlay-opacity":"","overlay-gradient":""},"mobile":{"background-color":"var(--ast-global-color-4)","background-image":"","background-repeat":"repeat","background-position":"center center","background-size":"auto","background-attachment":"scroll","background-type":"","background-media":"","overlay-type":"","overlay-color":"","overlay-opacity":"","overlay-gradient":""}},"jetpack_post_was_ever_published":false,"footnotes":"","_links_to":"","_links_to_target":""},"class_list":["post-14580","page","type-page","status-publish","has-post-thumbnail","hentry"],"acf":[],"aioseo_notices":[],"jetpack_sharing_enabled":true,"jetpack_shortlink":"https:\/\/wp.me\/P9ZnXU-3Na","_links":{"self":[{"href":"https:\/\/www.nabcoentrances.com\/fr\/wp-json\/wp\/v2\/pages\/14580","targetHints":{"allow":["GET"]}}],"collection":[{"href":"https:\/\/www.nabcoentrances.com\/fr\/wp-json\/wp\/v2\/pages"}],"about":[{"href":"https:\/\/www.nabcoentrances.com\/fr\/wp-json\/wp\/v2\/types\/page"}],"author":[{"embeddable":true,"href":"https:\/\/www.nabcoentrances.com\/fr\/wp-json\/wp\/v2\/users\/2"}],"replies":[{"embeddable":true,"href":"https:\/\/www.nabcoentrances.com\/fr\/wp-json\/wp\/v2\/comments?post=14580"}],"version-history":[{"count":0,"href":"https:\/\/www.nabcoentrances.com\/fr\/wp-json\/wp\/v2\/pages\/14580\/revisions"}],"up":[{"embeddable":true,"href":"https:\/\/www.nabcoentrances.com\/fr\/wp-json\/wp\/v2\/pages\/14573"}],"wp:featuredmedia":[{"embeddable":true,"href":"https:\/\/www.nabcoentrances.com\/fr\/wp-json\/wp\/v2\/media\/13284"}],"wp:attachment":[{"href":"https:\/\/www.nabcoentrances.com\/fr\/wp-json\/wp\/v2\/media?parent=14580"}],"curies":[{"name":"wp","href":"https:\/\/api.w.org\/{rel}","templated":true}]}}