{"id":14578,"date":"2015-09-14T10:59:53","date_gmt":"2015-09-14T15:59:53","guid":{"rendered":"https:\/\/www.nabcoentrances.com\/applications\/fort-impact\/"},"modified":"2026-03-24T11:05:39","modified_gmt":"2026-03-24T16:05:39","slug":"fort-impact","status":"publish","type":"page","link":"https:\/\/www.nabcoentrances.com\/fr\/applications\/fort-impact\/","title":{"rendered":"Fort impact"},"content":{"rendered":"\n<h2 class=\"wp-block-heading\">Portes automatiques pour les zones d&#8217;ouragans \u00e0 haute v\u00e9locit\u00e9<\/h2>\n\n<div class=\"wp-block-media-text alignwide has-media-on-the-right is-stacked-on-mobile\" style=\"grid-template-columns:auto 48%\"><div class=\"wp-block-media-text__content\">\n<p>NABCO con\u00e7oit des portes \u00e0 haut impact pour r\u00e9pondre aux normes rigoureuses exig\u00e9es par la <strong>zone des ouragans \u00e0 haute v\u00e9locit\u00e9 <\/strong>dans les comt\u00e9s de Miami-Dade et Broward en Floride. Pour d\u00e9passer les exigences de s\u00e9curit\u00e9, les portes automatiques \u00e0 haut impact de NABCO sont r\u00e9sistantes aux vents violents et \u00e0 l&#8217;impact des d\u00e9bris transport\u00e9s par le vent. NABCO entend assurer la s\u00e9curit\u00e9 des occupants d&#8217;un b\u00e2timent en cas d&#8217;ouragan, de temp\u00eate tropicale ou de vents \u00e0 grande vitesse.  <\/p>\n\n\n\n<p>Les <a href=\"https:\/\/www.nabcoentrances.com\/fr\/product\/porte-coulissante-resistante-aux-ouragans\/\" target=\"_blank\" rel=\"noopener\" title=\"\">portes coulissantes NABCO GT1175<\/a> sont fabriqu\u00e9es dans un souci d&#8217;esth\u00e9tique et de qualit\u00e9.<\/p>\n\n\n\n<ul class=\"wp-block-list\">\n<li>Florida Product Approval (FPA) pour les zones d&#8217;ouragans \u00e0 haute v\u00e9locit\u00e9 (HVHZ)<\/li>\n<\/ul>\n<\/div><figure class=\"wp-block-media-text__media\"><img data-recalc-dims=\"1\" fetchpriority=\"high\" decoding=\"async\" width=\"460\" height=\"256\" src=\"https:\/\/i0.wp.com\/www.nabcoentrances.com\/wp-content\/uploads\/2020\/09\/HIGH-IMPACT-DOORS.jpg?resize=460%2C256&#038;ssl=1\" alt=\"\" class=\"wp-image-7756 size-full\"\/><\/figure><\/div>\n\n<div style=\"height:15px\" aria-hidden=\"true\" class=\"wp-block-spacer\"><\/div>\n\n<p><a class=\"button\" href=\"https:\/\/www.nabcoentrances.com\/fr\/contact\/\">Contactez nos solutions \u00e0 fort impact<\/a><\/p>\n<p><em>No related applications found.<\/em><\/p>\n\n<p><\/p>\n","protected":false},"excerpt":{"rendered":"<p>Portes automatiques pour les zones d&#8217;ouragans \u00e0 haute v\u00e9locit\u00e9 Contactez nos solutions \u00e0 fort impact<\/p>\n","protected":false},"author":2,"featured_media":11508,"parent":14573,"menu_order":8,"comment_status":"closed","ping_status":"closed","template":"","meta":{"_acf_changed":false,"om_disable_all_campaigns":false,"_monsterinsights_skip_tracking":false,"_monsterinsights_sitenote_active":false,"_monsterinsights_sitenote_note":"","_monsterinsights_sitenote_category":0,"site-sidebar-layout":"default","site-content-layout":"","ast-site-content-layout":"default","site-content-style":"default","site-sidebar-style":"default","ast-global-header-display":"","ast-banner-title-visibility":"","ast-main-header-display":"","ast-hfb-above-header-display":"","ast-hfb-below-header-display":"","ast-hfb-mobile-header-display":"","site-post-title":"disabled","ast-breadcrumbs-content":"","ast-featured-img":"","footer-sml-layout":"","theme-transparent-header-meta":"","adv-header-id-meta":"","stick-header-meta":"","header-above-stick-meta":"","header-main-stick-meta":"","header-below-stick-meta":"","astra-migrate-meta-layouts":"default","ast-page-background-enabled":"default","ast-page-background-meta":{"desktop":{"background-color":"var(--ast-global-color-5)","background-image":"","background-repeat":"repeat","background-position":"center center","background-size":"auto","background-attachment":"scroll","background-type":"","background-media":"","overlay-type":"","overlay-color":"","overlay-opacity":"","overlay-gradient":""},"tablet":{"background-color":"","background-image":"","background-repeat":"repeat","background-position":"center center","background-size":"auto","background-attachment":"scroll","background-type":"","background-media":"","overlay-type":"","overlay-color":"","overlay-opacity":"","overlay-gradient":""},"mobile":{"background-color":"","background-image":"","background-repeat":"repeat","background-position":"center center","background-size":"auto","background-attachment":"scroll","background-type":"","background-media":"","overlay-type":"","overlay-color":"","overlay-opacity":"","overlay-gradient":""}},"ast-content-background-meta":{"desktop":{"background-color":"var(--ast-global-color-4)","background-image":"","background-repeat":"repeat","background-position":"center center","background-size":"auto","background-attachment":"scroll","background-type":"","background-media":"","overlay-type":"","overlay-color":"","overlay-opacity":"","overlay-gradient":""},"tablet":{"background-color":"var(--ast-global-color-4)","background-image":"","background-repeat":"repeat","background-position":"center center","background-size":"auto","background-attachment":"scroll","background-type":"","background-media":"","overlay-type":"","overlay-color":"","overlay-opacity":"","overlay-gradient":""},"mobile":{"background-color":"var(--ast-global-color-4)","background-image":"","background-repeat":"repeat","background-position":"center center","background-size":"auto","background-attachment":"scroll","background-type":"","background-media":"","overlay-type":"","overlay-color":"","overlay-opacity":"","overlay-gradient":""}},"jetpack_post_was_ever_published":false,"footnotes":"","_links_to":"","_links_to_target":""},"class_list":["post-14578","page","type-page","status-publish","has-post-thumbnail","hentry"],"acf":[],"aioseo_notices":[],"jetpack_sharing_enabled":true,"jetpack_shortlink":"https:\/\/wp.me\/P9ZnXU-3N8","_links":{"self":[{"href":"https:\/\/www.nabcoentrances.com\/fr\/wp-json\/wp\/v2\/pages\/14578","targetHints":{"allow":["GET"]}}],"collection":[{"href":"https:\/\/www.nabcoentrances.com\/fr\/wp-json\/wp\/v2\/pages"}],"about":[{"href":"https:\/\/www.nabcoentrances.com\/fr\/wp-json\/wp\/v2\/types\/page"}],"author":[{"embeddable":true,"href":"https:\/\/www.nabcoentrances.com\/fr\/wp-json\/wp\/v2\/users\/2"}],"replies":[{"embeddable":true,"href":"https:\/\/www.nabcoentrances.com\/fr\/wp-json\/wp\/v2\/comments?post=14578"}],"version-history":[{"count":0,"href":"https:\/\/www.nabcoentrances.com\/fr\/wp-json\/wp\/v2\/pages\/14578\/revisions"}],"up":[{"embeddable":true,"href":"https:\/\/www.nabcoentrances.com\/fr\/wp-json\/wp\/v2\/pages\/14573"}],"wp:featuredmedia":[{"embeddable":true,"href":"https:\/\/www.nabcoentrances.com\/fr\/wp-json\/wp\/v2\/media\/11508"}],"wp:attachment":[{"href":"https:\/\/www.nabcoentrances.com\/fr\/wp-json\/wp\/v2\/media?parent=14578"}],"curies":[{"name":"wp","href":"https:\/\/api.w.org\/{rel}","templated":true}]}}