{"id":14577,"date":"2015-09-01T05:17:38","date_gmt":"2015-09-01T10:17:38","guid":{"rendered":"https:\/\/www.nabcoentrances.com\/notre-entreprise\/"},"modified":"2025-05-15T15:02:53","modified_gmt":"2025-05-15T20:02:53","slug":"notre-entreprise","status":"publish","type":"page","link":"https:\/\/www.nabcoentrances.com\/fr\/notre-entreprise\/","title":{"rendered":"Notre entreprise"},"content":{"rendered":"<h2>\u00c0 propos de NABCO Entrances, Inc.<\/h2>\n<p>Avec une histoire remontant \u00e0 1956, NABCO Entrances &#8211; employant la marque Gyro Tech &#8211; est un fabricant de premier plan de portes pi\u00e9tonnes automatiques de qualit\u00e9 qui r\u00e9pondent aux besoins croissants des magasins de d\u00e9tail, des h\u00f4pitaux, des \u00e9coles, des restaurants et des institutions commerciales et industrielles dans toute l&#8217;Am\u00e9rique du Nord.<\/p>\n<p>En mettant l&#8217;accent sur une fiabilit\u00e9 in\u00e9gal\u00e9e et la r\u00e9duction des co\u00fbts d&#8217;exploitation et de responsabilit\u00e9, avec le soutien mondial de ses ressources en recherche et d\u00e9veloppement de sa soci\u00e9t\u00e9 m\u00e8re <a href=\"https:\/\/nabco.nabtesco.com\/ai_global\/\" target=\"_blank\" rel=\"noopener\">Nabtesco<\/a>, NABCO, membre fondateur de l&#8217;<a href=\"https:\/\/www.aaadm.com\/index.html\" target=\"_blank\" rel=\"noopener\">AAADM<\/a>, est fier de fournir continuellement des solutions efficaces, des d\u00e9lais de livraison plus courts et de nouveaux produits pour r\u00e9pondre aux demandes de l&#8217;industrie des portes automatiques.<\/p>\n<p>En plus de ses filiales, NABCO poss\u00e8de le plus grand r\u00e9seau ind\u00e9pendant de distributeurs de portes automatiques en Am\u00e9rique du Nord. Leurs installateurs et techniciens qualifi\u00e9s et sympathiques s&#8217;efforcent toujours de d\u00e9passer vos attentes, de l&#8217;installation au service apr\u00e8s-vente. Les succursales d&#8217;usine et les distributeurs ind\u00e9pendants de NABCO mettent \u00e0 votre disposition des techniciens certifi\u00e9s par l&#8217;AAADM pour s&#8217;assurer que vos portes r\u00e9pondent \u00e0 toutes les normes ANSI A156.10 et A156.19.<\/p>\n<p>C&#8217;est simple : ouvrir les portes est plus facile avec les entr\u00e9es NABCO.<\/p>\n<p><a href=\"https:\/\/i0.wp.com\/www.nabcoentrances.com\/wp-content\/uploads\/2024\/02\/11896481_1609782772604816_7693966203187600907_o.jpg?ssl=1\"><img data-recalc-dims=\"1\" fetchpriority=\"high\" decoding=\"async\" class=\"wp-image-9885 aligncenter\" src=\"https:\/\/i0.wp.com\/www.nabcoentrances.com\/wp-content\/uploads\/2024\/02\/11896481_1609782772604816_7693966203187600907_o.jpg?resize=581%2C387&#038;ssl=1\" alt=\"\" width=\"581\" height=\"387\"><\/a><\/p>\n\n<p><a class=\"button\" href=\"https:\/\/www.nabcoentrances.com\/fr\/contact\/\">Contactez nous<\/a><\/p>\n","protected":false},"excerpt":{"rendered":"<p>\u00c0 propos de NABCO Entrances, Inc. Avec une histoire remontant \u00e0 1956, NABCO Entrances &#8211; employant la marque Gyro Tech [&hellip;]<\/p>\n","protected":false},"author":1,"featured_media":0,"parent":0,"menu_order":36,"comment_status":"closed","ping_status":"closed","template":"","meta":{"_acf_changed":false,"om_disable_all_campaigns":false,"_monsterinsights_skip_tracking":false,"_monsterinsights_sitenote_active":false,"_monsterinsights_sitenote_note":"","_monsterinsights_sitenote_category":0,"site-sidebar-layout":"default","site-content-layout":"","ast-site-content-layout":"default","site-content-style":"default","site-sidebar-style":"default","ast-global-header-display":"","ast-banner-title-visibility":"","ast-main-header-display":"","ast-hfb-above-header-display":"","ast-hfb-below-header-display":"","ast-hfb-mobile-header-display":"","site-post-title":"","ast-breadcrumbs-content":"","ast-featured-img":"","footer-sml-layout":"","theme-transparent-header-meta":"","adv-header-id-meta":"","stick-header-meta":"","header-above-stick-meta":"","header-main-stick-meta":"","header-below-stick-meta":"","astra-migrate-meta-layouts":"default","ast-page-background-enabled":"default","ast-page-background-meta":{"desktop":{"background-color":"var(--ast-global-color-5)","background-image":"","background-repeat":"repeat","background-position":"center center","background-size":"auto","background-attachment":"scroll","background-type":"","background-media":"","overlay-type":"","overlay-color":"","overlay-opacity":"","overlay-gradient":""},"tablet":{"background-color":"","background-image":"","background-repeat":"repeat","background-position":"center center","background-size":"auto","background-attachment":"scroll","background-type":"","background-media":"","overlay-type":"","overlay-color":"","overlay-opacity":"","overlay-gradient":""},"mobile":{"background-color":"","background-image":"","background-repeat":"repeat","background-position":"center center","background-size":"auto","background-attachment":"scroll","background-type":"","background-media":"","overlay-type":"","overlay-color":"","overlay-opacity":"","overlay-gradient":""}},"ast-content-background-meta":{"desktop":{"background-color":"var(--ast-global-color-4)","background-image":"","background-repeat":"repeat","background-position":"center center","background-size":"auto","background-attachment":"scroll","background-type":"","background-media":"","overlay-type":"","overlay-color":"","overlay-opacity":"","overlay-gradient":""},"tablet":{"background-color":"var(--ast-global-color-4)","background-image":"","background-repeat":"repeat","background-position":"center center","background-size":"auto","background-attachment":"scroll","background-type":"","background-media":"","overlay-type":"","overlay-color":"","overlay-opacity":"","overlay-gradient":""},"mobile":{"background-color":"var(--ast-global-color-4)","background-image":"","background-repeat":"repeat","background-position":"center center","background-size":"auto","background-attachment":"scroll","background-type":"","background-media":"","overlay-type":"","overlay-color":"","overlay-opacity":"","overlay-gradient":""}},"jetpack_post_was_ever_published":false,"footnotes":"","_links_to":"","_links_to_target":""},"class_list":["post-14577","page","type-page","status-publish","hentry"],"acf":[],"aioseo_notices":[],"jetpack_sharing_enabled":true,"jetpack_shortlink":"https:\/\/wp.me\/P9ZnXU-3N7","_links":{"self":[{"href":"https:\/\/www.nabcoentrances.com\/fr\/wp-json\/wp\/v2\/pages\/14577","targetHints":{"allow":["GET"]}}],"collection":[{"href":"https:\/\/www.nabcoentrances.com\/fr\/wp-json\/wp\/v2\/pages"}],"about":[{"href":"https:\/\/www.nabcoentrances.com\/fr\/wp-json\/wp\/v2\/types\/page"}],"author":[{"embeddable":true,"href":"https:\/\/www.nabcoentrances.com\/fr\/wp-json\/wp\/v2\/users\/1"}],"replies":[{"embeddable":true,"href":"https:\/\/www.nabcoentrances.com\/fr\/wp-json\/wp\/v2\/comments?post=14577"}],"version-history":[{"count":0,"href":"https:\/\/www.nabcoentrances.com\/fr\/wp-json\/wp\/v2\/pages\/14577\/revisions"}],"wp:attachment":[{"href":"https:\/\/www.nabcoentrances.com\/fr\/wp-json\/wp\/v2\/media?parent=14577"}],"curies":[{"name":"wp","href":"https:\/\/api.w.org\/{rel}","templated":true}]}}