{"id":14576,"date":"2015-09-01T05:17:38","date_gmt":"2015-09-01T10:17:38","guid":{"rendered":"https:\/\/www.nabcoentrances.com\/ressources-architecturales\/"},"modified":"2025-05-15T15:02:52","modified_gmt":"2025-05-15T20:02:52","slug":"ressources-architecturales","status":"publish","type":"page","link":"https:\/\/www.nabcoentrances.com\/fr\/ressources-architecturales\/","title":{"rendered":"Ressources architecturales"},"content":{"rendered":"\t\t<div data-elementor-type=\"wp-page\" data-elementor-id=\"14576\" class=\"elementor elementor-14576 elementor-6\">\n\t\t\t\t\t\t<section class=\"elementor-section elementor-top-section elementor-element elementor-element-2560c1a1 elementor-section-boxed elementor-section-height-default elementor-section-height-default\" data-id=\"2560c1a1\" data-element_type=\"section\" data-e-type=\"section\">\n\t\t\t\t\t\t<div class=\"elementor-container elementor-column-gap-default\">\n\t\t\t\t\t<div class=\"elementor-column elementor-col-100 elementor-top-column elementor-element elementor-element-46605274\" data-id=\"46605274\" data-element_type=\"column\" data-e-type=\"column\">\n\t\t\t<div class=\"elementor-widget-wrap elementor-element-populated\">\n\t\t\t\t\t\t<div class=\"elementor-element elementor-element-28dab82a elementor-widget elementor-widget-text-editor\" data-id=\"28dab82a\" data-element_type=\"widget\" data-e-type=\"widget\" data-widget_type=\"text-editor.default\">\n\t\t\t\t<div class=\"elementor-widget-container\">\n\t\t\t\t\t\t\t\t\t\n<h2>Nos solutions de conception architecturale<\/h2>\n<p>NABCO Entrances, Inc. s&#8217;engage \u00e0 \u00e9tablir des relations solides avec la communaut\u00e9 architecturale. Notre capacit\u00e9 \u00e0 cr\u00e9er de nouveaux produits innovants permet \u00e0 nos clients de rester \u00e0 la pointe des solutions viables pour relever les d\u00e9fis de l&#8217;environnement commercial d&#8217;aujourd&#8217;hui. Pour relever ces d\u00e9fis, il faut une \u00e9quipe responsable qui comprend les besoins des clients et, plus important encore, l&#8217;impact positif des portes automatiques NABCO sur les solutions de conception architecturale.<\/p>\n<p><a class=\"button yellow\" href=\"https:\/\/www.nabcoentrances.com\/architectural-resources\/product-literature\/\" target=\"_blank\" rel=\"noopener\">Litt\u00e9rature sur les produits<\/a><\/p>\n<p><a class=\"button yellow\" href=\"https:\/\/www.nabcoentrances.com\/architectural-resources\/educational-resources\/\" target=\"_blank\" rel=\"noopener\">Ressources p\u00e9dagogiques<\/a><\/p>\n<p><a class=\"button yellow\" href=\"https:\/\/www.nabcoentrances.com\/architectural-resources\/agency-listings\/\" target=\"_blank\" rel=\"noopener\">Listes de codes et de s\u00e9curit\u00e9<\/a><\/p>\n<p><a class=\"button yellow\" href=\"https:\/\/www.nabcoentrances.com\/architectural-resources\/industry-references\/\" target=\"_blank\" rel=\"noopener\">R\u00e9f\u00e9rences de l&#8217;industrie<\/a><\/p>\n\t\t\t\t\t\t\t\t<\/div>\n\t\t\t\t<\/div>\n\t\t\t\t\t<\/div>\n\t\t<\/div>\n\t\t\t\t\t<\/div>\n\t\t<\/section>\n\t\t\t\t<\/div>\n\t\t","protected":false},"excerpt":{"rendered":"<p>Nos solutions de conception architecturale NABCO Entrances, Inc. s&#8217;engage \u00e0 \u00e9tablir des relations solides avec la communaut\u00e9 architecturale. Notre capacit\u00e9 [&hellip;]<\/p>\n","protected":false},"author":1,"featured_media":0,"parent":0,"menu_order":35,"comment_status":"closed","ping_status":"closed","template":"","meta":{"_acf_changed":false,"om_disable_all_campaigns":false,"_monsterinsights_skip_tracking":false,"_monsterinsights_sitenote_active":false,"_monsterinsights_sitenote_note":"","_monsterinsights_sitenote_category":0,"site-sidebar-layout":"default","site-content-layout":"","ast-site-content-layout":"default","site-content-style":"default","site-sidebar-style":"default","ast-global-header-display":"","ast-banner-title-visibility":"","ast-main-header-display":"","ast-hfb-above-header-display":"","ast-hfb-below-header-display":"","ast-hfb-mobile-header-display":"","site-post-title":"","ast-breadcrumbs-content":"","ast-featured-img":"","footer-sml-layout":"","theme-transparent-header-meta":"","adv-header-id-meta":"","stick-header-meta":"","header-above-stick-meta":"","header-main-stick-meta":"","header-below-stick-meta":"","astra-migrate-meta-layouts":"default","ast-page-background-enabled":"default","ast-page-background-meta":{"desktop":{"background-color":"var(--ast-global-color-5)","background-image":"","background-repeat":"repeat","background-position":"center center","background-size":"auto","background-attachment":"scroll","background-type":"","background-media":"","overlay-type":"","overlay-color":"","overlay-opacity":"","overlay-gradient":""},"tablet":{"background-color":"","background-image":"","background-repeat":"repeat","background-position":"center center","background-size":"auto","background-attachment":"scroll","background-type":"","background-media":"","overlay-type":"","overlay-color":"","overlay-opacity":"","overlay-gradient":""},"mobile":{"background-color":"","background-image":"","background-repeat":"repeat","background-position":"center center","background-size":"auto","background-attachment":"scroll","background-type":"","background-media":"","overlay-type":"","overlay-color":"","overlay-opacity":"","overlay-gradient":""}},"ast-content-background-meta":{"desktop":{"background-color":"var(--ast-global-color-4)","background-image":"","background-repeat":"repeat","background-position":"center center","background-size":"auto","background-attachment":"scroll","background-type":"","background-media":"","overlay-type":"","overlay-color":"","overlay-opacity":"","overlay-gradient":""},"tablet":{"background-color":"var(--ast-global-color-4)","background-image":"","background-repeat":"repeat","background-position":"center center","background-size":"auto","background-attachment":"scroll","background-type":"","background-media":"","overlay-type":"","overlay-color":"","overlay-opacity":"","overlay-gradient":""},"mobile":{"background-color":"var(--ast-global-color-4)","background-image":"","background-repeat":"repeat","background-position":"center center","background-size":"auto","background-attachment":"scroll","background-type":"","background-media":"","overlay-type":"","overlay-color":"","overlay-opacity":"","overlay-gradient":""}},"jetpack_post_was_ever_published":false,"footnotes":"","_links_to":"","_links_to_target":""},"class_list":["post-14576","page","type-page","status-publish","hentry"],"acf":[],"aioseo_notices":[],"jetpack_sharing_enabled":true,"jetpack_shortlink":"https:\/\/wp.me\/P9ZnXU-3N6","_links":{"self":[{"href":"https:\/\/www.nabcoentrances.com\/fr\/wp-json\/wp\/v2\/pages\/14576","targetHints":{"allow":["GET"]}}],"collection":[{"href":"https:\/\/www.nabcoentrances.com\/fr\/wp-json\/wp\/v2\/pages"}],"about":[{"href":"https:\/\/www.nabcoentrances.com\/fr\/wp-json\/wp\/v2\/types\/page"}],"author":[{"embeddable":true,"href":"https:\/\/www.nabcoentrances.com\/fr\/wp-json\/wp\/v2\/users\/1"}],"replies":[{"embeddable":true,"href":"https:\/\/www.nabcoentrances.com\/fr\/wp-json\/wp\/v2\/comments?post=14576"}],"version-history":[{"count":0,"href":"https:\/\/www.nabcoentrances.com\/fr\/wp-json\/wp\/v2\/pages\/14576\/revisions"}],"wp:attachment":[{"href":"https:\/\/www.nabcoentrances.com\/fr\/wp-json\/wp\/v2\/media?parent=14576"}],"curies":[{"name":"wp","href":"https:\/\/api.w.org\/{rel}","templated":true}]}}