{"id":14575,"date":"2015-09-14T10:52:34","date_gmt":"2015-09-14T15:52:34","guid":{"rendered":"https:\/\/www.nabcoentrances.com\/produits\/operateurs-de-portes-battantes\/"},"modified":"2015-09-14T10:52:34","modified_gmt":"2015-09-14T15:52:34","slug":"operateurs-de-portes-battantes","status":"publish","type":"page","link":"https:\/\/www.nabcoentrances.com\/fr\/produits\/operateurs-de-portes-battantes\/","title":{"rendered":"Op\u00e9rateurs de portes battantes"},"content":{"rendered":"<h2>Op\u00e9rateurs de portes battantes : Quand les solutions d&#8217;entr\u00e9e sont automatiques<\/h2>\n<p>NABCO a con\u00e7u ses op\u00e9rateurs de portes battantes \u00e0 <strong>faible consommation d&#8217;\u00e9nergie et \u00e0 pleine puissance<\/strong> pour automatiser pratiquement n&#8217;importe quelle porte nouvelle ou existante. Pour cr\u00e9er un fonctionnement personnalis\u00e9, nos vitesses de fermeture r\u00e9glables permettent \u00e0 une porte de se fermer plus rapidement pour \u00e9conomiser de l&#8217;\u00e9nergie ou plus lentement pour am\u00e9liorer la s\u00e9curit\u00e9 des pi\u00e9tons. Nous garantissons les produits les plus durables de l&#8217;industrie &#8211; et la plus grande satisfaction de nos clients &#8211; en testant rigoureusement chaque op\u00e9rateur pendant des centaines de cycles.  <\/p>\n<p>D\u00e9couvrez les op\u00e9rateurs de portes battantes de NABCO <strong><a href=\"https:\/\/www.nabcoentrances.com\/fr\/operateurs-de-portes-battantes-nabco-en-stock\/\" target=\"_blank\" rel=\"noopener\">Op\u00e9rateurs de portes battantes en stock<\/a><\/strong>.<\/p>\n<p><a class=\"button yellow\" href=\"https:\/\/www.nabcoentrances.com\/wp-content\/uploads\/2025\/02\/NABCO_Automatic_Swing_Doors_Sales_Sheet-2.pdf\" target=\"_blank\" rel=\"noopener\">T\u00e9l\u00e9chargez la brochure de la s\u00e9rie Swing Door (PDF)<\/a><\/p>\n<p><a class=\"button\" href=\"https:\/\/www.nabcoentrances.com\/fr\/contact\/\">Contactez-nous pour des solutions d&#8217;op\u00e9rateurs de portes battantes<\/a><\/p>\n","protected":false},"excerpt":{"rendered":"<p>Op\u00e9rateurs de portes battantes : Quand les solutions d&#8217;entr\u00e9e sont automatiques NABCO a con\u00e7u ses op\u00e9rateurs de portes battantes \u00e0 [&hellip;]<\/p>\n","protected":false},"author":2,"featured_media":0,"parent":14571,"menu_order":4,"comment_status":"closed","ping_status":"closed","template":"","meta":{"_acf_changed":false,"om_disable_all_campaigns":false,"_monsterinsights_skip_tracking":false,"_monsterinsights_sitenote_active":false,"_monsterinsights_sitenote_note":"","_monsterinsights_sitenote_category":0,"site-sidebar-layout":"default","site-content-layout":"","ast-site-content-layout":"default","site-content-style":"default","site-sidebar-style":"default","ast-global-header-display":"","ast-banner-title-visibility":"","ast-main-header-display":"","ast-hfb-above-header-display":"","ast-hfb-below-header-display":"","ast-hfb-mobile-header-display":"","site-post-title":"disabled","ast-breadcrumbs-content":"","ast-featured-img":"","footer-sml-layout":"","theme-transparent-header-meta":"","adv-header-id-meta":"","stick-header-meta":"","header-above-stick-meta":"","header-main-stick-meta":"","header-below-stick-meta":"","astra-migrate-meta-layouts":"default","ast-page-background-enabled":"default","ast-page-background-meta":{"desktop":{"background-color":"var(--ast-global-color-5)","background-image":"","background-repeat":"repeat","background-position":"center center","background-size":"auto","background-attachment":"scroll","background-type":"","background-media":"","overlay-type":"","overlay-color":"","overlay-opacity":"","overlay-gradient":""},"tablet":{"background-color":"","background-image":"","background-repeat":"repeat","background-position":"center center","background-size":"auto","background-attachment":"scroll","background-type":"","background-media":"","overlay-type":"","overlay-color":"","overlay-opacity":"","overlay-gradient":""},"mobile":{"background-color":"","background-image":"","background-repeat":"repeat","background-position":"center center","background-size":"auto","background-attachment":"scroll","background-type":"","background-media":"","overlay-type":"","overlay-color":"","overlay-opacity":"","overlay-gradient":""}},"ast-content-background-meta":{"desktop":{"background-color":"var(--ast-global-color-4)","background-image":"","background-repeat":"repeat","background-position":"center center","background-size":"auto","background-attachment":"scroll","background-type":"","background-media":"","overlay-type":"","overlay-color":"","overlay-opacity":"","overlay-gradient":""},"tablet":{"background-color":"var(--ast-global-color-4)","background-image":"","background-repeat":"repeat","background-position":"center center","background-size":"auto","background-attachment":"scroll","background-type":"","background-media":"","overlay-type":"","overlay-color":"","overlay-opacity":"","overlay-gradient":""},"mobile":{"background-color":"var(--ast-global-color-4)","background-image":"","background-repeat":"repeat","background-position":"center center","background-size":"auto","background-attachment":"scroll","background-type":"","background-media":"","overlay-type":"","overlay-color":"","overlay-opacity":"","overlay-gradient":""}},"jetpack_post_was_ever_published":false,"footnotes":"","_links_to":"","_links_to_target":""},"class_list":["post-14575","page","type-page","status-publish","hentry"],"acf":[],"aioseo_notices":[],"jetpack_sharing_enabled":true,"jetpack_shortlink":"https:\/\/wp.me\/P9ZnXU-3N5","_links":{"self":[{"href":"https:\/\/www.nabcoentrances.com\/fr\/wp-json\/wp\/v2\/pages\/14575","targetHints":{"allow":["GET"]}}],"collection":[{"href":"https:\/\/www.nabcoentrances.com\/fr\/wp-json\/wp\/v2\/pages"}],"about":[{"href":"https:\/\/www.nabcoentrances.com\/fr\/wp-json\/wp\/v2\/types\/page"}],"author":[{"embeddable":true,"href":"https:\/\/www.nabcoentrances.com\/fr\/wp-json\/wp\/v2\/users\/2"}],"replies":[{"embeddable":true,"href":"https:\/\/www.nabcoentrances.com\/fr\/wp-json\/wp\/v2\/comments?post=14575"}],"version-history":[{"count":0,"href":"https:\/\/www.nabcoentrances.com\/fr\/wp-json\/wp\/v2\/pages\/14575\/revisions"}],"up":[{"embeddable":true,"href":"https:\/\/www.nabcoentrances.com\/fr\/wp-json\/wp\/v2\/pages\/14571"}],"wp:attachment":[{"href":"https:\/\/www.nabcoentrances.com\/fr\/wp-json\/wp\/v2\/media?parent=14575"}],"curies":[{"name":"wp","href":"https:\/\/api.w.org\/{rel}","templated":true}]}}