{"id":14573,"date":"2015-09-01T05:17:37","date_gmt":"2015-09-01T10:17:37","guid":{"rendered":"https:\/\/www.nabcoentrances.com\/applications\/"},"modified":"2026-01-30T12:21:13","modified_gmt":"2026-01-30T18:21:13","slug":"applications","status":"publish","type":"page","link":"https:\/\/www.nabcoentrances.com\/fr\/applications\/","title":{"rendered":"Applications"},"content":{"rendered":"\t\t<div data-elementor-type=\"wp-page\" data-elementor-id=\"14573\" class=\"elementor elementor-14573 elementor-5\">\n\t\t\t\t<div class=\"elementor-element elementor-element-29e2b91e e-flex e-con-boxed e-con e-parent\" data-id=\"29e2b91e\" data-element_type=\"container\" data-e-type=\"container\">\n\t\t\t\t\t<div class=\"e-con-inner\">\n\t\t\t\t<div class=\"elementor-element elementor-element-7919b994 elementor-widget elementor-widget-text-editor\" data-id=\"7919b994\" data-element_type=\"widget\" data-e-type=\"widget\" data-widget_type=\"text-editor.default\">\n\t\t\t\t<div class=\"elementor-widget-container\">\n\t\t\t\t\t\t\t\t\t<h2>Choisissez l&#8217;entr\u00e9e qui convient \u00e0 votre exp\u00e9rience<\/h2><p>Les portes automatiques NABCO contribuent \u00e0 offrir \u00e0 l&#8217;utilisateur une exp\u00e9rience simple et transparente. Il est ind\u00e9niable que les pi\u00e9tons de tout b\u00e2timent appr\u00e9cient la commodit\u00e9 des portes automatiques : les acheteurs avec les bras charg\u00e9s de sacs et de paquets, les professionnels de la sant\u00e9 qui doivent maintenir un environnement de salle blanche, les parents avec des enfants en bas \u00e2ge ou des poussettes, les personnes en fauteuil roulant ou avec des d\u00e9ambulateurs, et bien d&#8217;autres encore. <\/p><p><a class=\"button\" href=\"https:\/\/www.nabcoentrances.com\/fr\/contact\/\">Contactez nous<\/a><\/p><h3>Pourquoi utiliser des portes automatiques ?<\/h3><ul><li>Am\u00e9liorer l&#8217;efficacit\u00e9 des syst\u00e8mes CVC et r\u00e9aliser des \u00e9conomies d&#8217;\u00e9nergie en maintenant la temp\u00e9rature int\u00e9rieure d&#8217;un b\u00e2timent sous contr\u00f4le climatique.<\/li><li>Renforcer le contr\u00f4le sur les salles s\u00e9curis\u00e9es<\/li><li>Permettre l&#8217;accessibilit\u00e9 compl\u00e8te des entr\u00e9es pour les pi\u00e9tons<\/li><li>Cr\u00e9ez une exp\u00e9rience de marque m\u00e9morable et haut de gamme<\/li><\/ul><h3>D\u00e9couvrez les produits NABCO sp\u00e9cifiques \u00e0 l&#8217;industrie :<\/h3>\t\t\t\t\t\t\t\t<\/div>\n\t\t\t\t<\/div>\n\t\t\t\t\t<\/div>\n\t\t\t\t<\/div>\n\t\t<div class=\"elementor-element elementor-element-fe8810d e-grid e-con-boxed e-con e-parent\" data-id=\"fe8810d\" data-element_type=\"container\" data-e-type=\"container\">\n\t\t\t\t\t<div class=\"e-con-inner\">\n\t\t\t\t<div class=\"elementor-element elementor-element-914859a elementor-widget elementor-widget-contentviews_widget_grid1\" data-id=\"914859a\" data-element_type=\"widget\" data-e-type=\"widget\" data-widget_type=\"contentviews_widget_grid1.default\">\n\t\t\t\t<div class=\"elementor-widget-container\">\n\t\t\t\t\t<div class='pt-cv-wrapper'> <div class=\"pt-cv-view pt-cv-blockgrid iscvblock iscvelementor grid1 layout1 cveffect-darken\" id=\"pt-cv-view-914859a\"><div data-id=\"pt-cv-page-1\" class=\"pt-cv-page\" data-cvc=\"3\"><div class=\" pt-cv-content-item pt-cv-1-col\" ><div class=\"pt-cv-thumb-wrapper  \"><a href=\"https:\/\/www.nabcoentrances.com\/fr\/applications\/protection-contre-lincendie\/\" class=\"_self pt-cv-href-thumbnail pt-cv-thumb-default\" target=\"_self\" ><img fetchpriority=\"high\" decoding=\"async\" width=\"460\" height=\"256\" src=\"https:\/\/i0.wp.com\/www.nabcoentrances.com\/wp-content\/uploads\/2015\/09\/app-fire-protection-thumbnail-1.jpg?fit=460%2C256&amp;ssl=1\" class=\"pt-cv-thumbnail\" alt=\"\" srcset=\"https:\/\/i0.wp.com\/www.nabcoentrances.com\/wp-content\/uploads\/2015\/09\/app-fire-protection-thumbnail-1.jpg?w=460&amp;ssl=1 460w, https:\/\/i0.wp.com\/www.nabcoentrances.com\/wp-content\/uploads\/2015\/09\/app-fire-protection-thumbnail-1.jpg?resize=416%2C232&amp;ssl=1 416w, https:\/\/i0.wp.com\/www.nabcoentrances.com\/wp-content\/uploads\/2015\/09\/app-fire-protection-thumbnail-1.jpg?resize=300%2C167&amp;ssl=1 300w\" sizes=\"(max-width: 460px) 100vw, 460px\" \/><\/a><\/div>\n<h4 class=\"pt-cv-title\"><a href=\"https:\/\/www.nabcoentrances.com\/fr\/applications\/protection-contre-lincendie\/\" class=\"_self\" target=\"_self\" >Protection contre l&#8217;incendie<\/a><\/h4><\/div>\n<div class=\" pt-cv-content-item pt-cv-1-col\" ><div class=\"pt-cv-thumb-wrapper  \"><a href=\"https:\/\/www.nabcoentrances.com\/fr\/applications\/fort-impact\/\" class=\"_self pt-cv-href-thumbnail pt-cv-thumb-default\" target=\"_self\" ><img decoding=\"async\" width=\"460\" height=\"256\" src=\"https:\/\/i0.wp.com\/www.nabcoentrances.com\/wp-content\/uploads\/2015\/09\/app-high-impact-thumbnail-1.jpg?fit=460%2C256&amp;ssl=1\" class=\"pt-cv-thumbnail\" alt=\"\" srcset=\"https:\/\/i0.wp.com\/www.nabcoentrances.com\/wp-content\/uploads\/2015\/09\/app-high-impact-thumbnail-1.jpg?w=460&amp;ssl=1 460w, https:\/\/i0.wp.com\/www.nabcoentrances.com\/wp-content\/uploads\/2015\/09\/app-high-impact-thumbnail-1.jpg?resize=416%2C232&amp;ssl=1 416w, https:\/\/i0.wp.com\/www.nabcoentrances.com\/wp-content\/uploads\/2015\/09\/app-high-impact-thumbnail-1.jpg?resize=300%2C167&amp;ssl=1 300w\" sizes=\"(max-width: 460px) 100vw, 460px\" \/><\/a><\/div>\n<h4 class=\"pt-cv-title\"><a href=\"https:\/\/www.nabcoentrances.com\/fr\/applications\/fort-impact\/\" class=\"_self\" target=\"_self\" >Fort impact<\/a><\/h4><\/div>\n<div class=\" pt-cv-content-item pt-cv-1-col\" ><div class=\"pt-cv-thumb-wrapper  \"><a href=\"https:\/\/www.nabcoentrances.com\/fr\/applications\/lhospitalite\/\" class=\"_self pt-cv-href-thumbnail pt-cv-thumb-default\" target=\"_self\" ><img decoding=\"async\" width=\"460\" height=\"256\" src=\"https:\/\/i0.wp.com\/www.nabcoentrances.com\/wp-content\/uploads\/2015\/10\/hospitalitythumb.jpg?fit=460%2C256&amp;ssl=1\" class=\"pt-cv-thumbnail\" alt=\"Porte d&#039;accueil - Automatique GT1175 coulissante.\" srcset=\"https:\/\/i0.wp.com\/www.nabcoentrances.com\/wp-content\/uploads\/2015\/10\/hospitalitythumb.jpg?w=460&amp;ssl=1 460w, https:\/\/i0.wp.com\/www.nabcoentrances.com\/wp-content\/uploads\/2015\/10\/hospitalitythumb.jpg?resize=416%2C232&amp;ssl=1 416w, https:\/\/i0.wp.com\/www.nabcoentrances.com\/wp-content\/uploads\/2015\/10\/hospitalitythumb.jpg?resize=300%2C167&amp;ssl=1 300w\" sizes=\"(max-width: 460px) 100vw, 460px\" \/><\/a><\/div>\n<h4 class=\"pt-cv-title\"><a href=\"https:\/\/www.nabcoentrances.com\/fr\/applications\/lhospitalite\/\" class=\"_self\" target=\"_self\" >L&#8217;hospitalit\u00e9<\/a><\/h4><\/div>\n<div class=\" pt-cv-content-item pt-cv-1-col\" ><div class=\"pt-cv-thumb-wrapper  \"><a href=\"https:\/\/www.nabcoentrances.com\/fr\/applications\/centres-commerciaux\/\" class=\"_self pt-cv-href-thumbnail pt-cv-thumb-default\" target=\"_self\" ><img loading=\"lazy\" decoding=\"async\" width=\"460\" height=\"256\" src=\"https:\/\/i0.wp.com\/www.nabcoentrances.com\/wp-content\/uploads\/2015\/09\/app-malls-thumbnail.jpg?fit=460%2C256&amp;ssl=1\" class=\"pt-cv-thumbnail\" alt=\"\" srcset=\"https:\/\/i0.wp.com\/www.nabcoentrances.com\/wp-content\/uploads\/2015\/09\/app-malls-thumbnail.jpg?w=460&amp;ssl=1 460w, https:\/\/i0.wp.com\/www.nabcoentrances.com\/wp-content\/uploads\/2015\/09\/app-malls-thumbnail.jpg?resize=416%2C232&amp;ssl=1 416w, https:\/\/i0.wp.com\/www.nabcoentrances.com\/wp-content\/uploads\/2015\/09\/app-malls-thumbnail.jpg?resize=300%2C167&amp;ssl=1 300w\" sizes=\"(max-width: 460px) 100vw, 460px\" \/><\/a><\/div>\n<h4 class=\"pt-cv-title\"><a href=\"https:\/\/www.nabcoentrances.com\/fr\/applications\/centres-commerciaux\/\" class=\"_self\" target=\"_self\" >Centres commerciaux<\/a><\/h4><\/div>\n<div class=\" pt-cv-content-item pt-cv-1-col\" ><div class=\"pt-cv-thumb-wrapper  \"><a href=\"https:\/\/www.nabcoentrances.com\/fr\/applications\/fabrication\/\" class=\"_self pt-cv-href-thumbnail pt-cv-thumb-default\" target=\"_self\" ><img loading=\"lazy\" decoding=\"async\" width=\"460\" height=\"256\" src=\"https:\/\/i0.wp.com\/www.nabcoentrances.com\/wp-content\/uploads\/2015\/09\/app-manufacturing-thumbnail-1.jpg?fit=460%2C256&amp;ssl=1\" class=\"pt-cv-thumbnail\" alt=\"\" srcset=\"https:\/\/i0.wp.com\/www.nabcoentrances.com\/wp-content\/uploads\/2015\/09\/app-manufacturing-thumbnail-1.jpg?w=460&amp;ssl=1 460w, https:\/\/i0.wp.com\/www.nabcoentrances.com\/wp-content\/uploads\/2015\/09\/app-manufacturing-thumbnail-1.jpg?resize=416%2C232&amp;ssl=1 416w, https:\/\/i0.wp.com\/www.nabcoentrances.com\/wp-content\/uploads\/2015\/09\/app-manufacturing-thumbnail-1.jpg?resize=300%2C167&amp;ssl=1 300w\" sizes=\"(max-width: 460px) 100vw, 460px\" \/><\/a><\/div>\n<h4 class=\"pt-cv-title\"><a href=\"https:\/\/www.nabcoentrances.com\/fr\/applications\/fabrication\/\" class=\"_self\" target=\"_self\" >Fabrication<\/a><\/h4><\/div>\n<div class=\" pt-cv-content-item pt-cv-1-col\" ><div class=\"pt-cv-thumb-wrapper  \"><a href=\"https:\/\/www.nabcoentrances.com\/fr\/applications\/ecoles-et-universites\/\" class=\"_self pt-cv-href-thumbnail pt-cv-thumb-default\" target=\"_self\" ><img loading=\"lazy\" decoding=\"async\" width=\"768\" height=\"402\" src=\"https:\/\/i0.wp.com\/www.nabcoentrances.com\/wp-content\/uploads\/2023\/11\/University.png?fit=768%2C402&amp;ssl=1\" class=\"pt-cv-thumbnail\" alt=\"\" \/><\/a><\/div>\n<h4 class=\"pt-cv-title\"><a href=\"https:\/\/www.nabcoentrances.com\/fr\/applications\/ecoles-et-universites\/\" class=\"_self\" target=\"_self\" >\u00c9coles et universit\u00e9s<\/a><\/h4><\/div>\n<div class=\" pt-cv-content-item pt-cv-1-col\" ><div class=\"pt-cv-thumb-wrapper  \"><a href=\"https:\/\/www.nabcoentrances.com\/fr\/applications\/aeroports-et-transports\/\" class=\"_self pt-cv-href-thumbnail pt-cv-thumb-default\" target=\"_self\" ><img loading=\"lazy\" decoding=\"async\" width=\"460\" height=\"256\" src=\"https:\/\/i0.wp.com\/www.nabcoentrances.com\/wp-content\/uploads\/2015\/09\/app-home-airport-1.jpg?fit=460%2C256&amp;ssl=1\" class=\"pt-cv-thumbnail\" alt=\"\" srcset=\"https:\/\/i0.wp.com\/www.nabcoentrances.com\/wp-content\/uploads\/2015\/09\/app-home-airport-1.jpg?w=460&amp;ssl=1 460w, https:\/\/i0.wp.com\/www.nabcoentrances.com\/wp-content\/uploads\/2015\/09\/app-home-airport-1.jpg?resize=416%2C232&amp;ssl=1 416w, https:\/\/i0.wp.com\/www.nabcoentrances.com\/wp-content\/uploads\/2015\/09\/app-home-airport-1.jpg?resize=300%2C167&amp;ssl=1 300w\" sizes=\"(max-width: 460px) 100vw, 460px\" \/><\/a><\/div>\n<h4 class=\"pt-cv-title\"><a href=\"https:\/\/www.nabcoentrances.com\/fr\/applications\/aeroports-et-transports\/\" class=\"_self\" target=\"_self\" >A\u00e9roports et transports<\/a><\/h4><\/div>\n<div class=\" pt-cv-content-item pt-cv-1-col\" ><div class=\"pt-cv-thumb-wrapper  \"><a href=\"https:\/\/www.nabcoentrances.com\/fr\/applications\/epicerie-et-commerce-de-detail\/\" class=\"_self pt-cv-href-thumbnail pt-cv-thumb-default\" target=\"_self\" ><img loading=\"lazy\" decoding=\"async\" width=\"460\" height=\"256\" src=\"https:\/\/i0.wp.com\/www.nabcoentrances.com\/wp-content\/uploads\/2015\/09\/home-retail-1.jpg?fit=460%2C256&amp;ssl=1\" class=\"pt-cv-thumbnail\" alt=\"\" srcset=\"https:\/\/i0.wp.com\/www.nabcoentrances.com\/wp-content\/uploads\/2015\/09\/home-retail-1.jpg?w=460&amp;ssl=1 460w, https:\/\/i0.wp.com\/www.nabcoentrances.com\/wp-content\/uploads\/2015\/09\/home-retail-1.jpg?resize=416%2C232&amp;ssl=1 416w, https:\/\/i0.wp.com\/www.nabcoentrances.com\/wp-content\/uploads\/2015\/09\/home-retail-1.jpg?resize=300%2C167&amp;ssl=1 300w\" sizes=\"(max-width: 460px) 100vw, 460px\" \/><\/a><\/div>\n<h4 class=\"pt-cv-title\"><a href=\"https:\/\/www.nabcoentrances.com\/fr\/applications\/epicerie-et-commerce-de-detail\/\" class=\"_self\" target=\"_self\" >\u00c9picerie et commerce de d\u00e9tail<\/a><\/h4><\/div>\n<div class=\" pt-cv-content-item pt-cv-1-col\" ><div class=\"pt-cv-thumb-wrapper  \"><a href=\"https:\/\/www.nabcoentrances.com\/fr\/applications\/soins-de-sante\/\" class=\"_self pt-cv-href-thumbnail pt-cv-thumb-default\" target=\"_self\" ><img loading=\"lazy\" decoding=\"async\" width=\"460\" height=\"256\" src=\"https:\/\/i0.wp.com\/www.nabcoentrances.com\/wp-content\/uploads\/2015\/09\/home-app-healthcare-1.jpg?fit=460%2C256&amp;ssl=1\" class=\"pt-cv-thumbnail\" alt=\"\" srcset=\"https:\/\/i0.wp.com\/www.nabcoentrances.com\/wp-content\/uploads\/2015\/09\/home-app-healthcare-1.jpg?w=460&amp;ssl=1 460w, https:\/\/i0.wp.com\/www.nabcoentrances.com\/wp-content\/uploads\/2015\/09\/home-app-healthcare-1.jpg?resize=416%2C232&amp;ssl=1 416w, https:\/\/i0.wp.com\/www.nabcoentrances.com\/wp-content\/uploads\/2015\/09\/home-app-healthcare-1.jpg?resize=300%2C167&amp;ssl=1 300w\" sizes=\"(max-width: 460px) 100vw, 460px\" \/><\/a><\/div>\n<h4 class=\"pt-cv-title\"><a href=\"https:\/\/www.nabcoentrances.com\/fr\/applications\/soins-de-sante\/\" class=\"_self\" target=\"_self\" >Soins de sant\u00e9<\/a><\/h4><\/div><\/div><\/div> <\/div> \t\t\t\t<\/div>\n\t\t\t\t<\/div>\n\t\t\t\t\t<\/div>\n\t\t\t\t<\/div>\n\t\t\t\t<\/div>\n\t\t","protected":false},"excerpt":{"rendered":"<p>Choisissez l&#8217;entr\u00e9e qui convient \u00e0 votre exp\u00e9rience Les portes automatiques NABCO contribuent \u00e0 offrir \u00e0 l&#8217;utilisateur une exp\u00e9rience simple et [&hellip;]<\/p>\n","protected":false},"author":1,"featured_media":0,"parent":0,"menu_order":18,"comment_status":"closed","ping_status":"closed","template":"","meta":{"_acf_changed":false,"om_disable_all_campaigns":false,"_monsterinsights_skip_tracking":false,"_monsterinsights_sitenote_active":false,"_monsterinsights_sitenote_note":"","_monsterinsights_sitenote_category":0,"site-sidebar-layout":"default","site-content-layout":"","ast-site-content-layout":"default","site-content-style":"default","site-sidebar-style":"default","ast-global-header-display":"","ast-banner-title-visibility":"","ast-main-header-display":"","ast-hfb-above-header-display":"","ast-hfb-below-header-display":"","ast-hfb-mobile-header-display":"","site-post-title":"","ast-breadcrumbs-content":"","ast-featured-img":"","footer-sml-layout":"","theme-transparent-header-meta":"","adv-header-id-meta":"","stick-header-meta":"","header-above-stick-meta":"","header-main-stick-meta":"","header-below-stick-meta":"","astra-migrate-meta-layouts":"default","ast-page-background-enabled":"default","ast-page-background-meta":{"desktop":{"background-color":"var(--ast-global-color-5)","background-image":"","background-repeat":"repeat","background-position":"center center","background-size":"auto","background-attachment":"scroll","background-type":"","background-media":"","overlay-type":"","overlay-color":"","overlay-opacity":"","overlay-gradient":""},"tablet":{"background-color":"","background-image":"","background-repeat":"repeat","background-position":"center center","background-size":"auto","background-attachment":"scroll","background-type":"","background-media":"","overlay-type":"","overlay-color":"","overlay-opacity":"","overlay-gradient":""},"mobile":{"background-color":"","background-image":"","background-repeat":"repeat","background-position":"center center","background-size":"auto","background-attachment":"scroll","background-type":"","background-media":"","overlay-type":"","overlay-color":"","overlay-opacity":"","overlay-gradient":""}},"ast-content-background-meta":{"desktop":{"background-color":"var(--ast-global-color-4)","background-image":"","background-repeat":"repeat","background-position":"center center","background-size":"auto","background-attachment":"scroll","background-type":"","background-media":"","overlay-type":"","overlay-color":"","overlay-opacity":"","overlay-gradient":""},"tablet":{"background-color":"var(--ast-global-color-4)","background-image":"","background-repeat":"repeat","background-position":"center center","background-size":"auto","background-attachment":"scroll","background-type":"","background-media":"","overlay-type":"","overlay-color":"","overlay-opacity":"","overlay-gradient":""},"mobile":{"background-color":"var(--ast-global-color-4)","background-image":"","background-repeat":"repeat","background-position":"center center","background-size":"auto","background-attachment":"scroll","background-type":"","background-media":"","overlay-type":"","overlay-color":"","overlay-opacity":"","overlay-gradient":""}},"jetpack_post_was_ever_published":false,"footnotes":"","_links_to":"","_links_to_target":""},"class_list":["post-14573","page","type-page","status-publish","hentry"],"acf":[],"aioseo_notices":[],"jetpack_sharing_enabled":true,"jetpack_shortlink":"https:\/\/wp.me\/P9ZnXU-3N3","_links":{"self":[{"href":"https:\/\/www.nabcoentrances.com\/fr\/wp-json\/wp\/v2\/pages\/14573","targetHints":{"allow":["GET"]}}],"collection":[{"href":"https:\/\/www.nabcoentrances.com\/fr\/wp-json\/wp\/v2\/pages"}],"about":[{"href":"https:\/\/www.nabcoentrances.com\/fr\/wp-json\/wp\/v2\/types\/page"}],"author":[{"embeddable":true,"href":"https:\/\/www.nabcoentrances.com\/fr\/wp-json\/wp\/v2\/users\/1"}],"replies":[{"embeddable":true,"href":"https:\/\/www.nabcoentrances.com\/fr\/wp-json\/wp\/v2\/comments?post=14573"}],"version-history":[{"count":0,"href":"https:\/\/www.nabcoentrances.com\/fr\/wp-json\/wp\/v2\/pages\/14573\/revisions"}],"wp:attachment":[{"href":"https:\/\/www.nabcoentrances.com\/fr\/wp-json\/wp\/v2\/media?parent=14573"}],"curies":[{"name":"wp","href":"https:\/\/api.w.org\/{rel}","templated":true}]}}