{"id":14062,"date":"2016-01-04T15:28:42","date_gmt":"2016-01-04T21:28:42","guid":{"rendered":"https:\/\/www.nabcoentrances.com\/nabco-canada-kelowna-porte-automatique-interieure\/"},"modified":"2026-03-24T11:10:03","modified_gmt":"2026-03-24T16:10:03","slug":"nabco-canada-kelowna-porte-automatique-interieure","status":"publish","type":"page","link":"https:\/\/www.nabcoentrances.com\/fr\/notre-entreprise\/nabco-canada-kelowna-porte-automatique-interieure\/","title":{"rendered":"NABCO Canada Kelowna &#8211; Porte automatique int\u00e9rieure"},"content":{"rendered":"<h2>NABCO Canada Kelowna &#8211; Porte automatique int\u00e9rieure<\/h2>\n<p>La succursale NABCO de Kelowna offre des services d&#8217;installation de nouvelles portes automatiques et de r\u00e9paration de portes automatiques dans toute la vall\u00e9e du lac Okanagan avec des techniciens certifi\u00e9s par l&#8217;AAADM. Nous sommes qualifi\u00e9s pour assurer l&#8217;entretien et la maintenance de toute porte automatique, quel qu&#8217;en soit le fabricant, afin de prolonger la dur\u00e9e de vie de l&#8217;\u00e9quipement et de r\u00e9duire le temps d&#8217;immobilisation global n\u00e9cessaire \u00e0 l&#8217;entretien d&#8217;une porte.<\/p>\n<p>Appelez ou envoyez un courriel \u00e0 la succursale de NABCO Canada \u00e0 Kelowna pour l&#8217;entretien, la r\u00e9paration ou l&#8217;installation de portes automatiques d\u00e8s aujourd&#8217;hui !<\/p>\n<h5><a href=\"mailto:By%20Email:%20kelownasales@nabcoentrances.com\">Envoyez un courriel \u00e0 la section NABCO de Kelowna<\/a><\/h5>\n<h5><a href=\"https:\/\/goo.gl\/maps\/VMz6Cv7jckbuvZdE8\" target=\"_blank\" rel=\"noopener\">Adresse postale :<\/a><\/h5>\n<p>10-1385 Stevens Rd.<br \/>Kelowna, BC V1Z 2S8<\/p>\n<p><strong>T\u00e9l\u00e9phone<\/strong>: 250-769-7000<br \/><strong>Fax :<\/strong> 250-769-7177<\/p>\n\n<div data-wp-interactive=\"core\/file\" class=\"wp-block-file\"><object data-wp-bind--hidden=\"!state.hasPdfPreview\" hidden class=\"wp-block-file__embed\" data=\"https:\/\/www.nabcoentrances.com\/wp-content\/uploads\/2024\/11\/NABCO-Canada-Kelowna-Branch-Service-1.pdf\" type=\"application\/pdf\" style=\"width:100%;height:600px\" aria-label=\"Contenu embarqu\u00e9 NABCO-Canada-Kelowna-Branch-Service-1.\"><\/object><a id=\"wp-block-file--media-ec7c9b3b-5664-424b-a17e-808a3f7b63a9\" href=\"https:\/\/www.nabcoentrances.com\/wp-content\/uploads\/2024\/11\/NABCO-Canada-Kelowna-Branch-Service-1.pdf\">NABCO-Canada-Kelowna-Branch-Service-1<\/a><a href=\"https:\/\/www.nabcoentrances.com\/wp-content\/uploads\/2024\/11\/NABCO-Canada-Kelowna-Branch-Service-1.pdf\" class=\"wp-block-file__button wp-element-button\" download=\"\" aria-describedby=\"wp-block-file--media-ec7c9b3b-5664-424b-a17e-808a3f7b63a9\">T\u00e9l\u00e9charger<\/a><\/div>\n\n<div class=\"wp-block-jetpack-map\" data-map-id=\"jp-map-1\" data-map-provider=\"mapbox\" data-api-key=\"pk.eyJ1IjoiamhvbmlnYmVyZyIsImEiOiJjbTRidTZvcXIwM3dvMmtxMXhidnl6aHFmIn0.cACZ7PamQkVCtCeyCAcbfg\" data-map-style=\"default\"><ul><li><a href=\"https:\/\/www.google.com\/maps\/search\/?api=1&amp;query=49.865885,-119.572197\">Route de Stevens<\/a><\/li><\/ul><\/div>\n","protected":false},"excerpt":{"rendered":"<p>NABCO Canada Kelowna &#8211; Porte automatique int\u00e9rieure La succursale NABCO de Kelowna offre des services d&#8217;installation de nouvelles portes automatiques [&hellip;]<\/p>\n","protected":false},"author":2,"featured_media":0,"parent":14577,"menu_order":10,"comment_status":"closed","ping_status":"closed","template":"","meta":{"_acf_changed":false,"om_disable_all_campaigns":false,"_monsterinsights_skip_tracking":false,"_monsterinsights_sitenote_active":false,"_monsterinsights_sitenote_note":"","_monsterinsights_sitenote_category":0,"site-sidebar-layout":"default","site-content-layout":"","ast-site-content-layout":"default","site-content-style":"default","site-sidebar-style":"default","ast-global-header-display":"","ast-banner-title-visibility":"","ast-main-header-display":"","ast-hfb-above-header-display":"","ast-hfb-below-header-display":"","ast-hfb-mobile-header-display":"","site-post-title":"","ast-breadcrumbs-content":"","ast-featured-img":"","footer-sml-layout":"","theme-transparent-header-meta":"","adv-header-id-meta":"","stick-header-meta":"","header-above-stick-meta":"","header-main-stick-meta":"","header-below-stick-meta":"","astra-migrate-meta-layouts":"default","ast-page-background-enabled":"default","ast-page-background-meta":{"desktop":{"background-color":"var(--ast-global-color-5)","background-image":"","background-repeat":"repeat","background-position":"center center","background-size":"auto","background-attachment":"scroll","background-type":"","background-media":"","overlay-type":"","overlay-color":"","overlay-opacity":"","overlay-gradient":""},"tablet":{"background-color":"","background-image":"","background-repeat":"repeat","background-position":"center center","background-size":"auto","background-attachment":"scroll","background-type":"","background-media":"","overlay-type":"","overlay-color":"","overlay-opacity":"","overlay-gradient":""},"mobile":{"background-color":"","background-image":"","background-repeat":"repeat","background-position":"center center","background-size":"auto","background-attachment":"scroll","background-type":"","background-media":"","overlay-type":"","overlay-color":"","overlay-opacity":"","overlay-gradient":""}},"ast-content-background-meta":{"desktop":{"background-color":"var(--ast-global-color-4)","background-image":"","background-repeat":"repeat","background-position":"center center","background-size":"auto","background-attachment":"scroll","background-type":"","background-media":"","overlay-type":"","overlay-color":"","overlay-opacity":"","overlay-gradient":""},"tablet":{"background-color":"var(--ast-global-color-4)","background-image":"","background-repeat":"repeat","background-position":"center center","background-size":"auto","background-attachment":"scroll","background-type":"","background-media":"","overlay-type":"","overlay-color":"","overlay-opacity":"","overlay-gradient":""},"mobile":{"background-color":"var(--ast-global-color-4)","background-image":"","background-repeat":"repeat","background-position":"center center","background-size":"auto","background-attachment":"scroll","background-type":"","background-media":"","overlay-type":"","overlay-color":"","overlay-opacity":"","overlay-gradient":""}},"jetpack_post_was_ever_published":false,"footnotes":"","_links_to":"","_links_to_target":""},"class_list":["post-14062","page","type-page","status-publish","hentry"],"acf":[],"aioseo_notices":[],"jetpack_sharing_enabled":true,"jetpack_shortlink":"https:\/\/wp.me\/P9ZnXU-3EO","_links":{"self":[{"href":"https:\/\/www.nabcoentrances.com\/fr\/wp-json\/wp\/v2\/pages\/14062","targetHints":{"allow":["GET"]}}],"collection":[{"href":"https:\/\/www.nabcoentrances.com\/fr\/wp-json\/wp\/v2\/pages"}],"about":[{"href":"https:\/\/www.nabcoentrances.com\/fr\/wp-json\/wp\/v2\/types\/page"}],"author":[{"embeddable":true,"href":"https:\/\/www.nabcoentrances.com\/fr\/wp-json\/wp\/v2\/users\/2"}],"replies":[{"embeddable":true,"href":"https:\/\/www.nabcoentrances.com\/fr\/wp-json\/wp\/v2\/comments?post=14062"}],"version-history":[{"count":0,"href":"https:\/\/www.nabcoentrances.com\/fr\/wp-json\/wp\/v2\/pages\/14062\/revisions"}],"up":[{"embeddable":true,"href":"https:\/\/www.nabcoentrances.com\/fr\/wp-json\/wp\/v2\/pages\/14577"}],"wp:attachment":[{"href":"https:\/\/www.nabcoentrances.com\/fr\/wp-json\/wp\/v2\/media?parent=14062"}],"curies":[{"name":"wp","href":"https:\/\/api.w.org\/{rel}","templated":true}]}}