{"id":14060,"date":"2024-05-08T09:43:21","date_gmt":"2024-05-08T14:43:21","guid":{"rendered":"https:\/\/www.nabcoentrances.com\/nabco-canada-succursale-du-quebec\/"},"modified":"2026-03-24T11:09:36","modified_gmt":"2026-03-24T16:09:36","slug":"nabco-canada-succursale-du-quebec","status":"publish","type":"page","link":"https:\/\/www.nabcoentrances.com\/fr\/nabco-canada-succursale-du-quebec\/","title":{"rendered":"NABCO Canada &#8211; Succursale du Qu\u00e9bec"},"content":{"rendered":"\n<h2 class=\"wp-block-heading\">NABCO Canada &#8211; Succursale du Qu\u00e9bec<\/h2>\n\n<p>La succursale de NABCO au Qu\u00e9bec offre des services d&#8217;installation de nouvelles portes automatiques et de r\u00e9paration de portes automatiques dans toute la r\u00e9gion du Qu\u00e9bec avec des techniciens certifi\u00e9s par l&#8217;AAADM. Nous sommes qualifi\u00e9s pour assurer l&#8217;entretien et la maintenance de toute porte automatique, quel qu&#8217;en soit le fabricant, afin de prolonger la dur\u00e9e de vie de l&#8217;\u00e9quipement et de r\u00e9duire le temps d&#8217;immobilisation global n\u00e9cessaire \u00e0 l&#8217;entretien d&#8217;une porte.<\/p>\n\n<p>Appelez ou envoyez un courriel \u00e0 la succursale de Qu\u00e9bec de NABCO Entrances pour l&#8217;entretien, la r\u00e9paration ou l&#8217;installation de portes automatiques d\u00e8s aujourd&#8217;hui !<\/p>\n\n<h5 class=\"wp-block-heading\"><a href=\"mailto:Par%20Email:%20info-qc@nabcoentrances.com\" target=\"_blank\" rel=\"noopener\" title=\"\">Envoyez un courriel \u00e0 la branche NABCO du Qu\u00e9bec<\/a><\/h5>\n\n<h5 class=\"wp-block-heading\"><a href=\"https:\/\/maps.app.goo.gl\/dkRpPEBiPHpsqGju6\" title=\"\">Adresse postale :<\/a><\/h5>\n\n<p>595 Bd Pierre-Bertrand Unit 105<br\/>Qu\u00e9bec, QC G1M 3T8, Canada<\/p>\n\n<p><strong>T\u00e9l\u00e9phone<\/strong>: 418-527-3462<\/p>\n\n<p><strong>Fax :<\/strong> 418-527-6632<\/p>\n\n<div data-wp-interactive=\"core\/file\" class=\"wp-block-file\"><object data-wp-bind--hidden=\"!state.hasPdfPreview\" hidden class=\"wp-block-file__embed\" data=\"https:\/\/www.nabcoentrances.com\/wp-content\/uploads\/2024\/12\/NABCO-Canada-Quebec-Branch-Service-Map-Brochure.pdf\" type=\"application\/pdf\" style=\"width:100%;height:600px\" aria-label=\"Contenu embarqu\u00e9 NABCO Canada Quebec Branch Service Map Brochure.\"><\/object><a id=\"wp-block-file--media-2bba7cf9-c383-43cc-a877-5faa42f37032\" href=\"https:\/\/www.nabcoentrances.com\/wp-content\/uploads\/2024\/12\/NABCO-Canada-Quebec-Branch-Service-Map-Brochure.pdf\">NABCO Canada Quebec Branch Service Map Brochure<\/a><a href=\"https:\/\/www.nabcoentrances.com\/wp-content\/uploads\/2024\/12\/NABCO-Canada-Quebec-Branch-Service-Map-Brochure.pdf\" class=\"wp-block-file__button wp-element-button\" download=\"\" aria-describedby=\"wp-block-file--media-2bba7cf9-c383-43cc-a877-5faa42f37032\">T\u00e9l\u00e9charger<\/a><\/div>\n\n<hr class=\"wp-block-separator has-alpha-channel-opacity\"\/>\n\n<p>La succursale NABCO au Qu\u00e9bec offre des services d&#8217;installation de portes automatiques neuves et de r\u00e9paration de portes automatiques dans toute la r\u00e9gion du Qu\u00e9bec avec des techniciens certifi\u00e9s AAADM. Nous sommes qualifi\u00e9s pour entretenir et entretenir n&#8217;importe quelle porte automatique, quel que soit le fabricant, afin de prolonger la dur\u00e9e de vie de l&#8217;\u00e9quipement et de r\u00e9duire le temps d&#8217;arr\u00eat global n\u00e9cessaire \u00e0 l&#8217;entretien d&#8217;une porte.  <\/p>\n\n<p>Appelez ou envoyez un courriel \u00e0 la succursale NABCO Entr\u00e9es du Qu\u00e9bec pour un service de portes automatiques, des r\u00e9parations de portes automatiques ou une installation de portes automatiques d\u00e8s aujourd&#8217;hui !<\/p>\n\n<div data-wp-interactive=\"core\/file\" class=\"wp-block-file\"><object data-wp-bind--hidden=\"!state.hasPdfPreview\" hidden class=\"wp-block-file__embed\" data=\"https:\/\/www.nabcoentrances.com\/wp-content\/uploads\/2024\/12\/QuebecBranchFrench.pdf\" type=\"application\/pdf\" style=\"width:100%;height:600px\" aria-label=\"Contenu embarqu\u00e9 QuebecBranchFrench.\"><\/object><a id=\"wp-block-file--media-ba07065f-6c36-447a-a5cd-cfac9d90a2aa\" href=\"https:\/\/www.nabcoentrances.com\/wp-content\/uploads\/2024\/12\/QuebecBranchFrench.pdf\">Qu\u00e9becBrancheFran\u00e7ais<\/a><a href=\"https:\/\/www.nabcoentrances.com\/wp-content\/uploads\/2024\/12\/QuebecBranchFrench.pdf\" class=\"wp-block-file__button wp-element-button\" download=\"\" aria-describedby=\"wp-block-file--media-ba07065f-6c36-447a-a5cd-cfac9d90a2aa\">T\u00e9l\u00e9charger<\/a><\/div>\n\n<div class=\"wp-block-jetpack-map\" data-map-id=\"jp-map-1\" data-map-provider=\"mapbox\" data-api-key=\"pk.eyJ1IjoiamhvbmlnYmVyZyIsImEiOiJjbTRidTZvcXIwM3dvMmtxMXhidnl6aHFmIn0.cACZ7PamQkVCtCeyCAcbfg\" data-map-style=\"default\"><ul><li><a href=\"https:\/\/www.google.com\/maps\/search\/?api=1&amp;query=46.819444,-71.269224\">Boulevard Pierre-Bertrand<\/a><\/li><\/ul><\/div>\n\n<h5 class=\"wp-block-heading\"><\/h5>\n","protected":false},"excerpt":{"rendered":"<p>NABCO Canada &#8211; Succursale du Qu\u00e9bec La succursale de NABCO au Qu\u00e9bec offre des services d&#8217;installation de nouvelles portes automatiques [&hellip;]<\/p>\n","protected":false},"author":2341,"featured_media":0,"parent":0,"menu_order":0,"comment_status":"closed","ping_status":"closed","template":"","meta":{"_acf_changed":false,"om_disable_all_campaigns":false,"_monsterinsights_skip_tracking":false,"_monsterinsights_sitenote_active":false,"_monsterinsights_sitenote_note":"","_monsterinsights_sitenote_category":0,"site-sidebar-layout":"default","site-content-layout":"","ast-site-content-layout":"default","site-content-style":"default","site-sidebar-style":"default","ast-global-header-display":"","ast-banner-title-visibility":"","ast-main-header-display":"","ast-hfb-above-header-display":"","ast-hfb-below-header-display":"","ast-hfb-mobile-header-display":"","site-post-title":"","ast-breadcrumbs-content":"","ast-featured-img":"","footer-sml-layout":"","theme-transparent-header-meta":"","adv-header-id-meta":"","stick-header-meta":"","header-above-stick-meta":"","header-main-stick-meta":"","header-below-stick-meta":"","astra-migrate-meta-layouts":"default","ast-page-background-enabled":"default","ast-page-background-meta":{"desktop":{"background-color":"var(--ast-global-color-5)","background-image":"","background-repeat":"repeat","background-position":"center center","background-size":"auto","background-attachment":"scroll","background-type":"","background-media":"","overlay-type":"","overlay-color":"","overlay-opacity":"","overlay-gradient":""},"tablet":{"background-color":"","background-image":"","background-repeat":"repeat","background-position":"center center","background-size":"auto","background-attachment":"scroll","background-type":"","background-media":"","overlay-type":"","overlay-color":"","overlay-opacity":"","overlay-gradient":""},"mobile":{"background-color":"","background-image":"","background-repeat":"repeat","background-position":"center center","background-size":"auto","background-attachment":"scroll","background-type":"","background-media":"","overlay-type":"","overlay-color":"","overlay-opacity":"","overlay-gradient":""}},"ast-content-background-meta":{"desktop":{"background-color":"var(--ast-global-color-4)","background-image":"","background-repeat":"repeat","background-position":"center center","background-size":"auto","background-attachment":"scroll","background-type":"","background-media":"","overlay-type":"","overlay-color":"","overlay-opacity":"","overlay-gradient":""},"tablet":{"background-color":"var(--ast-global-color-4)","background-image":"","background-repeat":"repeat","background-position":"center center","background-size":"auto","background-attachment":"scroll","background-type":"","background-media":"","overlay-type":"","overlay-color":"","overlay-opacity":"","overlay-gradient":""},"mobile":{"background-color":"var(--ast-global-color-4)","background-image":"","background-repeat":"repeat","background-position":"center center","background-size":"auto","background-attachment":"scroll","background-type":"","background-media":"","overlay-type":"","overlay-color":"","overlay-opacity":"","overlay-gradient":""}},"jetpack_post_was_ever_published":false,"footnotes":"","_links_to":"","_links_to_target":""},"class_list":["post-14060","page","type-page","status-publish","hentry"],"acf":[],"aioseo_notices":[],"jetpack_sharing_enabled":true,"jetpack_shortlink":"https:\/\/wp.me\/P9ZnXU-3EM","_links":{"self":[{"href":"https:\/\/www.nabcoentrances.com\/fr\/wp-json\/wp\/v2\/pages\/14060","targetHints":{"allow":["GET"]}}],"collection":[{"href":"https:\/\/www.nabcoentrances.com\/fr\/wp-json\/wp\/v2\/pages"}],"about":[{"href":"https:\/\/www.nabcoentrances.com\/fr\/wp-json\/wp\/v2\/types\/page"}],"author":[{"embeddable":true,"href":"https:\/\/www.nabcoentrances.com\/fr\/wp-json\/wp\/v2\/users\/2341"}],"replies":[{"embeddable":true,"href":"https:\/\/www.nabcoentrances.com\/fr\/wp-json\/wp\/v2\/comments?post=14060"}],"version-history":[{"count":0,"href":"https:\/\/www.nabcoentrances.com\/fr\/wp-json\/wp\/v2\/pages\/14060\/revisions"}],"wp:attachment":[{"href":"https:\/\/www.nabcoentrances.com\/fr\/wp-json\/wp\/v2\/media?parent=14060"}],"curies":[{"name":"wp","href":"https:\/\/api.w.org\/{rel}","templated":true}]}}