{"id":14055,"date":"2016-01-04T15:16:47","date_gmt":"2016-01-04T21:16:47","guid":{"rendered":"https:\/\/www.nabcoentrances.com\/nabco-canada-ontario-toronto\/"},"modified":"2026-03-24T11:11:30","modified_gmt":"2026-03-24T16:11:30","slug":"nabco-canada-ontario-toronto","status":"publish","type":"page","link":"https:\/\/www.nabcoentrances.com\/fr\/notre-entreprise\/nabco-canada-ontario-toronto\/","title":{"rendered":"NABCO Canada Ontario-Toronto"},"content":{"rendered":"<h2>NABCO Canada Ontario &#8211; Succursale de Toronto<\/h2>\n<p>La succursale NABCO de Richmond Hills offre des services d&#8217;installation de nouvelles portes automatiques et de r\u00e9paration de portes automatiques dans toute la r\u00e9gion m\u00e9tropolitaine de Toronto avec des techniciens certifi\u00e9s par l&#8217;AAADM. Nous sommes qualifi\u00e9s pour assurer l&#8217;entretien et la maintenance de toute porte automatique, quel qu&#8217;en soit le fabricant, afin de prolonger la dur\u00e9e de vie de l&#8217;\u00e9quipement et de r\u00e9duire le temps d&#8217;immobilisation global n\u00e9cessaire \u00e0 l&#8217;entretien d&#8217;une porte.<\/p>\n<p>Appelez ou envoyez un courriel \u00e0 la succursale de Toronto de NABCO Entrances pour un service de portes automatiques, des r\u00e9parations de portes automatiques ou l&#8217;installation de portes automatiques d\u00e8s aujourd&#8217;hui !<\/p>\n<h5><a href=\"mailto:Par%20Email:%20richmondhillfax@nabcoentrances.com\">Envoyez un courriel \u00e0 la section NABCO de Toronto<\/a><\/h5>\n<h5><a href=\"https:\/\/g.page\/nabco-entrances-florida?we\">Adresse postale :<\/a><\/h5>\n<p>110 W. Beaver Creek Rd. Unit 12<br \/>\nRichmond Hills, ON L4B 1J9 <\/p>\n<p><strong>T\u00e9l\u00e9phone<\/strong>: 905-771-5043<\/p>\n","protected":false},"excerpt":{"rendered":"<p>NABCO Canada Ontario &#8211; Succursale de Toronto La succursale NABCO de Richmond Hills offre des services d&#8217;installation de nouvelles portes [&hellip;]<\/p>\n","protected":false},"author":2341,"featured_media":0,"parent":14577,"menu_order":19,"comment_status":"closed","ping_status":"closed","template":"template-locations.php","meta":{"_acf_changed":false,"om_disable_all_campaigns":false,"_monsterinsights_skip_tracking":false,"_monsterinsights_sitenote_active":false,"_monsterinsights_sitenote_note":"","_monsterinsights_sitenote_category":0,"site-sidebar-layout":"default","site-content-layout":"","ast-site-content-layout":"default","site-content-style":"default","site-sidebar-style":"default","ast-global-header-display":"","ast-banner-title-visibility":"","ast-main-header-display":"","ast-hfb-above-header-display":"","ast-hfb-below-header-display":"","ast-hfb-mobile-header-display":"","site-post-title":"","ast-breadcrumbs-content":"","ast-featured-img":"","footer-sml-layout":"","theme-transparent-header-meta":"","adv-header-id-meta":"","stick-header-meta":"","header-above-stick-meta":"","header-main-stick-meta":"","header-below-stick-meta":"","astra-migrate-meta-layouts":"default","ast-page-background-enabled":"default","ast-page-background-meta":{"desktop":{"background-color":"var(--ast-global-color-5)","background-image":"","background-repeat":"repeat","background-position":"center center","background-size":"auto","background-attachment":"scroll","background-type":"","background-media":"","overlay-type":"","overlay-color":"","overlay-opacity":"","overlay-gradient":""},"tablet":{"background-color":"","background-image":"","background-repeat":"repeat","background-position":"center center","background-size":"auto","background-attachment":"scroll","background-type":"","background-media":"","overlay-type":"","overlay-color":"","overlay-opacity":"","overlay-gradient":""},"mobile":{"background-color":"","background-image":"","background-repeat":"repeat","background-position":"center center","background-size":"auto","background-attachment":"scroll","background-type":"","background-media":"","overlay-type":"","overlay-color":"","overlay-opacity":"","overlay-gradient":""}},"ast-content-background-meta":{"desktop":{"background-color":"var(--ast-global-color-4)","background-image":"","background-repeat":"repeat","background-position":"center center","background-size":"auto","background-attachment":"scroll","background-type":"","background-media":"","overlay-type":"","overlay-color":"","overlay-opacity":"","overlay-gradient":""},"tablet":{"background-color":"var(--ast-global-color-4)","background-image":"","background-repeat":"repeat","background-position":"center center","background-size":"auto","background-attachment":"scroll","background-type":"","background-media":"","overlay-type":"","overlay-color":"","overlay-opacity":"","overlay-gradient":""},"mobile":{"background-color":"var(--ast-global-color-4)","background-image":"","background-repeat":"repeat","background-position":"center center","background-size":"auto","background-attachment":"scroll","background-type":"","background-media":"","overlay-type":"","overlay-color":"","overlay-opacity":"","overlay-gradient":""}},"jetpack_post_was_ever_published":false,"footnotes":"","_links_to":"","_links_to_target":""},"class_list":["post-14055","page","type-page","status-publish","hentry"],"acf":[],"aioseo_notices":[],"jetpack_sharing_enabled":true,"jetpack_shortlink":"https:\/\/wp.me\/P9ZnXU-3EH","_links":{"self":[{"href":"https:\/\/www.nabcoentrances.com\/fr\/wp-json\/wp\/v2\/pages\/14055","targetHints":{"allow":["GET"]}}],"collection":[{"href":"https:\/\/www.nabcoentrances.com\/fr\/wp-json\/wp\/v2\/pages"}],"about":[{"href":"https:\/\/www.nabcoentrances.com\/fr\/wp-json\/wp\/v2\/types\/page"}],"author":[{"embeddable":true,"href":"https:\/\/www.nabcoentrances.com\/fr\/wp-json\/wp\/v2\/users\/2341"}],"replies":[{"embeddable":true,"href":"https:\/\/www.nabcoentrances.com\/fr\/wp-json\/wp\/v2\/comments?post=14055"}],"version-history":[{"count":0,"href":"https:\/\/www.nabcoentrances.com\/fr\/wp-json\/wp\/v2\/pages\/14055\/revisions"}],"up":[{"embeddable":true,"href":"https:\/\/www.nabcoentrances.com\/fr\/wp-json\/wp\/v2\/pages\/14577"}],"wp:attachment":[{"href":"https:\/\/www.nabcoentrances.com\/fr\/wp-json\/wp\/v2\/media?parent=14055"}],"curies":[{"name":"wp","href":"https:\/\/api.w.org\/{rel}","templated":true}]}}