{"id":14054,"date":"2016-01-04T14:13:04","date_gmt":"2016-01-04T20:13:04","guid":{"rendered":"https:\/\/www.nabcoentrances.com\/nabco-canada-sw-ontario-london\/"},"modified":"2026-03-24T11:11:31","modified_gmt":"2026-03-24T16:11:31","slug":"nabco-canada-sw-ontario-london","status":"publish","type":"page","link":"https:\/\/www.nabcoentrances.com\/fr\/nabco-canada-sw-ontario-london\/","title":{"rendered":"NABCO Canada &#8211; SW Ontario-London"},"content":{"rendered":"<h2>NABCO Canada &#8211; Sud-ouest de l&#8217;Ontario &#8211; London<\/h2>\n<p>La succursale NABCO de London, en Ontario, offre de nouveaux services d&#8217;installation et de r\u00e9paration de portes automatiques dans tout le sud-ouest de l&#8217;Ontario gr\u00e2ce \u00e0 des techniciens certifi\u00e9s par l&#8217;AAADM. Nous sommes qualifi\u00e9s pour assurer l&#8217;entretien et la maintenance de toute porte automatique, quel qu&#8217;en soit le fabricant, afin de prolonger la dur\u00e9e de vie de l&#8217;\u00e9quipement et de r\u00e9duire le temps d&#8217;immobilisation global n\u00e9cessaire \u00e0 l&#8217;entretien de votre porte.<\/p>\n<p>Appelez ou envoyez un courriel \u00e0 la succursale de London de NABCO Entrances SW Ontario pour l&#8217;entretien, la r\u00e9paration ou l&#8217;installation de portes automatiques d\u00e8s aujourd&#8217;hui !<\/p>\n<h5><a href=\"https:\/\/g.page\/nabco-canada-sw-ontario-london?we\" target=\"_blank\" rel=\"noopener\">Adresse postale :<\/a><\/h5>\n<p>319 Neptune Crescent<br \/>London, ON N6M 1A9<\/p>\n<p><strong>T\u00e9l\u00e9phone :<\/strong> 800-498-2206<\/p>\n<p><strong>Service Email : <\/strong><a href=\"mailto:ServiceOnt@nabcoentrances.com\">ServiceOnt@nabcoentrances.com<\/a><\/p>\n<p><strong>G\u00e9n\u00e9ral : <\/strong><a href=\"mailto:operationsont@nabcoentrances.com\">operationsont@nabcoentrances.com<\/a><\/p><\/p>\n\n<div data-wp-interactive=\"core\/file\" class=\"wp-block-file\"><object data-wp-bind--hidden=\"!state.hasPdfPreview\" hidden class=\"wp-block-file__embed\" data=\"https:\/\/www.nabcoentrances.com\/wp-content\/uploads\/2024\/12\/Ontario-Toronto-Canada-Branch-Service-Map-Brochure.pdf\" type=\"application\/pdf\" style=\"width:100%;height:600px\" aria-label=\"Contenu embarqu\u00e9 Ontario-Toronto Canada Branch Service Map Brochure.\"><\/object><a id=\"wp-block-file--media-48a3b0f0-f827-4a3f-8334-6db1bebc1c14\" href=\"https:\/\/www.nabcoentrances.com\/wp-content\/uploads\/2024\/12\/Ontario-Toronto-Canada-Branch-Service-Map-Brochure.pdf\">Ontario-Toronto Canada Branch Service Map Brochure<\/a><a href=\"https:\/\/www.nabcoentrances.com\/wp-content\/uploads\/2024\/12\/Ontario-Toronto-Canada-Branch-Service-Map-Brochure.pdf\" class=\"wp-block-file__button wp-element-button\" download=\"\" aria-describedby=\"wp-block-file--media-48a3b0f0-f827-4a3f-8334-6db1bebc1c14\">T\u00e9l\u00e9charger<\/a><\/div>\n\n<div class=\"wp-block-jetpack-map\" data-map-id=\"jp-map-1\" data-map-provider=\"mapbox\" data-api-key=\"pk.eyJ1IjoiamhvbmlnYmVyZyIsImEiOiJjbTRidTZvcXIwM3dvMmtxMXhidnl6aHFmIn0.cACZ7PamQkVCtCeyCAcbfg\" data-map-style=\"default\"><ul><li><a href=\"https:\/\/www.google.com\/maps\/search\/?api=1&amp;query=42.990762,-81.138487\">Croissant Neptune<\/a><\/li><\/ul><\/div>\n","protected":false},"excerpt":{"rendered":"<p>NABCO Canada &#8211; Sud-ouest de l&#8217;Ontario &#8211; London La succursale NABCO de London, en Ontario, offre de nouveaux services d&#8217;installation [&hellip;]<\/p>\n","protected":false},"author":1,"featured_media":0,"parent":0,"menu_order":18,"comment_status":"closed","ping_status":"closed","template":"","meta":{"_acf_changed":false,"om_disable_all_campaigns":false,"_monsterinsights_skip_tracking":false,"_monsterinsights_sitenote_active":false,"_monsterinsights_sitenote_note":"","_monsterinsights_sitenote_category":0,"site-sidebar-layout":"default","site-content-layout":"","ast-site-content-layout":"default","site-content-style":"default","site-sidebar-style":"default","ast-global-header-display":"","ast-banner-title-visibility":"","ast-main-header-display":"","ast-hfb-above-header-display":"","ast-hfb-below-header-display":"","ast-hfb-mobile-header-display":"","site-post-title":"","ast-breadcrumbs-content":"","ast-featured-img":"","footer-sml-layout":"","theme-transparent-header-meta":"","adv-header-id-meta":"","stick-header-meta":"","header-above-stick-meta":"","header-main-stick-meta":"","header-below-stick-meta":"","astra-migrate-meta-layouts":"default","ast-page-background-enabled":"default","ast-page-background-meta":{"desktop":{"background-color":"var(--ast-global-color-5)","background-image":"","background-repeat":"repeat","background-position":"center center","background-size":"auto","background-attachment":"scroll","background-type":"","background-media":"","overlay-type":"","overlay-color":"","overlay-opacity":"","overlay-gradient":""},"tablet":{"background-color":"","background-image":"","background-repeat":"repeat","background-position":"center center","background-size":"auto","background-attachment":"scroll","background-type":"","background-media":"","overlay-type":"","overlay-color":"","overlay-opacity":"","overlay-gradient":""},"mobile":{"background-color":"","background-image":"","background-repeat":"repeat","background-position":"center center","background-size":"auto","background-attachment":"scroll","background-type":"","background-media":"","overlay-type":"","overlay-color":"","overlay-opacity":"","overlay-gradient":""}},"ast-content-background-meta":{"desktop":{"background-color":"var(--ast-global-color-4)","background-image":"","background-repeat":"repeat","background-position":"center center","background-size":"auto","background-attachment":"scroll","background-type":"","background-media":"","overlay-type":"","overlay-color":"","overlay-opacity":"","overlay-gradient":""},"tablet":{"background-color":"var(--ast-global-color-4)","background-image":"","background-repeat":"repeat","background-position":"center center","background-size":"auto","background-attachment":"scroll","background-type":"","background-media":"","overlay-type":"","overlay-color":"","overlay-opacity":"","overlay-gradient":""},"mobile":{"background-color":"var(--ast-global-color-4)","background-image":"","background-repeat":"repeat","background-position":"center center","background-size":"auto","background-attachment":"scroll","background-type":"","background-media":"","overlay-type":"","overlay-color":"","overlay-opacity":"","overlay-gradient":""}},"footnotes":"","_links_to":"","_links_to_target":""},"class_list":["post-14054","page","type-page","status-publish","hentry"],"acf":[],"aioseo_notices":[],"jetpack_sharing_enabled":true,"jetpack_shortlink":"https:\/\/wp.me\/P9ZnXU-3EG","_links":{"self":[{"href":"https:\/\/www.nabcoentrances.com\/fr\/wp-json\/wp\/v2\/pages\/14054","targetHints":{"allow":["GET"]}}],"collection":[{"href":"https:\/\/www.nabcoentrances.com\/fr\/wp-json\/wp\/v2\/pages"}],"about":[{"href":"https:\/\/www.nabcoentrances.com\/fr\/wp-json\/wp\/v2\/types\/page"}],"author":[{"embeddable":true,"href":"https:\/\/www.nabcoentrances.com\/fr\/wp-json\/wp\/v2\/users\/1"}],"replies":[{"embeddable":true,"href":"https:\/\/www.nabcoentrances.com\/fr\/wp-json\/wp\/v2\/comments?post=14054"}],"version-history":[{"count":0,"href":"https:\/\/www.nabcoentrances.com\/fr\/wp-json\/wp\/v2\/pages\/14054\/revisions"}],"wp:attachment":[{"href":"https:\/\/www.nabcoentrances.com\/fr\/wp-json\/wp\/v2\/media?parent=14054"}],"curies":[{"name":"wp","href":"https:\/\/api.w.org\/{rel}","templated":true}]}}