{"id":14041,"date":"2020-04-08T13:00:54","date_gmt":"2020-04-08T18:00:54","guid":{"rendered":"https:\/\/www.nabcoentrances.com\/service-de-portes-automatiques-en-floride\/"},"modified":"2026-03-24T11:10:54","modified_gmt":"2026-03-24T16:10:54","slug":"service-de-portes-automatiques-en-floride","status":"publish","type":"page","link":"https:\/\/www.nabcoentrances.com\/fr\/service\/trouver-un-distributeur\/service-de-portes-automatiques-en-floride\/","title":{"rendered":"Service de portes automatiques en Floride"},"content":{"rendered":"\n<h1 class=\"wp-block-heading\">NABCO Florida &#8211; Service &amp; Support<\/h1>\n\n<h2 class=\"wp-block-heading\">NABCO Entrances &#8211; Succursale de Floride<\/h2>\n\n<p>La branche NABCO de Floride propose des services d&#8217;installation de nouvelles portes automatiques et de r\u00e9paration de portes automatiques dans toute la p\u00e9ninsule inf\u00e9rieure, avec des techniciens certifi\u00e9s AAADM \u00e0 Tampa, Orlando et Fort Lauderdale. Nous sommes qualifi\u00e9s pour assurer l&#8217;entretien et la maintenance de toute porte automatique, quel qu&#8217;en soit le fabricant, afin de prolonger la dur\u00e9e de vie de l&#8217;\u00e9quipement et de r\u00e9duire le temps d&#8217;immobilisation global n\u00e9cessaire \u00e0 l&#8217;entretien d&#8217;une porte. <\/p>\n\n<p>Les succursales d&#8217;usine de NABCO Entrances desservent le march\u00e9 de la Floride 24 heures sur 24, 7 jours sur 7 et 365 jours par an. Nos techniciens form\u00e9s en usine et certifi\u00e9s par l&#8217;AAADM sont r\u00e9partis strat\u00e9giquement dans toute la Floride pour fournir un service rapide et de pointe pour toutes les marques et tous les mod\u00e8les de portes pi\u00e9tonnes &#8211; Besam, Dorma, Horton, NABCO, Portalp, Record, Stanley, Tormax, et d&#8217;autres. <\/p>\n\n<p>Avec son r\u00e9seau de distributeurs ind\u00e9pendants, NABCO assure l&#8217;entretien, la modernisation et l&#8217;installation de portes automatiques et manuelles dans toute la Floride. Nos techniciens sont form\u00e9s pour entretenir, r\u00e9parer et moderniser toutes les marques de portes automatiques. Nos camionnettes de service enti\u00e8rement \u00e9quip\u00e9es et notre personnel qualifi\u00e9 nous permettent de fournir un service rapide et fiable 24 heures sur 24, 365 jours par an. Vous pouvez faire confiance \u00e0 NABCO pour r\u00e9pondre \u00e0 tous vos besoins de service \u00e0 un prix comp\u00e9titif.   <\/p>\n\n<p>Appelez ou envoyez un courriel \u00e0 la succursale de NABCO Entrances en Floride pour l&#8217;entretien, la r\u00e9paration ou l&#8217;installation d&#8217;une porte automatique d\u00e8s aujourd&#8217;hui !<\/p>\n\n<h5 class=\"wp-block-heading\"><a href=\"mailto:By%20Email:%20nabcofl@nabcoentrances.com\" target=\"_blank\" rel=\"noopener\" title=\"\">Envoyez un courriel \u00e0 la branche NABCO de Floride<\/a><\/h5>\n\n<h5 class=\"wp-block-heading\"><a href=\"https:\/\/g.page\/nabco-entrances-florida?we\" target=\"_blank\" rel=\"noopener\" title=\"\">Adresse postale :<\/a><\/h5>\n\n<p>4562 Eagle Falls Pl. Bldg D-Bay 7<br\/>Tampa, FL 33619 <\/p>\n\n<p><strong>T\u00e9l\u00e9phone<\/strong>: 800-523-DOOR (3667)<br\/><strong>Fax :<\/strong> 813-623-3453<\/p>\n\n<div data-wp-interactive=\"core\/file\" class=\"wp-block-file\"><object data-wp-bind--hidden=\"!state.hasPdfPreview\" hidden class=\"wp-block-file__embed\" data=\"https:\/\/www.nabcoentrances.com\/wp-content\/uploads\/2025\/01\/Branch-Service-FL-1.pdf\" type=\"application\/pdf\" style=\"width:100%;height:600px\" aria-label=\"PDF embarqu\u00e9\"><\/object><a href=\"https:\/\/www.nabcoentrances.com\/wp-content\/uploads\/2025\/01\/Branch-Service-FL-1.pdf\" class=\"wp-block-file__button wp-element-button\" download=\"\">T\u00e9l\u00e9charger<\/a><\/div>\n\n<div class=\"wp-block-jetpack-map\" data-map-id=\"jp-map-1\" data-map-provider=\"mapbox\" data-api-key=\"pk.eyJ1IjoiamhvbmlnYmVyZyIsImEiOiJjbTRidTZvcXIwM3dvMmtxMXhidnl6aHFmIn0.cACZ7PamQkVCtCeyCAcbfg\" data-map-style=\"default\"><ul><li><a href=\"https:\/\/www.google.com\/maps\/search\/?api=1&amp;query=27.902929,-82.387613\">Place Eagle Falls<\/a><\/li><\/ul><\/div>\n\n<div style=\"height:2px\" aria-hidden=\"true\" class=\"wp-block-spacer\"><\/div>\n","protected":false},"excerpt":{"rendered":"<p>NABCO Florida &#8211; Service &amp; Support NABCO Entrances &#8211; Succursale de Floride La branche NABCO de Floride propose des services [&hellip;]<\/p>\n","protected":false},"author":1484,"featured_media":0,"parent":14586,"menu_order":2,"comment_status":"closed","ping_status":"closed","template":"","meta":{"_acf_changed":false,"om_disable_all_campaigns":false,"_monsterinsights_skip_tracking":false,"_monsterinsights_sitenote_active":false,"_monsterinsights_sitenote_note":"","_monsterinsights_sitenote_category":0,"site-sidebar-layout":"default","site-content-layout":"","ast-site-content-layout":"default","site-content-style":"default","site-sidebar-style":"default","ast-global-header-display":"","ast-banner-title-visibility":"","ast-main-header-display":"","ast-hfb-above-header-display":"","ast-hfb-below-header-display":"","ast-hfb-mobile-header-display":"","site-post-title":"","ast-breadcrumbs-content":"","ast-featured-img":"","footer-sml-layout":"","theme-transparent-header-meta":"","adv-header-id-meta":"","stick-header-meta":"","header-above-stick-meta":"","header-main-stick-meta":"","header-below-stick-meta":"","astra-migrate-meta-layouts":"default","ast-page-background-enabled":"default","ast-page-background-meta":{"desktop":{"background-color":"var(--ast-global-color-5)","background-image":"","background-repeat":"repeat","background-position":"center center","background-size":"auto","background-attachment":"scroll","background-type":"","background-media":"","overlay-type":"","overlay-color":"","overlay-opacity":"","overlay-gradient":""},"tablet":{"background-color":"","background-image":"","background-repeat":"repeat","background-position":"center center","background-size":"auto","background-attachment":"scroll","background-type":"","background-media":"","overlay-type":"","overlay-color":"","overlay-opacity":"","overlay-gradient":""},"mobile":{"background-color":"","background-image":"","background-repeat":"repeat","background-position":"center center","background-size":"auto","background-attachment":"scroll","background-type":"","background-media":"","overlay-type":"","overlay-color":"","overlay-opacity":"","overlay-gradient":""}},"ast-content-background-meta":{"desktop":{"background-color":"var(--ast-global-color-4)","background-image":"","background-repeat":"repeat","background-position":"center center","background-size":"auto","background-attachment":"scroll","background-type":"","background-media":"","overlay-type":"","overlay-color":"","overlay-opacity":"","overlay-gradient":""},"tablet":{"background-color":"var(--ast-global-color-4)","background-image":"","background-repeat":"repeat","background-position":"center center","background-size":"auto","background-attachment":"scroll","background-type":"","background-media":"","overlay-type":"","overlay-color":"","overlay-opacity":"","overlay-gradient":""},"mobile":{"background-color":"var(--ast-global-color-4)","background-image":"","background-repeat":"repeat","background-position":"center center","background-size":"auto","background-attachment":"scroll","background-type":"","background-media":"","overlay-type":"","overlay-color":"","overlay-opacity":"","overlay-gradient":""}},"jetpack_post_was_ever_published":false,"footnotes":"","_links_to":"","_links_to_target":""},"class_list":["post-14041","page","type-page","status-publish","hentry"],"acf":[],"aioseo_notices":[],"jetpack_sharing_enabled":true,"jetpack_shortlink":"https:\/\/wp.me\/P9ZnXU-3Et","_links":{"self":[{"href":"https:\/\/www.nabcoentrances.com\/fr\/wp-json\/wp\/v2\/pages\/14041","targetHints":{"allow":["GET"]}}],"collection":[{"href":"https:\/\/www.nabcoentrances.com\/fr\/wp-json\/wp\/v2\/pages"}],"about":[{"href":"https:\/\/www.nabcoentrances.com\/fr\/wp-json\/wp\/v2\/types\/page"}],"author":[{"embeddable":true,"href":"https:\/\/www.nabcoentrances.com\/fr\/wp-json\/wp\/v2\/users\/1484"}],"replies":[{"embeddable":true,"href":"https:\/\/www.nabcoentrances.com\/fr\/wp-json\/wp\/v2\/comments?post=14041"}],"version-history":[{"count":0,"href":"https:\/\/www.nabcoentrances.com\/fr\/wp-json\/wp\/v2\/pages\/14041\/revisions"}],"up":[{"embeddable":true,"href":"https:\/\/www.nabcoentrances.com\/fr\/wp-json\/wp\/v2\/pages\/14586"}],"wp:attachment":[{"href":"https:\/\/www.nabcoentrances.com\/fr\/wp-json\/wp\/v2\/media?parent=14041"}],"curies":[{"name":"wp","href":"https:\/\/api.w.org\/{rel}","templated":true}]}}