{"id":12048,"date":"2024-12-03T11:06:45","date_gmt":"2024-12-03T17:06:45","guid":{"rendered":"https:\/\/www.nabcoentrances.com\/certification-des-inspecteurs-de-laaadm-formation-a-laudit\/"},"modified":"2026-03-24T11:09:41","modified_gmt":"2026-03-24T16:09:41","slug":"certification-des-inspecteurs-de-laaadm-formation-a-laudit","status":"publish","type":"page","link":"https:\/\/www.nabcoentrances.com\/fr\/service\/certification-des-inspecteurs-de-laaadm-formation-a-laudit\/","title":{"rendered":"Certification des inspecteurs de l&#8217;AAADM\/Formation \u00e0 l&#8217;audit"},"content":{"rendered":"\n<h2 class=\"wp-block-heading\">Certification des inspecteurs de l&#8217;AAADM\/Formation \u00e0 l&#8217;audit<\/h2>\n\n<p class=\"has-medium-font-size\"><strong>Cours de formation de l&#8217;AAADM (Association am\u00e9ricaine des fabricants de portes automatiques)<\/strong><\/p>\n\n<p><strong>Qu&#8217;est-ce que la certification des inspecteurs de l&#8217;AAADM ?<\/strong><\/p>\n\n<ul class=\"wp-block-list\">\n<li>Les cours de formation certifi\u00e9s par l&#8217;AAADM constituent un programme de formation et de v\u00e9rification \u00e9tabli pour les inspecteurs de portes automatiques. Ces cours de 2 jours sont conformes aux normes ANSI\/BHMA en vigueur pour les portes pivotantes\/coulissantes et pliantes<strong>(A156.10, .19, .38<\/strong>). <\/li>\n\n\n\n<li>La certification AAADM doit \u00eatre demand\u00e9e. <span style=\"box-sizing: border-box; margin: 0px; padding: 0px;\">Pour obtenir la certification AAADM, les candidats doivent suivre et <u><em>r\u00e9ussir le<\/em><\/u> cours de formation AAADM.<\/span><\/li>\n\n\n\n<li>Le candidat sera accr\u00e9dit\u00e9, enregistr\u00e9 et certifi\u00e9 en tant qu&#8217;inspecteur certifi\u00e9 par l&#8217;AAADM \u00e0 l&#8217;issue du programme.\n<ul class=\"wp-block-list\">\n<li class=\"has-medium-font-size\"><a href=\"https:\/\/www.aaadm.com\/aaadm-certification-training\/index.html\" target=\"_blank\" rel=\"noopener\" title=\"\"><strong>Aper\u00e7u g\u00e9n\u00e9ral de la certification AAADM<\/strong><\/a><\/li>\n<\/ul>\n<\/li>\n<\/ul>\n\n<p><strong>Qu&#8217;est-ce que la formation \u00e0 l&#8217;audit de l&#8217;AAADM ?<\/strong><\/p>\n\n<ul class=\"wp-block-list\">\n<li>Les cours de formation certifi\u00e9s par l&#8217;AAADM sont \u00e9galement disponibles pour ceux qui ne remplissent pas les crit\u00e8res pour devenir inspecteurs certifi\u00e9s par l&#8217;AAADM (par exemple, les architectes, les ing\u00e9nieurs, les vendeurs, les coordinateurs de projet, les entrepreneurs, etc.)<\/li>\n\n\n\n<li>Ceux qui souhaitent approfondir leurs connaissances et leur formation dans l&#8217;industrie des portes automatiques en ce qui concerne les vitesses, la s\u00e9curit\u00e9 et la signalisation d\u00e9finies par les normes ANSI\/BHMA actuelles pour les portes pivotantes\/coulissantes et les portes pliantes<strong>(A156.10, .19, .38<\/strong>), peuvent <strong><em>AUDIT<\/em><\/strong> un cours de formation certifi\u00e9 par l&#8217;AAADM.  <\/li>\n\n\n\n<li><span style=\"box-sizing: border-box; margin: 0px; padding: 0px;\">The auditor&nbsp;<em>will not<\/em>&nbsp;be credentialed or registered as an AAADM Inspector upon completion<\/span>.\n<ul class=\"wp-block-list\">\n<li class=\"has-medium-font-size\"><strong><a href=\"https:\/\/www.nabcoentrances.com\/wp-content\/uploads\/2025\/09\/Audit-Application-August-2025.pdf\" title=\"\">Lien vers la demande d&#8217;audit<\/a><\/strong><\/li>\n<\/ul>\n<\/li>\n<\/ul>\n\n<p><strong>Quelles sont les conditions requises pour devenir inspecteur agr\u00e9\u00e9 par l&#8217;AAADM ?<\/strong><\/p>\n\n<ol class=\"wp-block-list\">\n<li>Applicants must be employed by an AAADM full member company <strong>OR<\/strong> a business that is a <strong>Distributor <\/strong>of Automatic Pedestrian Doors by an AAADM full member Company, <strong>OR<\/strong> a company that derives <strong>50% of its business<\/strong> from the sale, installation, or service of Full Power Automatic Pedestrian Doors &amp; products that comply with ANSI\/BHMA A156.10.&nbsp;&nbsp;&nbsp;&nbsp;&nbsp;&nbsp;\n<ul class=\"wp-block-list\">\n<li class=\"has-medium-font-size\"><strong><a href=\"https:\/\/www.aaadm.com\/member-directory\/index.html\" target=\"_blank\" rel=\"noopener\" title=\"\">Entreprises membres \u00e0 part enti\u00e8re de l&#8217;AAADM<\/a><\/strong><\/li>\n<\/ul>\n<\/li>\n\n\n\n<li>Les candidats doivent avoir travaill\u00e9 dans l&#8217;industrie des portes pi\u00e9tonnes pendant les <strong>6 mois<\/strong> pr\u00e9c\u00e9dant imm\u00e9diatement la demande d&#8217;un cours de formation certifi\u00e9 par l&#8217;AAADM <strong>OU<\/strong> avoir travaill\u00e9 dans l&#8217;industrie des portes pi\u00e9tonnes automatiques pendant <strong>3 mois ET<\/strong> avoir suivi un cours de formation en usine d&#8217;un membre \u00e0 part enti\u00e8re de l&#8217;AAADM.<\/li>\n\n\n\n<li>Applicants must complete the AAADM Application and License Agreement and then be vetted by an AAADM Certified Trainer.&nbsp; \n<ul class=\"wp-block-list\">\n<li class=\"has-medium-font-size\"><strong><a href=\"https:\/\/www.nabcoentrances.com\/wp-content\/uploads\/2025\/09\/Inspector-Application-Agreement-2025.pdf\" title=\"\">Lien vers l&#8217;application et l&#8217;accord de licence de l&#8217;AAADM<\/a><\/strong><\/li>\n<\/ul>\n<\/li>\n\n\n\n<li>Applicants must remit $350 to AAADM.com <strong>three weeks<\/strong> preceding the AAADM Certified Training Courses and be able to provide a hard copy of their receipt to the AAADM Certified Trainer.&nbsp;&nbsp;&nbsp;&nbsp;&nbsp;&nbsp;&nbsp;&nbsp;&nbsp;&nbsp;&nbsp;&nbsp;&nbsp;&nbsp;&nbsp;&nbsp;&nbsp; \n<ul class=\"wp-block-list\">\n<li class=\"has-medium-font-size\"><a href=\"https:\/\/www.aaadm.com\/paypal\/certification.htm\" target=\"_blank\" rel=\"noopener\" title=\"\"><strong>Lien vers le paiement de l&#8217;AAADM<\/strong><\/a><\/li>\n<\/ul>\n<\/li>\n\n\n\n<li>Les candidats doivent assister et participer \u00e0 l&#8217;int\u00e9gralit\u00e9 du cours de formation certifi\u00e9 AAADM de deux jours et r\u00e9ussir un examen \u00e0 choix multiples de 50 questions avec une note de 80 % ou plus, administr\u00e9 \u00e0 la fin du deuxi\u00e8me jour. Le centre de formation NABCO est situ\u00e9 dans notre succursale, \u00e0 c\u00f4t\u00e9 de notre si\u00e8ge social : <\/li>\n<\/ol>\n\n<h3 class=\"wp-block-heading\"><strong>Centre de formation du Wisconsin : <a href=\"https:\/\/maps.app.goo.gl\/y2jh55yLdEJskPcf9\" target=\"_blank\" rel=\"noopener\" title=\"\">S81 W18475 Gemini Drive, Muskego, WI 53150<\/a><\/strong><\/h3>\n\n<figure class=\"wp-block-image size-full is-resized\"><img data-recalc-dims=\"1\" fetchpriority=\"high\" decoding=\"async\" width=\"4032\" height=\"3024\" src=\"https:\/\/i0.wp.com\/www.nabcoentrances.com\/wp-content\/uploads\/2024\/12\/IMG_5041.jpg?resize=4032%2C3024&#038;ssl=1\" alt=\"\" class=\"wp-image-10939\" style=\"width:839px;height:auto\"\/><\/figure>\n\n<p><\/p>\n\n<p><strong>Comment puis-je g\u00e9rer mon titre d&#8217;inspecteur certifi\u00e9 de l&#8217;AAADM ?<\/strong><\/p>\n\n<ul class=\"wp-block-list\">\n<li>Une fois certifi\u00e9, l&#8217;inspecteur doit se connecter \u00e0 <a href=\"http:\/\/MYAAADM.com\" target=\"_blank\" rel=\"noopener\" title=\"\">MYAAADM.com<\/a> en utilisant son adresse \u00e9lectronique et son num\u00e9ro d&#8217;inspecteur (num\u00e9ro d&#8217;accr\u00e9ditation). Un mot de passe doit \u00eatre d\u00e9fini pour mettre \u00e0 jour les informations personnelles et celles relatives \u00e0 l&#8217;employeur, imprimer les certificats\/carte d&#8217;identit\u00e9 d&#8217;inspecteur et payer les frais de renouvellement futurs.<\/li>\n\n\n\n<li>Si une assistance ou un contact suppl\u00e9mentaire est n\u00e9cessaire, les inspecteurs peuvent contacter l&#8217;AAADM au <strong>(216) 241-7333<\/strong> ou par courriel : <a href=\"mailto:AAADM@AAADM.com\"><strong>AAADM@AAADM.com<\/strong><\/a><\/li>\n<\/ul>\n\n<p><strong>Autres t\u00e9l\u00e9chargements :<\/strong><\/p>\n\n<ul class=\"wp-block-list\">\n<li>Calendrier des formations 2026 &#8211; <a href=\"https:\/\/www.nabcoentrances.com\/wp-content\/uploads\/2026\/02\/2026-Product-and-AAADM-Training-Dates_V2.pdf\" target=\"_blank\" rel=\"noopener\" title=\"PDF (EN ANGLAIS)\">PDF<\/a><\/li>\n\n\n\n<li>Demande de formation &#8211; <a href=\"https:\/\/www.nabcoentrances.com\/wp-content\/uploads\/2025\/11\/2026-Fillable-Product-Training-Application.pdf\" target=\"_blank\" rel=\"noopener\" title=\"\">PDF<\/a><\/li>\n\n\n\n<li>H\u00e9bergement dans la r\u00e9gion de Muskego &#8211; <a href=\"https:\/\/nabcoentrances.wpenginepowered.com\/wp-content\/uploads\/2024\/09\/Hotel-Information.pdf\" target=\"_blank\" rel=\"noopener\" title=\"\">PDF<\/a><\/li>\n<\/ul>\n\n<figure class=\"wp-block-image\"><a href=\"https:\/\/www.aaadm.com\/index.html\" target=\"_blank\" rel=\"noreferrer noopener\"><img decoding=\"async\" src=\"https:\/\/i0.wp.com\/www.nabcoentrances.com\/wp-content\/uploads\/2024\/01\/AAADM-logo-newhorizontal.png?ssl=1\" alt=\"\"\/><\/a><\/figure>\n","protected":false},"excerpt":{"rendered":"<p>Certification des inspecteurs de l&#8217;AAADM\/Formation \u00e0 l&#8217;audit Cours de formation de l&#8217;AAADM (Association am\u00e9ricaine des fabricants de portes automatiques) Qu&#8217;est-ce [&hellip;]<\/p>\n","protected":false},"author":2341,"featured_media":0,"parent":14677,"menu_order":1,"comment_status":"closed","ping_status":"closed","template":"","meta":{"_acf_changed":false,"om_disable_all_campaigns":false,"_monsterinsights_skip_tracking":false,"_monsterinsights_sitenote_active":false,"_monsterinsights_sitenote_note":"","_monsterinsights_sitenote_category":0,"site-sidebar-layout":"default","site-content-layout":"","ast-site-content-layout":"default","site-content-style":"default","site-sidebar-style":"default","ast-global-header-display":"","ast-banner-title-visibility":"","ast-main-header-display":"","ast-hfb-above-header-display":"","ast-hfb-below-header-display":"","ast-hfb-mobile-header-display":"","site-post-title":"","ast-breadcrumbs-content":"","ast-featured-img":"","footer-sml-layout":"","theme-transparent-header-meta":"","adv-header-id-meta":"","stick-header-meta":"","header-above-stick-meta":"","header-main-stick-meta":"","header-below-stick-meta":"","astra-migrate-meta-layouts":"default","ast-page-background-enabled":"default","ast-page-background-meta":{"desktop":{"background-color":"var(--ast-global-color-5)","background-image":"","background-repeat":"repeat","background-position":"center center","background-size":"auto","background-attachment":"scroll","background-type":"","background-media":"","overlay-type":"","overlay-color":"","overlay-opacity":"","overlay-gradient":""},"tablet":{"background-color":"","background-image":"","background-repeat":"repeat","background-position":"center center","background-size":"auto","background-attachment":"scroll","background-type":"","background-media":"","overlay-type":"","overlay-color":"","overlay-opacity":"","overlay-gradient":""},"mobile":{"background-color":"","background-image":"","background-repeat":"repeat","background-position":"center center","background-size":"auto","background-attachment":"scroll","background-type":"","background-media":"","overlay-type":"","overlay-color":"","overlay-opacity":"","overlay-gradient":""}},"ast-content-background-meta":{"desktop":{"background-color":"var(--ast-global-color-4)","background-image":"","background-repeat":"repeat","background-position":"center center","background-size":"auto","background-attachment":"scroll","background-type":"","background-media":"","overlay-type":"","overlay-color":"","overlay-opacity":"","overlay-gradient":""},"tablet":{"background-color":"var(--ast-global-color-4)","background-image":"","background-repeat":"repeat","background-position":"center center","background-size":"auto","background-attachment":"scroll","background-type":"","background-media":"","overlay-type":"","overlay-color":"","overlay-opacity":"","overlay-gradient":""},"mobile":{"background-color":"var(--ast-global-color-4)","background-image":"","background-repeat":"repeat","background-position":"center center","background-size":"auto","background-attachment":"scroll","background-type":"","background-media":"","overlay-type":"","overlay-color":"","overlay-opacity":"","overlay-gradient":""}},"jetpack_post_was_ever_published":false,"footnotes":"","_links_to":"","_links_to_target":""},"class_list":["post-12048","page","type-page","status-publish","hentry"],"acf":[],"aioseo_notices":[],"jetpack_sharing_enabled":true,"jetpack_shortlink":"https:\/\/wp.me\/P9ZnXU-38k","_links":{"self":[{"href":"https:\/\/www.nabcoentrances.com\/fr\/wp-json\/wp\/v2\/pages\/12048","targetHints":{"allow":["GET"]}}],"collection":[{"href":"https:\/\/www.nabcoentrances.com\/fr\/wp-json\/wp\/v2\/pages"}],"about":[{"href":"https:\/\/www.nabcoentrances.com\/fr\/wp-json\/wp\/v2\/types\/page"}],"author":[{"embeddable":true,"href":"https:\/\/www.nabcoentrances.com\/fr\/wp-json\/wp\/v2\/users\/2341"}],"replies":[{"embeddable":true,"href":"https:\/\/www.nabcoentrances.com\/fr\/wp-json\/wp\/v2\/comments?post=12048"}],"version-history":[{"count":0,"href":"https:\/\/www.nabcoentrances.com\/fr\/wp-json\/wp\/v2\/pages\/12048\/revisions"}],"up":[{"embeddable":true,"href":"https:\/\/www.nabcoentrances.com\/fr\/wp-json\/wp\/v2\/pages\/14677"}],"wp:attachment":[{"href":"https:\/\/www.nabcoentrances.com\/fr\/wp-json\/wp\/v2\/media?parent=12048"}],"curies":[{"name":"wp","href":"https:\/\/api.w.org\/{rel}","templated":true}]}}